{"id":8919,"date":"2026-04-09T12:25:33","date_gmt":"2026-04-09T10:25:33","guid":{"rendered":"https:\/\/energirona.com\/climatisation-saunier-duval\/"},"modified":"2026-04-09T12:33:21","modified_gmt":"2026-04-09T10:33:21","slug":"climatisation-saunier-duval","status":"publish","type":"page","link":"https:\/\/energirona.com\/fr\/climatisation-saunier-duval\/","title":{"rendered":"Climatisation Saunier Duval"},"content":{"rendered":"<p>[et_pb_section fb_built=&#8221;1&#8243; _builder_version=&#8221;4.20.0&#8243; _module_preset=&#8221;default&#8221; background_color=&#8221;#368a82&#8243; custom_padding=&#8221;32px||32px||true|false&#8221; global_colors_info=&#8221;{}&#8221;][et_pb_row column_structure=&#8221;1_2,1_2&#8243; _builder_version=&#8221;4.20.0&#8243; _module_preset=&#8221;default&#8221; custom_padding=&#8221;0px||0px||true|false&#8221; custom_css_main_element=&#8221;display: flex;||align-items: center;&#8221; global_colors_info=&#8221;{}&#8221; custom_css_main_element_last_edited=&#8221;on|tablet&#8221; custom_css_main_element_tablet=&#8221;display: block;&#8221; custom_css_main_element_phone=&#8221;display: block;&#8221;][et_pb_column type=&#8221;1_2&#8243; _builder_version=&#8221;4.20.0&#8243; _module_preset=&#8221;default&#8221; global_colors_info=&#8221;{}&#8221;][et_pb_text _builder_version=&#8221;4.20.0&#8243; _module_preset=&#8221;default&#8221; header_font=&#8221;|700|||||||&#8221; header_text_color=&#8221;#FFFFFF&#8221; global_colors_info=&#8221;{}&#8221;]<\/p>\n<h1>Climatisation Saunier Duval<\/h1>\n<p>[\/et_pb_text][\/et_pb_column][et_pb_column type=&#8221;1_2&#8243; _builder_version=&#8221;4.20.0&#8243; _module_preset=&#8221;default&#8221; global_colors_info=&#8221;{}&#8221;][et_pb_image src=&#8221;https:\/\/energirona.com\/wp-content\/uploads\/2023\/03\/energirona-marcas-logo-saunier-duval.jpg&#8221; title_text=&#8221;marque-energirona-logo-saunier-duval&#8221; align=&#8221;right&#8221; _builder_version=&#8221;4.27.6&#8243; _module_preset=&#8221;default&#8221; width=&#8221;182px&#8221; hover_enabled=&#8221;0&#8243; border_radii=&#8221;on|6px|6px|6px|6px&#8221; global_colors_info=&#8221;{}&#8221; alt=&#8221;marque-energirona-logo-saunier-duval&#8221; sticky_enabled=&#8221;0&#8243;][\/et_pb_image][\/et_pb_column][\/et_pb_row][\/et_pb_section][et_pb_section fb_built=&#8221;1&#8243; _builder_version=&#8221;4.20.0&#8243; _module_preset=&#8221;default&#8221; global_colors_info=&#8221;{}&#8221;][et_pb_row _builder_version=&#8221;4.20.0&#8243; _module_preset=&#8221;default&#8221; global_colors_info=&#8221;{}&#8221;][et_pb_column type=&#8221;4_4&#8243; _builder_version=&#8221;4.20.0&#8243; _module_preset=&#8221;default&#8221; global_colors_info=&#8221;{}&#8221;][et_pb_text _builder_version=&#8221;4.27.6&#8243; _module_preset=&#8221;default&#8221; hover_enabled=&#8221;0&#8243; global_colors_info=&#8221;{}&#8221; sticky_enabled=&#8221;0&#8243;]Saunier Duval est une marque de r\u00e9f\u00e9rence dans le secteur de la climatisation, reconnue pour sa fiabilit\u00e9, son innovation et son engagement en faveur de l\u2019efficacit\u00e9 \u00e9nerg\u00e9tique. Avec une solide pr\u00e9sence en Europe, elle se distingue par des solutions con\u00e7ues pour garantir un confort maximal dans les foyers et les entreprises.<\/p>\n<p>Ses syst\u00e8mes de climatisation combinent une technologie avanc\u00e9e, un fonctionnement silencieux et de hautes performances \u00e9nerg\u00e9tiques, permettant de maintenir une temp\u00e9rature optimale tout au long de l\u2019ann\u00e9e avec une consommation ma\u00eetris\u00e9e. De plus, ils sont con\u00e7us pour offrir une exp\u00e9rience d\u2019utilisation simple et intuitive.<\/p>\n<p>La marque s\u2019engage en faveur de solutions durables, en int\u00e9grant des r\u00e9frig\u00e9rants plus respectueux de l\u2019environnement et des syst\u00e8mes qui optimisent la consommation \u00e9nerg\u00e9tique sans compromettre les performances. Le tout accompagn\u00e9 d\u2019un design moderne et fonctionnel qui s\u2019adapte \u00e0 tout type d\u2019espace.<\/p>\n<p>Choisir Saunier Duval, c\u2019est faire confiance \u00e0 une climatisation efficace, durable et soutenue par une marque disposant d\u2019une vaste exp\u00e9rience et d\u2019une reconnaissance dans le secteur.[\/et_pb_text][et_pb_custblog post_type=&#8221;productos&#8221; include_categories_marcas=&#8221;128,187&#8243; fullwidth=&#8221;off&#8221; use_manual_excerpt=&#8221;off&#8221; show_author=&#8221;off&#8221; show_date=&#8221;off&#8221; show_categories=&#8221;off&#8221; show_excerpt=&#8221;off&#8221; _builder_version=&#8221;4.27.6&#8243; _module_preset=&#8221;default&#8221; header_level=&#8221;h3&#8243; header_font=&#8221;|700|||||||&#8221; child_mix_blend_mode=&#8221;multiply&#8221; hover_enabled=&#8221;0&#8243; border_width_all=&#8221;0px&#8221; global_colors_info=&#8221;{}&#8221; sticky_enabled=&#8221;0&#8243;][\/et_pb_custblog][\/et_pb_column][\/et_pb_row][\/et_pb_section]<\/p>\n","protected":false},"excerpt":{"rendered":"<p>Climatisation Saunier DuvalSaunier Duval est une marque de r\u00e9f\u00e9rence dans le secteur de la climatisation, reconnue pour sa fiabilit\u00e9, son innovation et son engagement en faveur de l\u2019efficacit\u00e9 \u00e9nerg\u00e9tique. Avec une solide pr\u00e9sence en Europe, elle se distingue par des solutions con\u00e7ues pour garantir un confort maximal dans les foyers et les entreprises. Ses syst\u00e8mes [&hellip;]<\/p>\n","protected":false},"author":1,"featured_media":0,"parent":0,"menu_order":0,"comment_status":"closed","ping_status":"closed","template":"","meta":{"_acf_changed":false,"_et_pb_use_builder":"on","_et_pb_old_content":"","_et_gb_content_width":"","footnotes":""},"class_list":["post-8919","page","type-page","status-publish","hentry"],"acf":[],"yoast_head":"<!-- This site is optimized with the Yoast SEO plugin v27.3 - https:\/\/yoast.com\/product\/yoast-seo-wordpress\/ -->\n<title>Climatisation Saunier Duval - Energirona<\/title>\n<meta name=\"robots\" content=\"index, follow, max-snippet:-1, max-image-preview:large, max-video-preview:-1\" \/>\n<link rel=\"canonical\" href=\"https:\/\/energirona.com\/fr\/climatisation-saunier-duval\/\" \/>\n<meta property=\"og:locale\" content=\"fr_FR\" \/>\n<meta property=\"og:type\" content=\"article\" \/>\n<meta property=\"og:title\" content=\"Climatisation Saunier Duval - Energirona\" \/>\n<meta property=\"og:description\" content=\"Climatisation Saunier DuvalSaunier Duval est une marque de r\u00e9f\u00e9rence dans le secteur de la climatisation, reconnue pour sa fiabilit\u00e9, son innovation et son engagement en faveur de l\u2019efficacit\u00e9 \u00e9nerg\u00e9tique. Avec une solide pr\u00e9sence en Europe, elle se distingue par des solutions con\u00e7ues pour garantir un confort maximal dans les foyers et les entreprises. Ses syst\u00e8mes [&hellip;]\" \/>\n<meta property=\"og:url\" content=\"https:\/\/energirona.com\/fr\/climatisation-saunier-duval\/\" \/>\n<meta property=\"og:site_name\" content=\"Energirona\" \/>\n<meta property=\"article:modified_time\" content=\"2026-04-09T10:33:21+00:00\" \/>\n<meta name=\"twitter:card\" content=\"summary_large_image\" \/>\n<meta name=\"twitter:label1\" content=\"Dur\u00e9e de lecture estim\u00e9e\" \/>\n\t<meta name=\"twitter:data1\" content=\"2 minutes\" \/>\n<!-- \/ Yoast SEO plugin. -->","yoast_head_json":{"title":"Climatisation Saunier Duval - Energirona","robots":{"index":"index","follow":"follow","max-snippet":"max-snippet:-1","max-image-preview":"max-image-preview:large","max-video-preview":"max-video-preview:-1"},"canonical":"https:\/\/energirona.com\/fr\/climatisation-saunier-duval\/","og_locale":"fr_FR","og_type":"article","og_title":"Climatisation Saunier Duval - Energirona","og_description":"Climatisation Saunier DuvalSaunier Duval est une marque de r\u00e9f\u00e9rence dans le secteur de la climatisation, reconnue pour sa fiabilit\u00e9, son innovation et son engagement en faveur de l\u2019efficacit\u00e9 \u00e9nerg\u00e9tique. Avec une solide pr\u00e9sence en Europe, elle se distingue par des solutions con\u00e7ues pour garantir un confort maximal dans les foyers et les entreprises. Ses syst\u00e8mes [&hellip;]","og_url":"https:\/\/energirona.com\/fr\/climatisation-saunier-duval\/","og_site_name":"Energirona","article_modified_time":"2026-04-09T10:33:21+00:00","twitter_card":"summary_large_image","twitter_misc":{"Dur\u00e9e de lecture estim\u00e9e":"2 minutes"},"schema":{"@context":"https:\/\/schema.org","@graph":[{"@type":"WebPage","@id":"https:\/\/energirona.com\/fr\/climatisation-saunier-duval\/","url":"https:\/\/energirona.com\/fr\/climatisation-saunier-duval\/","name":"Climatisation Saunier Duval - Energirona","isPartOf":{"@id":"https:\/\/energirona.com\/fr\/#website"},"datePublished":"2026-04-09T10:25:33+00:00","dateModified":"2026-04-09T10:33:21+00:00","breadcrumb":{"@id":"https:\/\/energirona.com\/fr\/climatisation-saunier-duval\/#breadcrumb"},"inLanguage":"fr-FR","potentialAction":[{"@type":"ReadAction","target":["https:\/\/energirona.com\/fr\/climatisation-saunier-duval\/"]}]},{"@type":"BreadcrumbList","@id":"https:\/\/energirona.com\/fr\/climatisation-saunier-duval\/#breadcrumb","itemListElement":[{"@type":"ListItem","position":1,"name":"Portada","item":"https:\/\/energirona.com\/fr\/accueil\/"},{"@type":"ListItem","position":2,"name":"Climatisation Saunier Duval"}]},{"@type":"WebSite","@id":"https:\/\/energirona.com\/fr\/#website","url":"https:\/\/energirona.com\/fr\/","name":"Energirona","description":"","publisher":{"@id":"https:\/\/energirona.com\/fr\/#organization"},"potentialAction":[{"@type":"SearchAction","target":{"@type":"EntryPoint","urlTemplate":"https:\/\/energirona.com\/fr\/?s={search_term_string}"},"query-input":{"@type":"PropertyValueSpecification","valueRequired":true,"valueName":"search_term_string"}}],"inLanguage":"fr-FR"},{"@type":"Organization","@id":"https:\/\/energirona.com\/fr\/#organization","name":"Energirona","url":"https:\/\/energirona.com\/fr\/","logo":{"@type":"ImageObject","inLanguage":"fr-FR","@id":"https:\/\/energirona.com\/fr\/#\/schema\/logo\/image\/","url":"https:\/\/energirona.com\/wp-content\/uploads\/2023\/02\/logo-energirona.png","contentUrl":"https:\/\/energirona.com\/wp-content\/uploads\/2023\/02\/logo-energirona.png","width":313,"height":57,"caption":"Energirona"},"image":{"@id":"https:\/\/energirona.com\/fr\/#\/schema\/logo\/image\/"}}]}},"_links":{"self":[{"href":"https:\/\/energirona.com\/fr\/wp-json\/wp\/v2\/pages\/8919","targetHints":{"allow":["GET"]}}],"collection":[{"href":"https:\/\/energirona.com\/fr\/wp-json\/wp\/v2\/pages"}],"about":[{"href":"https:\/\/energirona.com\/fr\/wp-json\/wp\/v2\/types\/page"}],"author":[{"embeddable":true,"href":"https:\/\/energirona.com\/fr\/wp-json\/wp\/v2\/users\/1"}],"replies":[{"embeddable":true,"href":"https:\/\/energirona.com\/fr\/wp-json\/wp\/v2\/comments?post=8919"}],"version-history":[{"count":2,"href":"https:\/\/energirona.com\/fr\/wp-json\/wp\/v2\/pages\/8919\/revisions"}],"predecessor-version":[{"id":8921,"href":"https:\/\/energirona.com\/fr\/wp-json\/wp\/v2\/pages\/8919\/revisions\/8921"}],"wp:attachment":[{"href":"https:\/\/energirona.com\/fr\/wp-json\/wp\/v2\/media?parent=8919"}],"curies":[{"name":"wp","href":"https:\/\/api.w.org\/{rel}","templated":true}]}}