{"id":8884,"date":"2026-04-09T12:08:49","date_gmt":"2026-04-09T10:08:49","guid":{"rendered":"https:\/\/energirona.com\/climatisation-suneco\/"},"modified":"2026-04-09T12:31:40","modified_gmt":"2026-04-09T10:31:40","slug":"climatisation-suneco","status":"publish","type":"page","link":"https:\/\/energirona.com\/fr\/climatisation-suneco\/","title":{"rendered":"Climatisation Suneco"},"content":{"rendered":"<p>[et_pb_section fb_built=&#8221;1&#8243; _builder_version=&#8221;4.20.0&#8243; _module_preset=&#8221;default&#8221; background_color=&#8221;#368a82&#8243; custom_padding=&#8221;32px||32px||true|false&#8221; global_colors_info=&#8221;{}&#8221;][et_pb_row column_structure=&#8221;1_2,1_2&#8243; _builder_version=&#8221;4.20.0&#8243; _module_preset=&#8221;default&#8221; custom_padding=&#8221;0px||0px||true|false&#8221; hover_enabled=&#8221;0&#8243; custom_css_main_element=&#8221;display: flex;||align-items: center;&#8221; global_colors_info=&#8221;{}&#8221; custom_css_main_element_last_edited=&#8221;on|tablet&#8221; custom_css_main_element_tablet=&#8221;display: block;&#8221; custom_css_main_element_phone=&#8221;display: block;&#8221; sticky_enabled=&#8221;0&#8243;][et_pb_column type=&#8221;1_2&#8243; _builder_version=&#8221;4.20.0&#8243; _module_preset=&#8221;default&#8221; global_colors_info=&#8221;{}&#8221;][et_pb_text _builder_version=&#8221;4.27.6&#8243; _module_preset=&#8221;default&#8221; header_font=&#8221;|700|||||||&#8221; header_text_color=&#8221;#FFFFFF&#8221; global_colors_info=&#8221;{}&#8221;]<\/p>\n<h1>Climatisation Suneco<\/h1>\n<p>[\/et_pb_text][\/et_pb_column][et_pb_column type=&#8221;1_2&#8243; _builder_version=&#8221;4.20.0&#8243; _module_preset=&#8221;default&#8221; global_colors_info=&#8221;{}&#8221;][et_pb_image src=&#8221;https:\/\/energirona.com\/wp-content\/uploads\/2026\/04\/image-3-5.png&#8221; alt=&#8221;marque-energirona-logo-saunier-duval&#8221; title_text=&#8221;image 3 (5)&#8221; align=&#8221;right&#8221; _builder_version=&#8221;4.27.6&#8243; _module_preset=&#8221;default&#8221; width=&#8221;92px&#8221; hover_enabled=&#8221;0&#8243; border_radii=&#8221;on|6px|6px|6px|6px&#8221; global_colors_info=&#8221;{}&#8221; sticky_enabled=&#8221;0&#8243;][\/et_pb_image][\/et_pb_column][\/et_pb_row][\/et_pb_section][et_pb_section fb_built=&#8221;1&#8243; _builder_version=&#8221;4.20.0&#8243; _module_preset=&#8221;default&#8221; global_colors_info=&#8221;{}&#8221;][et_pb_row _builder_version=&#8221;4.20.0&#8243; _module_preset=&#8221;default&#8221; global_colors_info=&#8221;{}&#8221;][et_pb_column type=&#8221;4_4&#8243; _builder_version=&#8221;4.20.0&#8243; _module_preset=&#8221;default&#8221; global_colors_info=&#8221;{}&#8221;][et_pb_text _builder_version=&#8221;4.27.6&#8243; _module_preset=&#8221;default&#8221; hover_enabled=&#8221;0&#8243; global_colors_info=&#8221;{}&#8221; sticky_enabled=&#8221;0&#8243;]Suneco propose des solutions de climatisation efficaces, accessibles et con\u00e7ues pour le confort quotidien. Ses \u00e9quipements se distinguent par leur excellent rapport qualit\u00e9-prix, constituant une option id\u00e9ale pour ceux qui recherchent performance et \u00e9conomies sans renoncer \u00e0 la fiabilit\u00e9.<\/p>\n<p>Gr\u00e2ce \u00e0 une technologie con\u00e7ue pour un usage domestique et commercial, les syst\u00e8mes de climatisation Suneco garantissent un fonctionnement stable, silencieux et efficace, s\u2019adaptant \u00e0 tout type d\u2019espaces tels que les logements, les bureaux ou les petits commerces.<\/p>\n<p>De plus, Suneco s\u2019engage en faveur de l\u2019efficacit\u00e9 \u00e9nerg\u00e9tique et de la durabilit\u00e9, en int\u00e9grant des syst\u00e8mes qui optimisent la consommation et contribuent \u00e0 la protection de l\u2019environnement. Son design fonctionnel et compact facilite l\u2019installation et s\u2019int\u00e8gre facilement dans tout type d\u2019environnement.<\/p>\n<p>Choisir Suneco, c\u2019est opter pour une climatisation pratique, efficace et accessible, con\u00e7ue pour r\u00e9pondre aux besoins du quotidien avec une totale garantie.[\/et_pb_text][et_pb_custblog post_type=&#8221;productos&#8221; include_categories_marcas=&#8221;183&#8243; fullwidth=&#8221;off&#8221; use_manual_excerpt=&#8221;off&#8221; show_author=&#8221;off&#8221; show_date=&#8221;off&#8221; show_categories=&#8221;off&#8221; show_excerpt=&#8221;off&#8221; _builder_version=&#8221;4.27.6&#8243; _module_preset=&#8221;default&#8221; header_level=&#8221;h3&#8243; header_font=&#8221;|700|||||||&#8221; child_mix_blend_mode=&#8221;multiply&#8221; hover_enabled=&#8221;0&#8243; border_width_all=&#8221;0px&#8221; global_colors_info=&#8221;{}&#8221; sticky_enabled=&#8221;0&#8243;][\/et_pb_custblog][\/et_pb_column][\/et_pb_row][\/et_pb_section]<\/p>\n","protected":false},"excerpt":{"rendered":"<p>Climatisation SunecoSuneco propose des solutions de climatisation efficaces, accessibles et con\u00e7ues pour le confort quotidien. Ses \u00e9quipements se distinguent par leur excellent rapport qualit\u00e9-prix, constituant une option id\u00e9ale pour ceux qui recherchent performance et \u00e9conomies sans renoncer \u00e0 la fiabilit\u00e9. Gr\u00e2ce \u00e0 une technologie con\u00e7ue pour un usage domestique et commercial, les syst\u00e8mes de climatisation [&hellip;]<\/p>\n","protected":false},"author":1,"featured_media":0,"parent":0,"menu_order":0,"comment_status":"closed","ping_status":"closed","template":"","meta":{"_acf_changed":false,"_et_pb_use_builder":"on","_et_pb_old_content":"","_et_gb_content_width":"","footnotes":""},"class_list":["post-8884","page","type-page","status-publish","hentry"],"acf":[],"yoast_head":"<!-- This site is optimized with the Yoast SEO plugin v27.4 - https:\/\/yoast.com\/product\/yoast-seo-wordpress\/ -->\n<title>Climatisation Suneco - Energirona<\/title>\n<meta name=\"robots\" content=\"index, follow, max-snippet:-1, max-image-preview:large, max-video-preview:-1\" \/>\n<link rel=\"canonical\" href=\"https:\/\/energirona.com\/fr\/climatisation-suneco\/\" \/>\n<meta property=\"og:locale\" content=\"fr_FR\" \/>\n<meta property=\"og:type\" content=\"article\" \/>\n<meta property=\"og:title\" content=\"Climatisation Suneco - Energirona\" \/>\n<meta property=\"og:description\" content=\"Climatisation SunecoSuneco propose des solutions de climatisation efficaces, accessibles et con\u00e7ues pour le confort quotidien. Ses \u00e9quipements se distinguent par leur excellent rapport qualit\u00e9-prix, constituant une option id\u00e9ale pour ceux qui recherchent performance et \u00e9conomies sans renoncer \u00e0 la fiabilit\u00e9. Gr\u00e2ce \u00e0 une technologie con\u00e7ue pour un usage domestique et commercial, les syst\u00e8mes de climatisation [&hellip;]\" \/>\n<meta property=\"og:url\" content=\"https:\/\/energirona.com\/fr\/climatisation-suneco\/\" \/>\n<meta property=\"og:site_name\" content=\"Energirona\" \/>\n<meta property=\"article:modified_time\" content=\"2026-04-09T10:31:40+00:00\" \/>\n<meta name=\"twitter:card\" content=\"summary_large_image\" \/>\n<meta name=\"twitter:label1\" content=\"Dur\u00e9e de lecture estim\u00e9e\" \/>\n\t<meta name=\"twitter:data1\" content=\"2 minutes\" \/>\n<!-- \/ Yoast SEO plugin. -->","yoast_head_json":{"title":"Climatisation Suneco - Energirona","robots":{"index":"index","follow":"follow","max-snippet":"max-snippet:-1","max-image-preview":"max-image-preview:large","max-video-preview":"max-video-preview:-1"},"canonical":"https:\/\/energirona.com\/fr\/climatisation-suneco\/","og_locale":"fr_FR","og_type":"article","og_title":"Climatisation Suneco - Energirona","og_description":"Climatisation SunecoSuneco propose des solutions de climatisation efficaces, accessibles et con\u00e7ues pour le confort quotidien. Ses \u00e9quipements se distinguent par leur excellent rapport qualit\u00e9-prix, constituant une option id\u00e9ale pour ceux qui recherchent performance et \u00e9conomies sans renoncer \u00e0 la fiabilit\u00e9. Gr\u00e2ce \u00e0 une technologie con\u00e7ue pour un usage domestique et commercial, les syst\u00e8mes de climatisation [&hellip;]","og_url":"https:\/\/energirona.com\/fr\/climatisation-suneco\/","og_site_name":"Energirona","article_modified_time":"2026-04-09T10:31:40+00:00","twitter_card":"summary_large_image","twitter_misc":{"Dur\u00e9e de lecture estim\u00e9e":"2 minutes"},"schema":{"@context":"https:\/\/schema.org","@graph":[{"@type":"WebPage","@id":"https:\/\/energirona.com\/fr\/climatisation-suneco\/","url":"https:\/\/energirona.com\/fr\/climatisation-suneco\/","name":"Climatisation Suneco - Energirona","isPartOf":{"@id":"https:\/\/energirona.com\/fr\/#website"},"datePublished":"2026-04-09T10:08:49+00:00","dateModified":"2026-04-09T10:31:40+00:00","breadcrumb":{"@id":"https:\/\/energirona.com\/fr\/climatisation-suneco\/#breadcrumb"},"inLanguage":"fr-FR","potentialAction":[{"@type":"ReadAction","target":["https:\/\/energirona.com\/fr\/climatisation-suneco\/"]}]},{"@type":"BreadcrumbList","@id":"https:\/\/energirona.com\/fr\/climatisation-suneco\/#breadcrumb","itemListElement":[{"@type":"ListItem","position":1,"name":"Portada","item":"https:\/\/energirona.com\/fr\/accueil\/"},{"@type":"ListItem","position":2,"name":"Climatisation Suneco"}]},{"@type":"WebSite","@id":"https:\/\/energirona.com\/fr\/#website","url":"https:\/\/energirona.com\/fr\/","name":"Energirona","description":"","publisher":{"@id":"https:\/\/energirona.com\/fr\/#organization"},"potentialAction":[{"@type":"SearchAction","target":{"@type":"EntryPoint","urlTemplate":"https:\/\/energirona.com\/fr\/?s={search_term_string}"},"query-input":{"@type":"PropertyValueSpecification","valueRequired":true,"valueName":"search_term_string"}}],"inLanguage":"fr-FR"},{"@type":"Organization","@id":"https:\/\/energirona.com\/fr\/#organization","name":"Energirona","url":"https:\/\/energirona.com\/fr\/","logo":{"@type":"ImageObject","inLanguage":"fr-FR","@id":"https:\/\/energirona.com\/fr\/#\/schema\/logo\/image\/","url":"https:\/\/energirona.com\/wp-content\/uploads\/2023\/02\/logo-energirona.png","contentUrl":"https:\/\/energirona.com\/wp-content\/uploads\/2023\/02\/logo-energirona.png","width":313,"height":57,"caption":"Energirona"},"image":{"@id":"https:\/\/energirona.com\/fr\/#\/schema\/logo\/image\/"}}]}},"_links":{"self":[{"href":"https:\/\/energirona.com\/fr\/wp-json\/wp\/v2\/pages\/8884","targetHints":{"allow":["GET"]}}],"collection":[{"href":"https:\/\/energirona.com\/fr\/wp-json\/wp\/v2\/pages"}],"about":[{"href":"https:\/\/energirona.com\/fr\/wp-json\/wp\/v2\/types\/page"}],"author":[{"embeddable":true,"href":"https:\/\/energirona.com\/fr\/wp-json\/wp\/v2\/users\/1"}],"replies":[{"embeddable":true,"href":"https:\/\/energirona.com\/fr\/wp-json\/wp\/v2\/comments?post=8884"}],"version-history":[{"count":4,"href":"https:\/\/energirona.com\/fr\/wp-json\/wp\/v2\/pages\/8884\/revisions"}],"predecessor-version":[{"id":8917,"href":"https:\/\/energirona.com\/fr\/wp-json\/wp\/v2\/pages\/8884\/revisions\/8917"}],"wp:attachment":[{"href":"https:\/\/energirona.com\/fr\/wp-json\/wp\/v2\/media?parent=8884"}],"curies":[{"name":"wp","href":"https:\/\/api.w.org\/{rel}","templated":true}]}}