{"id":8864,"date":"2026-04-09T11:56:06","date_gmt":"2026-04-09T09:56:06","guid":{"rendered":"https:\/\/energirona.com\/climatisation-toshiba\/"},"modified":"2026-04-09T12:03:24","modified_gmt":"2026-04-09T10:03:24","slug":"climatisation-toshiba","status":"publish","type":"page","link":"https:\/\/energirona.com\/fr\/climatisation-toshiba\/","title":{"rendered":"Climatisation Toshiba"},"content":{"rendered":"<p>[et_pb_section fb_built=&#8221;1&#8243; _builder_version=&#8221;4.20.0&#8243; _module_preset=&#8221;default&#8221; background_color=&#8221;#368a82&#8243; custom_padding=&#8221;32px||32px||true|false&#8221; global_colors_info=&#8221;{}&#8221;][et_pb_row column_structure=&#8221;1_2,1_2&#8243; _builder_version=&#8221;4.20.0&#8243; _module_preset=&#8221;default&#8221; custom_padding=&#8221;0px||0px||true|false&#8221; hover_enabled=&#8221;0&#8243; custom_css_main_element=&#8221;display: flex;||align-items: center;&#8221; global_colors_info=&#8221;{}&#8221; custom_css_main_element_last_edited=&#8221;on|tablet&#8221; custom_css_main_element_tablet=&#8221;display: block;&#8221; custom_css_main_element_phone=&#8221;display: block;&#8221; sticky_enabled=&#8221;0&#8243;][et_pb_column type=&#8221;1_2&#8243; _builder_version=&#8221;4.20.0&#8243; _module_preset=&#8221;default&#8221; global_colors_info=&#8221;{}&#8221;][et_pb_text _builder_version=&#8221;4.20.0&#8243; _module_preset=&#8221;default&#8221; header_font=&#8221;|700|||||||&#8221; header_text_color=&#8221;#FFFFFF&#8221; global_colors_info=&#8221;{}&#8221;]<\/p>\n<h1>Climatisation Toshiba<\/h1>\n<p>[\/et_pb_text][\/et_pb_column][et_pb_column type=&#8221;1_2&#8243; _builder_version=&#8221;4.20.0&#8243; _module_preset=&#8221;default&#8221; global_colors_info=&#8221;{}&#8221;][et_pb_image src=&#8221;https:\/\/energirona.com\/wp-content\/uploads\/2026\/04\/Vector-2.png&#8221; title_text=&#8221;Vector (2)&#8221; align=&#8221;right&#8221; _builder_version=&#8221;4.27.6&#8243; _module_preset=&#8221;default&#8221; width=&#8221;240px&#8221; hover_enabled=&#8221;0&#8243; border_radii=&#8221;on|6px|6px|6px|6px&#8221; global_colors_info=&#8221;{}&#8221; sticky_enabled=&#8221;0&#8243;][\/et_pb_image][\/et_pb_column][\/et_pb_row][\/et_pb_section][et_pb_section fb_built=&#8221;1&#8243; _builder_version=&#8221;4.20.0&#8243; _module_preset=&#8221;default&#8221; global_colors_info=&#8221;{}&#8221;][et_pb_row _builder_version=&#8221;4.20.0&#8243; _module_preset=&#8221;default&#8221; global_colors_info=&#8221;{}&#8221;][et_pb_column type=&#8221;4_4&#8243; _builder_version=&#8221;4.20.0&#8243; _module_preset=&#8221;default&#8221; global_colors_info=&#8221;{}&#8221;][et_pb_text _builder_version=&#8221;4.27.6&#8243; _module_preset=&#8221;default&#8221; hover_enabled=&#8221;0&#8243; global_colors_info=&#8221;{}&#8221; sticky_enabled=&#8221;0&#8243;]<\/p>\n<p>&nbsp;<\/p>\n<p>L\u2019innovation japonaise et l\u2019efficacit\u00e9 \u00e9nerg\u00e9tique s\u2019unissent chez Toshiba pour offrir des solutions de climatisation fiables, silencieuses et performantes. Fort d\u2019une longue exp\u00e9rience dans le d\u00e9veloppement de technologies avanc\u00e9es, Toshiba s\u2019impose comme l\u2019une des marques leaders du secteur, en misant constamment sur la qualit\u00e9, la durabilit\u00e9 et l\u2019am\u00e9lioration continue.<\/p>\n<p>Ses syst\u00e8mes de climatisation sont con\u00e7us pour garantir un confort maximal dans tout type d\u2019espace, qu\u2019il s\u2019agisse de logements, de bureaux ou d\u2019environnements commerciaux. Ils se distinguent par leur fonctionnement ultra silencieux, leur haute efficacit\u00e9 \u00e9nerg\u00e9tique et leur capacit\u00e9 \u00e0 maintenir une temp\u00e9rature stable et agr\u00e9able tout au long de l\u2019ann\u00e9e, tout en optimisant la consommation d\u2019\u00e9nergie.<\/p>\n<p>De plus, Toshiba int\u00e8gre des innovations technologiques telles que des syst\u00e8mes de filtration avanc\u00e9s, un contr\u00f4le intelligent et des solutions respectueuses de l\u2019environnement, contribuant \u00e0 am\u00e9liorer la qualit\u00e9 de l\u2019air int\u00e9rieur et \u00e0 r\u00e9duire l\u2019impact environnemental. Le tout sans renoncer \u00e0 un design \u00e9l\u00e9gant et compact qui s\u2019adapte parfaitement \u00e0 tout environnement.<\/p>\n<p>Choisir Toshiba, c\u2019est opter pour une climatisation durable, efficace et fiable, soutenue par une marque de renomm\u00e9e internationale et des d\u00e9cennies d\u2019exp\u00e9rience dans le secteur.[\/et_pb_text][et_pb_custblog post_type=&#8221;productos&#8221; include_categories_marcas=&#8221;128,184&#8243; fullwidth=&#8221;off&#8221; use_manual_excerpt=&#8221;off&#8221; show_author=&#8221;off&#8221; show_date=&#8221;off&#8221; show_categories=&#8221;off&#8221; show_excerpt=&#8221;off&#8221; _builder_version=&#8221;4.27.6&#8243; _module_preset=&#8221;default&#8221; header_level=&#8221;h3&#8243; header_font=&#8221;|700|||||||&#8221; child_mix_blend_mode=&#8221;multiply&#8221; hover_enabled=&#8221;0&#8243; border_width_all=&#8221;0px&#8221; global_colors_info=&#8221;{}&#8221; sticky_enabled=&#8221;0&#8243;][\/et_pb_custblog][\/et_pb_column][\/et_pb_row][\/et_pb_section]<\/p>\n","protected":false},"excerpt":{"rendered":"<p>Climatisation Toshiba&nbsp; L\u2019innovation japonaise et l\u2019efficacit\u00e9 \u00e9nerg\u00e9tique s\u2019unissent chez Toshiba pour offrir des solutions de climatisation fiables, silencieuses et performantes. Fort d\u2019une longue exp\u00e9rience dans le d\u00e9veloppement de technologies avanc\u00e9es, Toshiba s\u2019impose comme l\u2019une des marques leaders du secteur, en misant constamment sur la qualit\u00e9, la durabilit\u00e9 et l\u2019am\u00e9lioration continue. Ses syst\u00e8mes de climatisation sont [&hellip;]<\/p>\n","protected":false},"author":1,"featured_media":0,"parent":0,"menu_order":0,"comment_status":"closed","ping_status":"closed","template":"","meta":{"_acf_changed":false,"_et_pb_use_builder":"on","_et_pb_old_content":"","_et_gb_content_width":"","footnotes":""},"class_list":["post-8864","page","type-page","status-publish","hentry"],"acf":[],"yoast_head":"<!-- This site is optimized with the Yoast SEO plugin v27.4 - https:\/\/yoast.com\/product\/yoast-seo-wordpress\/ -->\n<title>Climatisation Toshiba - Energirona<\/title>\n<meta name=\"robots\" content=\"index, follow, max-snippet:-1, max-image-preview:large, max-video-preview:-1\" \/>\n<link rel=\"canonical\" href=\"https:\/\/energirona.com\/fr\/climatisation-toshiba\/\" \/>\n<meta property=\"og:locale\" content=\"fr_FR\" \/>\n<meta property=\"og:type\" content=\"article\" \/>\n<meta property=\"og:title\" content=\"Climatisation Toshiba - Energirona\" \/>\n<meta property=\"og:description\" content=\"Climatisation Toshiba&nbsp; L\u2019innovation japonaise et l\u2019efficacit\u00e9 \u00e9nerg\u00e9tique s\u2019unissent chez Toshiba pour offrir des solutions de climatisation fiables, silencieuses et performantes. Fort d\u2019une longue exp\u00e9rience dans le d\u00e9veloppement de technologies avanc\u00e9es, Toshiba s\u2019impose comme l\u2019une des marques leaders du secteur, en misant constamment sur la qualit\u00e9, la durabilit\u00e9 et l\u2019am\u00e9lioration continue. Ses syst\u00e8mes de climatisation sont [&hellip;]\" \/>\n<meta property=\"og:url\" content=\"https:\/\/energirona.com\/fr\/climatisation-toshiba\/\" \/>\n<meta property=\"og:site_name\" content=\"Energirona\" \/>\n<meta property=\"article:modified_time\" content=\"2026-04-09T10:03:24+00:00\" \/>\n<meta name=\"twitter:card\" content=\"summary_large_image\" \/>\n<meta name=\"twitter:label1\" content=\"Dur\u00e9e de lecture estim\u00e9e\" \/>\n\t<meta name=\"twitter:data1\" content=\"3 minutes\" \/>\n<!-- \/ Yoast SEO plugin. -->","yoast_head_json":{"title":"Climatisation Toshiba - Energirona","robots":{"index":"index","follow":"follow","max-snippet":"max-snippet:-1","max-image-preview":"max-image-preview:large","max-video-preview":"max-video-preview:-1"},"canonical":"https:\/\/energirona.com\/fr\/climatisation-toshiba\/","og_locale":"fr_FR","og_type":"article","og_title":"Climatisation Toshiba - Energirona","og_description":"Climatisation Toshiba&nbsp; L\u2019innovation japonaise et l\u2019efficacit\u00e9 \u00e9nerg\u00e9tique s\u2019unissent chez Toshiba pour offrir des solutions de climatisation fiables, silencieuses et performantes. Fort d\u2019une longue exp\u00e9rience dans le d\u00e9veloppement de technologies avanc\u00e9es, Toshiba s\u2019impose comme l\u2019une des marques leaders du secteur, en misant constamment sur la qualit\u00e9, la durabilit\u00e9 et l\u2019am\u00e9lioration continue. Ses syst\u00e8mes de climatisation sont [&hellip;]","og_url":"https:\/\/energirona.com\/fr\/climatisation-toshiba\/","og_site_name":"Energirona","article_modified_time":"2026-04-09T10:03:24+00:00","twitter_card":"summary_large_image","twitter_misc":{"Dur\u00e9e de lecture estim\u00e9e":"3 minutes"},"schema":{"@context":"https:\/\/schema.org","@graph":[{"@type":"WebPage","@id":"https:\/\/energirona.com\/fr\/climatisation-toshiba\/","url":"https:\/\/energirona.com\/fr\/climatisation-toshiba\/","name":"Climatisation Toshiba - Energirona","isPartOf":{"@id":"https:\/\/energirona.com\/fr\/#website"},"datePublished":"2026-04-09T09:56:06+00:00","dateModified":"2026-04-09T10:03:24+00:00","breadcrumb":{"@id":"https:\/\/energirona.com\/fr\/climatisation-toshiba\/#breadcrumb"},"inLanguage":"fr-FR","potentialAction":[{"@type":"ReadAction","target":["https:\/\/energirona.com\/fr\/climatisation-toshiba\/"]}]},{"@type":"BreadcrumbList","@id":"https:\/\/energirona.com\/fr\/climatisation-toshiba\/#breadcrumb","itemListElement":[{"@type":"ListItem","position":1,"name":"Portada","item":"https:\/\/energirona.com\/fr\/accueil\/"},{"@type":"ListItem","position":2,"name":"Climatisation Toshiba"}]},{"@type":"WebSite","@id":"https:\/\/energirona.com\/fr\/#website","url":"https:\/\/energirona.com\/fr\/","name":"Energirona","description":"","publisher":{"@id":"https:\/\/energirona.com\/fr\/#organization"},"potentialAction":[{"@type":"SearchAction","target":{"@type":"EntryPoint","urlTemplate":"https:\/\/energirona.com\/fr\/?s={search_term_string}"},"query-input":{"@type":"PropertyValueSpecification","valueRequired":true,"valueName":"search_term_string"}}],"inLanguage":"fr-FR"},{"@type":"Organization","@id":"https:\/\/energirona.com\/fr\/#organization","name":"Energirona","url":"https:\/\/energirona.com\/fr\/","logo":{"@type":"ImageObject","inLanguage":"fr-FR","@id":"https:\/\/energirona.com\/fr\/#\/schema\/logo\/image\/","url":"https:\/\/energirona.com\/wp-content\/uploads\/2023\/02\/logo-energirona.png","contentUrl":"https:\/\/energirona.com\/wp-content\/uploads\/2023\/02\/logo-energirona.png","width":313,"height":57,"caption":"Energirona"},"image":{"@id":"https:\/\/energirona.com\/fr\/#\/schema\/logo\/image\/"}}]}},"_links":{"self":[{"href":"https:\/\/energirona.com\/fr\/wp-json\/wp\/v2\/pages\/8864","targetHints":{"allow":["GET"]}}],"collection":[{"href":"https:\/\/energirona.com\/fr\/wp-json\/wp\/v2\/pages"}],"about":[{"href":"https:\/\/energirona.com\/fr\/wp-json\/wp\/v2\/types\/page"}],"author":[{"embeddable":true,"href":"https:\/\/energirona.com\/fr\/wp-json\/wp\/v2\/users\/1"}],"replies":[{"embeddable":true,"href":"https:\/\/energirona.com\/fr\/wp-json\/wp\/v2\/comments?post=8864"}],"version-history":[{"count":2,"href":"https:\/\/energirona.com\/fr\/wp-json\/wp\/v2\/pages\/8864\/revisions"}],"predecessor-version":[{"id":8866,"href":"https:\/\/energirona.com\/fr\/wp-json\/wp\/v2\/pages\/8864\/revisions\/8866"}],"wp:attachment":[{"href":"https:\/\/energirona.com\/fr\/wp-json\/wp\/v2\/media?parent=8864"}],"curies":[{"name":"wp","href":"https:\/\/api.w.org\/{rel}","templated":true}]}}