{"id":3162,"date":"2023-05-11T10:21:37","date_gmt":"2023-05-11T08:21:37","guid":{"rendered":"https:\/\/energirona.entornodesarrollo.com\/?page_id=3162"},"modified":"2025-05-28T11:35:50","modified_gmt":"2025-05-28T09:35:50","slug":"climatisation-johnson","status":"publish","type":"page","link":"https:\/\/energirona.com\/fr\/climatisation-johnson\/","title":{"rendered":"Climatisation Johnson"},"content":{"rendered":"<p>[et_pb_section fb_built=&#8221;1&#8243; _builder_version=&#8221;4.20.0&#8243; _module_preset=&#8221;default&#8221; background_color=&#8221;#368a82&#8243; custom_padding=&#8221;32px||32px||true|false&#8221; global_colors_info=&#8221;{}&#8221;][et_pb_row column_structure=&#8221;1_2,1_2&#8243; _builder_version=&#8221;4.20.0&#8243; _module_preset=&#8221;default&#8221; custom_padding=&#8221;0px||0px||true|false&#8221; custom_css_main_element=&#8221;display: flex;||align-items: center;&#8221; global_colors_info=&#8221;{}&#8221; custom_css_main_element_last_edited=&#8221;on|tablet&#8221; custom_css_main_element_tablet=&#8221;display: block;&#8221; custom_css_main_element_phone=&#8221;display: block;&#8221;][et_pb_column type=&#8221;1_2&#8243; _builder_version=&#8221;4.20.0&#8243; _module_preset=&#8221;default&#8221; global_colors_info=&#8221;{}&#8221;][et_pb_text _builder_version=&#8221;4.20.0&#8243; _module_preset=&#8221;default&#8221; header_font=&#8221;|700|||||||&#8221; header_text_color=&#8221;#FFFFFF&#8221; global_colors_info=&#8221;{}&#8221;]<\/p>\n<h1>Climatisation Johnson<\/h1>\n<p>[\/et_pb_text][\/et_pb_column][et_pb_column type=&#8221;1_2&#8243; _builder_version=&#8221;4.20.0&#8243; _module_preset=&#8221;default&#8221; global_colors_info=&#8221;{}&#8221;][et_pb_image src=&#8221;https:\/\/energirona.com\/wp-content\/uploads\/2023\/05\/logo-16823339102.png&#8221; title_text=&#8221;logo-16823339102&#8243; align=&#8221;right&#8221; _builder_version=&#8221;4.20.2&#8243; _module_preset=&#8221;default&#8221; width=&#8221;240px&#8221; border_radii=&#8221;on|6px|6px|6px|6px&#8221; global_colors_info=&#8221;{}&#8221;][\/et_pb_image][\/et_pb_column][\/et_pb_row][\/et_pb_section][et_pb_section fb_built=&#8221;1&#8243; _builder_version=&#8221;4.20.0&#8243; _module_preset=&#8221;default&#8221; global_colors_info=&#8221;{}&#8221;][et_pb_row _builder_version=&#8221;4.20.0&#8243; _module_preset=&#8221;default&#8221; global_colors_info=&#8221;{}&#8221;][et_pb_column type=&#8221;4_4&#8243; _builder_version=&#8221;4.20.0&#8243; _module_preset=&#8221;default&#8221; global_colors_info=&#8221;{}&#8221;][et_pb_custblog post_type=&#8221;productos&#8221; include_categories_marcas=&#8221;141&#8243; fullwidth=&#8221;off&#8221; use_manual_excerpt=&#8221;off&#8221; show_author=&#8221;off&#8221; show_date=&#8221;off&#8221; show_categories=&#8221;off&#8221; show_excerpt=&#8221;off&#8221; _builder_version=&#8221;4.20.2&#8243; _module_preset=&#8221;default&#8221; header_font=&#8221;|700|||||||&#8221; child_mix_blend_mode=&#8221;multiply&#8221; border_width_all=&#8221;0px&#8221; global_colors_info=&#8221;{}&#8221;][\/et_pb_custblog][\/et_pb_column][\/et_pb_row][\/et_pb_section]<\/p>\n","protected":false},"excerpt":{"rendered":"<p>Climatisation Johnson<\/p>\n","protected":false},"author":2,"featured_media":3283,"parent":0,"menu_order":0,"comment_status":"closed","ping_status":"closed","template":"","meta":{"_acf_changed":false,"_et_pb_use_builder":"on","_et_pb_old_content":"","_et_gb_content_width":"","footnotes":""},"class_list":["post-3162","page","type-page","status-publish","has-post-thumbnail","hentry"],"acf":[],"yoast_head":"<!-- This site is optimized with the Yoast SEO plugin v27.3 - https:\/\/yoast.com\/product\/yoast-seo-wordpress\/ -->\n<title>Johnson | Installation de climatisation \u00e0 G\u00e9rone - Energirona<\/title>\n<meta name=\"description\" content=\"Si vous \u00eates installer de climatisation, chez Energirona nous avons les meilleures marques telles que Johnson.\" \/>\n<meta name=\"robots\" content=\"index, follow, max-snippet:-1, max-image-preview:large, max-video-preview:-1\" \/>\n<link rel=\"canonical\" href=\"https:\/\/energirona.com\/fr\/climatisation-johnson\/\" \/>\n<meta property=\"og:locale\" content=\"fr_FR\" \/>\n<meta property=\"og:type\" content=\"article\" \/>\n<meta property=\"og:title\" content=\"Johnson | Installation de climatisation \u00e0 G\u00e9rone | Energirona\" \/>\n<meta property=\"og:description\" content=\"Si vous \u00eates installer de climatisation, chez Energirona nous avons les meilleures marques telles que Johnson.\" \/>\n<meta property=\"og:url\" content=\"https:\/\/energirona.com\/fr\/climatisation-johnson\/\" \/>\n<meta property=\"og:site_name\" content=\"Energirona\" \/>\n<meta property=\"article:modified_time\" content=\"2025-05-28T09:35:50+00:00\" \/>\n<meta property=\"og:image\" content=\"https:\/\/energirona.com\/wp-content\/uploads\/2023\/05\/JOHNSON-MULTISPLIT.png\" \/>\n\t<meta property=\"og:image:width\" content=\"1080\" \/>\n\t<meta property=\"og:image:height\" content=\"1080\" \/>\n\t<meta property=\"og:image:type\" content=\"image\/png\" \/>\n<meta name=\"twitter:card\" content=\"summary_large_image\" \/>\n<meta name=\"twitter:label1\" content=\"Dur\u00e9e de lecture estim\u00e9e\" \/>\n\t<meta name=\"twitter:data1\" content=\"1 minute\" \/>\n<!-- \/ Yoast SEO plugin. -->","yoast_head_json":{"title":"Johnson | Installation de climatisation \u00e0 G\u00e9rone - Energirona","description":"Si vous \u00eates installer de climatisation, chez Energirona nous avons les meilleures marques telles que Johnson.","robots":{"index":"index","follow":"follow","max-snippet":"max-snippet:-1","max-image-preview":"max-image-preview:large","max-video-preview":"max-video-preview:-1"},"canonical":"https:\/\/energirona.com\/fr\/climatisation-johnson\/","og_locale":"fr_FR","og_type":"article","og_title":"Johnson | Installation de climatisation \u00e0 G\u00e9rone | Energirona","og_description":"Si vous \u00eates installer de climatisation, chez Energirona nous avons les meilleures marques telles que Johnson.","og_url":"https:\/\/energirona.com\/fr\/climatisation-johnson\/","og_site_name":"Energirona","article_modified_time":"2025-05-28T09:35:50+00:00","og_image":[{"width":1080,"height":1080,"url":"https:\/\/energirona.com\/wp-content\/uploads\/2023\/05\/JOHNSON-MULTISPLIT.png","type":"image\/png"}],"twitter_card":"summary_large_image","twitter_misc":{"Dur\u00e9e de lecture estim\u00e9e":"1 minute"},"schema":{"@context":"https:\/\/schema.org","@graph":[{"@type":"WebPage","@id":"https:\/\/energirona.com\/fr\/climatisation-johnson\/","url":"https:\/\/energirona.com\/fr\/climatisation-johnson\/","name":"Johnson | Installation de climatisation \u00e0 G\u00e9rone - Energirona","isPartOf":{"@id":"https:\/\/energirona.com\/fr\/#website"},"primaryImageOfPage":{"@id":"https:\/\/energirona.com\/fr\/climatisation-johnson\/#primaryimage"},"image":{"@id":"https:\/\/energirona.com\/fr\/climatisation-johnson\/#primaryimage"},"thumbnailUrl":"https:\/\/energirona.com\/wp-content\/uploads\/2023\/05\/JOHNSON-MULTISPLIT.png","datePublished":"2023-05-11T08:21:37+00:00","dateModified":"2025-05-28T09:35:50+00:00","description":"Si vous \u00eates installer de climatisation, chez Energirona nous avons les meilleures marques telles que Johnson.","breadcrumb":{"@id":"https:\/\/energirona.com\/fr\/climatisation-johnson\/#breadcrumb"},"inLanguage":"fr-FR","potentialAction":[{"@type":"ReadAction","target":["https:\/\/energirona.com\/fr\/climatisation-johnson\/"]}]},{"@type":"ImageObject","inLanguage":"fr-FR","@id":"https:\/\/energirona.com\/fr\/climatisation-johnson\/#primaryimage","url":"https:\/\/energirona.com\/wp-content\/uploads\/2023\/05\/JOHNSON-MULTISPLIT.png","contentUrl":"https:\/\/energirona.com\/wp-content\/uploads\/2023\/05\/JOHNSON-MULTISPLIT.png","width":1080,"height":1080,"caption":"JOHNSON MULTISPLIT"},{"@type":"BreadcrumbList","@id":"https:\/\/energirona.com\/fr\/climatisation-johnson\/#breadcrumb","itemListElement":[{"@type":"ListItem","position":1,"name":"Portada","item":"https:\/\/energirona.com\/fr\/accueil\/"},{"@type":"ListItem","position":2,"name":"Climatisation Johnson"}]},{"@type":"WebSite","@id":"https:\/\/energirona.com\/fr\/#website","url":"https:\/\/energirona.com\/fr\/","name":"Energirona","description":"","publisher":{"@id":"https:\/\/energirona.com\/fr\/#organization"},"potentialAction":[{"@type":"SearchAction","target":{"@type":"EntryPoint","urlTemplate":"https:\/\/energirona.com\/fr\/?s={search_term_string}"},"query-input":{"@type":"PropertyValueSpecification","valueRequired":true,"valueName":"search_term_string"}}],"inLanguage":"fr-FR"},{"@type":"Organization","@id":"https:\/\/energirona.com\/fr\/#organization","name":"Energirona","url":"https:\/\/energirona.com\/fr\/","logo":{"@type":"ImageObject","inLanguage":"fr-FR","@id":"https:\/\/energirona.com\/fr\/#\/schema\/logo\/image\/","url":"https:\/\/energirona.com\/wp-content\/uploads\/2023\/02\/logo-energirona.png","contentUrl":"https:\/\/energirona.com\/wp-content\/uploads\/2023\/02\/logo-energirona.png","width":313,"height":57,"caption":"Energirona"},"image":{"@id":"https:\/\/energirona.com\/fr\/#\/schema\/logo\/image\/"}}]}},"_links":{"self":[{"href":"https:\/\/energirona.com\/fr\/wp-json\/wp\/v2\/pages\/3162","targetHints":{"allow":["GET"]}}],"collection":[{"href":"https:\/\/energirona.com\/fr\/wp-json\/wp\/v2\/pages"}],"about":[{"href":"https:\/\/energirona.com\/fr\/wp-json\/wp\/v2\/types\/page"}],"author":[{"embeddable":true,"href":"https:\/\/energirona.com\/fr\/wp-json\/wp\/v2\/users\/2"}],"replies":[{"embeddable":true,"href":"https:\/\/energirona.com\/fr\/wp-json\/wp\/v2\/comments?post=3162"}],"version-history":[{"count":6,"href":"https:\/\/energirona.com\/fr\/wp-json\/wp\/v2\/pages\/3162\/revisions"}],"predecessor-version":[{"id":5237,"href":"https:\/\/energirona.com\/fr\/wp-json\/wp\/v2\/pages\/3162\/revisions\/5237"}],"wp:featuredmedia":[{"embeddable":true,"href":"https:\/\/energirona.com\/fr\/wp-json\/wp\/v2\/media\/3283"}],"wp:attachment":[{"href":"https:\/\/energirona.com\/fr\/wp-json\/wp\/v2\/media?parent=3162"}],"curies":[{"name":"wp","href":"https:\/\/api.w.org\/{rel}","templated":true}]}}