{"id":2759,"date":"2023-02-06T12:15:02","date_gmt":"2023-02-06T11:15:02","guid":{"rendered":"https:\/\/energirona.entornodesarrollo.com\/gaz-gpl\/"},"modified":"2025-10-15T11:50:26","modified_gmt":"2025-10-15T09:50:26","slug":"gaz-gpl","status":"publish","type":"page","link":"https:\/\/energirona.com\/fr\/gaz-gpl\/","title":{"rendered":"Gaz GPL"},"content":{"rendered":"<p>[et_pb_section fb_built=&#8221;1&#8243; _builder_version=&#8221;4.22.2&#8243; _module_preset=&#8221;default&#8221; background_image=&#8221;https:\/\/energirona.com\/wp-content\/uploads\/2024\/08\/banner-energirona-apartat-diposits-gas-glp.jpg&#8221; custom_margin=&#8221;||||false&#8221; custom_padding=&#8221;44px||44px||true|false&#8221; global_colors_info=&#8221;{}&#8221;][et_pb_row column_structure=&#8221;3_5,2_5&#8243; _builder_version=&#8221;4.19.5&#8243; _module_preset=&#8221;default&#8221; global_colors_info=&#8221;{}&#8221;][et_pb_column type=&#8221;3_5&#8243; _builder_version=&#8221;4.19.5&#8243; _module_preset=&#8221;default&#8221; global_colors_info=&#8221;{}&#8221;][et_pb_text content_tablet=&#8221;<\/p>\n<h1>INSTALLATION DE GAZ GPL<\/h1>\n<p>&#8221; content_phone=&#8221;<\/p>\n<h1>INSTALLATION<\/h1>\n<h1 style=%22text-align: left;%22>DE GAZ GLP<\/h1>\n<p>&#8221; content_last_edited=&#8221;on|phone&#8221; _builder_version=&#8221;4.22.2&#8243; _module_preset=&#8221;default&#8221; header_font=&#8221;|700|||||||&#8221; header_text_color=&#8221;#FFFFFF&#8221; header_font_size=&#8221;48px&#8221; header_line_height=&#8221;1.4em&#8221; custom_margin=&#8221;5vw||||false|false&#8221; header_font_size_tablet=&#8221;48px&#8221; header_font_size_phone=&#8221;35px&#8221; header_font_size_last_edited=&#8221;on|phone&#8221; global_colors_info=&#8221;{}&#8221;]<\/p>\n<h1 style=\"text-align: center;\">INSTALLATION<br \/>DE GAZ GLP<\/h1>\n<p>[\/et_pb_text][\/et_pb_column][et_pb_column type=&#8221;2_5&#8243; _builder_version=&#8221;4.27.4&#8243; _module_preset=&#8221;default&#8221; background_color=&#8221;#368a82&#8243; custom_padding=&#8221;20px|20px|0px|20px|false|true&#8221; border_radii=&#8221;on|8px|8px|8px|8px&#8221; box_shadow_style=&#8221;preset3&#8243; global_colors_info=&#8221;{}&#8221;][et_pb_text _builder_version=&#8221;4.19.5&#8243; _module_preset=&#8221;default&#8221; text_font=&#8221;|700|||||||&#8221; text_text_color=&#8221;#FFFFFF&#8221; text_font_size=&#8221;24px&#8221; text_orientation=&#8221;center&#8221; custom_margin=&#8221;||16px||false|false&#8221; global_colors_info=&#8221;{}&#8221;]<\/p>\n<p>Appelez-nous maintenant au<\/p>\n<p>[\/et_pb_text][et_pb_text _builder_version=&#8221;4.27.4&#8243; _module_preset=&#8221;default&#8221; text_font=&#8221;|700|||||||&#8221; text_text_color=&#8221;#FFFFFF&#8221; text_font_size=&#8221;42px&#8221; text_orientation=&#8221;center&#8221; custom_margin=&#8221;||16px||false|false&#8221; hover_enabled=&#8221;0&#8243; global_colors_info=&#8221;{}&#8221; sticky_enabled=&#8221;0&#8243;]<\/p>\n<p><a href=\"tel:+34621146003\"><span>621 14 60 03<\/span><\/a><\/p>\n<p>[\/et_pb_text][et_pb_text _builder_version=&#8221;4.19.5&#8243; _module_preset=&#8221;default&#8221; text_text_color=&#8221;#FFFFFF&#8221; text_font_size=&#8221;20px&#8221; text_orientation=&#8221;center&#8221; custom_margin=&#8221;||8px||false|false&#8221; global_colors_info=&#8221;{}&#8221;]<\/p>\n<p>Ou remplissez le formulaire suivant<\/p>\n<p>[\/et_pb_text][et_pb_text _builder_version=&#8221;4.20.2&#8243; _module_preset=&#8221;default&#8221; text_text_color=&#8221;#FFFFFF&#8221; global_colors_info=&#8221;{}&#8221;]<\/p>\n\n<div class=\"wpcf7 no-js\" id=\"wpcf7-f2832-o1\" lang=\"fr-FR\" dir=\"ltr\" data-wpcf7-id=\"2832\">\n<div class=\"screen-reader-response\"><p role=\"status\" aria-live=\"polite\" aria-atomic=\"true\"><\/p> <ul><\/ul><\/div>\n<form action=\"\/fr\/wp-json\/wp\/v2\/pages\/2759#wpcf7-f2832-o1\" method=\"post\" class=\"wpcf7-form init\" aria-label=\"Formulaire de contact\" novalidate=\"novalidate\" data-status=\"init\">\n<fieldset class=\"hidden-fields-container\"><input type=\"hidden\" name=\"_wpcf7\" value=\"2832\" \/><input type=\"hidden\" name=\"_wpcf7_version\" value=\"6.1.5\" \/><input type=\"hidden\" name=\"_wpcf7_locale\" value=\"fr_FR\" \/><input type=\"hidden\" name=\"_wpcf7_unit_tag\" value=\"wpcf7-f2832-o1\" \/><input type=\"hidden\" name=\"_wpcf7_container_post\" value=\"0\" \/><input type=\"hidden\" name=\"_wpcf7_posted_data_hash\" value=\"\" \/><input type=\"hidden\" name=\"_wpcf7_recaptcha_response\" value=\"\" \/>\n<\/fieldset>\n<label> Ton nom\r\n    <span class=\"wpcf7-form-control-wrap\" data-name=\"your-name\"><input size=\"40\" maxlength=\"400\" class=\"wpcf7-form-control wpcf7-text wpcf7-validates-as-required\" autocomplete=\"name\" aria-required=\"true\" aria-invalid=\"false\" value=\"\" type=\"text\" name=\"your-name\" \/><\/span>\r\n<\/label>\r\n\r\n<label> Num\u00e9ro de t\u00e9l\u00e9phone\r\n    <span class=\"wpcf7-form-control-wrap\" data-name=\"tel-num\"><input size=\"40\" maxlength=\"400\" class=\"wpcf7-form-control wpcf7-tel wpcf7-validates-as-required wpcf7-text wpcf7-validates-as-tel\" aria-required=\"true\" aria-invalid=\"false\" value=\"\" type=\"tel\" name=\"tel-num\" \/><\/span>\r\n<\/label>\r\n\r\n<label> Ville\r\n    <span class=\"wpcf7-form-control-wrap\" data-name=\"pob\"><input size=\"40\" maxlength=\"400\" class=\"wpcf7-form-control wpcf7-text wpcf7-validates-as-required\" aria-required=\"true\" aria-invalid=\"false\" value=\"\" type=\"text\" name=\"pob\" \/><\/span>\r\n<\/label>\r\n\r\n<span class=\"wpcf7-form-control-wrap\" data-name=\"acceptance-432\"><span class=\"wpcf7-form-control wpcf7-acceptance\"><span class=\"wpcf7-list-item\"><label><input type=\"checkbox\" name=\"acceptance-432\" value=\"1\" aria-invalid=\"false\" \/><span class=\"wpcf7-list-item-label\">J'ai lu et j'accepte la <a href=\"\/politica-de-privacidad\">politique de confidentialit\u00e9<\/a><\/span><\/label><\/span><\/span><\/span>\r\n<input class=\"wpcf7-form-control wpcf7-hidden\" id=\"form-field-utm_source_field\" value=\"\" type=\"hidden\" name=\"utm_source\" \/>\r\n<input class=\"wpcf7-form-control wpcf7-hidden\" id=\"form-field-utm_medium_field\" value=\"\" type=\"hidden\" name=\"utm_medium\" \/>\r\n<input class=\"wpcf7-form-control wpcf7-hidden\" id=\"form-field-utm_campaign_field\" value=\"\" type=\"hidden\" name=\"utm_campaign\" \/>\r\n<input class=\"wpcf7-form-control wpcf7-hidden\" id=\"form-field-gclid_field\" value=\"\" type=\"hidden\" name=\"gclid\" \/>\r\n<input class=\"wpcf7-form-control wpcf7-hidden\" id=\"form-field-utm_id_field\" value=\"\" type=\"hidden\" name=\"utm_id\" \/>\r\n\r\n<input class=\"wpcf7-form-control wpcf7-submit has-spinner\" type=\"submit\" value=\"Contactez-moi\" \/><div class=\"wpcf7-response-output\" aria-hidden=\"true\"><\/div>\n<\/form>\n<\/div>\n\n<p>[\/et_pb_text][\/et_pb_column][\/et_pb_row][\/et_pb_section][et_pb_section fb_built=&#8221;1&#8243; _builder_version=&#8221;4.22.2&#8243; _module_preset=&#8221;default&#8221; background_color=&#8221;RGBA(255,255,255,0)&#8221; custom_padding=&#8221;32px||32px||false|false&#8221; locked=&#8221;off&#8221; global_colors_info=&#8221;{}&#8221;][et_pb_row _builder_version=&#8221;4.22.2&#8243; _module_preset=&#8221;default&#8221; custom_margin=&#8221;||||false|false&#8221; custom_padding=&#8221;0px||0px||true|false&#8221; global_colors_info=&#8221;{}&#8221;][et_pb_column type=&#8221;4_4&#8243; _builder_version=&#8221;4.19.5&#8243; _module_preset=&#8221;default&#8221; global_colors_info=&#8221;{}&#8221;][et_pb_icon font_icon=&#8221;&#xf46a;||fa||900&#8243; _builder_version=&#8221;4.22.2&#8243; _module_preset=&#8221;default&#8221; global_colors_info=&#8221;{}&#8221;][\/et_pb_icon][et_pb_text _builder_version=&#8221;4.22.2&#8243; _module_preset=&#8221;default&#8221; header_2_font=&#8221;|700|||||||&#8221; global_colors_info=&#8221;{}&#8221;]<\/p>\n<h2>\u00c9CONOMISEZ SUR VOTRE CONSOMMATION DE CARBURANT AVEC LE GAZ GPL<\/h2>\n<p>[\/et_pb_text][\/et_pb_column][\/et_pb_row][\/et_pb_section][et_pb_section fb_built=&#8221;1&#8243; _builder_version=&#8221;4.22.2&#8243; _module_preset=&#8221;default&#8221; custom_margin=&#8221;||||false|false&#8221; custom_padding=&#8221;0px||0px||false|false&#8221; global_colors_info=&#8221;{}&#8221;][et_pb_row column_structure=&#8221;1_2,1_2&#8243; _builder_version=&#8221;4.20.0&#8243; _module_preset=&#8221;default&#8221; custom_padding=&#8221;0px||0px||true|false&#8221; custom_css_main_element=&#8221;display: flex;||align-items: center;&#8221; global_colors_info=&#8221;{}&#8221; custom_css_main_element_last_edited=&#8221;on|tablet&#8221; custom_css_main_element_tablet=&#8221;display: block;&#8221; custom_css_main_element_phone=&#8221;display: block;&#8221;][et_pb_column type=&#8221;1_2&#8243; _builder_version=&#8221;4.19.5&#8243; _module_preset=&#8221;default&#8221; global_colors_info=&#8221;{}&#8221;][et_pb_text _builder_version=&#8221;4.22.2&#8243; _module_preset=&#8221;default&#8221; global_colors_info=&#8221;{}&#8221;]<\/p>\n<p>Avec Energirona, vous pouvez r\u00e9aliser l\u2019installation de gaz GPL \u00e0 votre domicile ou dans votre entreprise, avec un <strong>devis et une visite technique gratuits<\/strong> pour d\u00e9couvrir de premi\u00e8re main nos services et comment nous pouvons vous aider \u00e0 \u00e9conomiser de l\u2019argent chez vous ou dans votre activit\u00e9.<\/p>\n<p><\/p>\n<p>\u00c0 partir de <strong>12&nbsp;\u20ac par mois<\/strong>, vous avez l\u2019assurance d\u2019un excellent rapport qualit\u00e9-prix. De plus, nous nous chargeons du certificat et de la <strong>mise en service aupr\u00e8s du fournisseur<\/strong>, afin que vous puissiez oublier toute la paperasse que cela implique.<\/p>\n<p><\/p>\n<h3><strong><br \/>Pourquoi nous choisir&nbsp;?<\/strong><\/h3>\n<p><\/p>\n<ul>\n<li>Nos techniciens hautement qualifi\u00e9s veilleront \u00e0 ce que votre installation de gaz GPL soit efficace et s\u00fbre, pour vous permettre d\u2019\u00e9conomiser de l\u2019argent et de r\u00e9duire votre empreinte carbone.<\/li>\n<li>Nous proposons un <strong>devis et une visite technique gratuits<\/strong> afin que vous puissiez d\u00e9couvrir nos services et la fa\u00e7on dont nous pouvons am\u00e9liorer l\u2019efficacit\u00e9 \u00e9nerg\u00e9tique de votre logement.<\/li>\n<li>Chez Energirona, nous faisons en sorte que le processus d\u2019installation de gaz GPL soit le plus simple et le plus fluide possible pour nos clients. C\u2019est pourquoi nous nous occupons du certificat et de la <strong>mise en service aupr\u00e8s du fournisseur<\/strong>, afin que vous n\u2019ayez \u00e0 vous soucier de rien. Avec nous, tout le processus est men\u00e9 de mani\u00e8re efficace et sans accroc, vous faisant gagner du temps et des efforts.<\/li>\n<li>Nous savons que chaque foyer et chaque entreprise ont des besoins et des budgets diff\u00e9rents&nbsp;: c\u2019est pourquoi nous vous proposons une installation de gaz GPL s\u00fbre, efficace et abordable.<\/li>\n<\/ul>\n<p>[\/et_pb_text][\/et_pb_column][et_pb_column type=&#8221;1_2&#8243; _builder_version=&#8221;4.19.5&#8243; _module_preset=&#8221;default&#8221; global_colors_info=&#8221;{}&#8221;][et_pb_gallery gallery_ids=&#8221;4509,4514&#8243; fullwidth=&#8221;on&#8221; _builder_version=&#8221;4.22.2&#8243; _module_preset=&#8221;default&#8221; title_font_size=&#8221;29px&#8221; background_layout=&#8221;dark&#8221; custom_margin=&#8221;||||false|false&#8221; auto=&#8221;on&#8221; auto_speed=&#8221;4800&#8243; border_radii=&#8221;on|19px|19px|19px|19px&#8221; locked=&#8221;off&#8221; global_colors_info=&#8221;{}&#8221;][\/et_pb_gallery][\/et_pb_column][\/et_pb_row][\/et_pb_section][et_pb_section fb_built=&#8221;1&#8243; _builder_version=&#8221;4.22.2&#8243; _module_preset=&#8221;default&#8221; custom_margin=&#8221;||||false|false&#8221; custom_padding=&#8221;0px||||false|false&#8221; global_colors_info=&#8221;{}&#8221;][et_pb_row _builder_version=&#8221;4.22.2&#8243; _module_preset=&#8221;default&#8221; locked=&#8221;off&#8221; global_colors_info=&#8221;{}&#8221;][et_pb_column type=&#8221;4_4&#8243; _builder_version=&#8221;4.22.2&#8243; _module_preset=&#8221;default&#8221; global_colors_info=&#8221;{}&#8221;][et_pb_divider _builder_version=&#8221;4.22.2&#8243; _module_preset=&#8221;default&#8221; custom_margin=&#8221;10px||-30px||false|false&#8221; custom_padding=&#8221;||0px|||&#8221; global_colors_info=&#8221;{}&#8221;][\/et_pb_divider][\/et_pb_column][\/et_pb_row][et_pb_row _builder_version=&#8221;4.19.5&#8243; _module_preset=&#8221;default&#8221; global_colors_info=&#8221;{}&#8221;][et_pb_column type=&#8221;4_4&#8243; _builder_version=&#8221;4.19.5&#8243; _module_preset=&#8221;default&#8221; global_colors_info=&#8221;{}&#8221;][et_pb_text _builder_version=&#8221;4.22.2&#8243; _module_preset=&#8221;default&#8221; global_colors_info=&#8221;{}&#8221;]<\/p>\n<h2 style=\"text-align: center;\"><strong>QUESTIONS FR\u00c9QUENTES SUR LE GAZ GPL<\/strong><\/h2>\n<p><\/p>\n<p><strong><\/strong><\/p>\n<p><\/p>\n<p>Vous avez des questions ? Consultez notre section des questions les plus fr\u00e9quentes des utilisateurs ou, si vous pr\u00e9f\u00e9rez, <strong><a href=\"https:\/\/energirona.com\/fr\/contact\/\">contactez-nous directement<\/a><\/strong> pour obtenir plus d\u2019informations sur le gaz GPL et les avantages de disposer d\u2019une installation de ce type chez vous ou dans votre entreprise.<\/p>\n<p><\/p>\n<h3><\/h3>\n<p><\/p>\n<h3><\/h3>\n<p><\/p>\n<h3>Nous serons ravis de vous aider&nbsp;!<\/h3>\n<p>[\/et_pb_text][et_pb_accordion open_toggle_text_color=&#8221;#368a82&#8243; closed_toggle_background_color=&#8221;rgba(54,138,130,0.1)&#8221; icon_color=&#8221;#368a82&#8243; _builder_version=&#8221;4.20.2&#8243; _module_preset=&#8221;default&#8221; toggle_text_color=&#8221;#368a82&#8243; toggle_font=&#8221;|700|||||||&#8221; toggle_font_size=&#8221;18px&#8221; body_text_color=&#8221;#000000&#8243; global_colors_info=&#8221;{}&#8221;][et_pb_accordion_item title=&#8221;Qu&apos;est-ce que le gaz GPL et comment est-il utilis\u00e9?&#8221; open=&#8221;on&#8221; _builder_version=&#8221;4.20.2&#8243; _module_preset=&#8221;default&#8221; global_colors_info=&#8221;{}&#8221;]<\/p>\n<p><span style=\"font-weight: 400;\">Le gaz GPL (Gaz de P\u00e9trole Liqu\u00e9fi\u00e9) est un m\u00e9lange de gaz compos\u00e9 principalement de propane et de butane. Il est utilis\u00e9 comme combustible pour les chauffe-eau, la cuisine, le chauffage et les \u00e9quipements industriels. Le gaz GPL est stock\u00e9 dans des citernes et distribu\u00e9 conditionn\u00e9 en bouteilles ou via un r\u00e9seau de canalisations. C&#8217;est une source d&#8217;\u00e9nergie polyvalente et propre, qui produit moins d&#8217;\u00e9missions et de d\u00e9chets que les autres combustibles fossiles.<\/span><\/p>\n<p>[\/et_pb_accordion_item][et_pb_accordion_item title=&#8221;Combien co\u00fbte l&apos;installation de gaz GPL?&#8221; _builder_version=&#8221;4.20.2&#8243; _module_preset=&#8221;default&#8221; global_colors_info=&#8221;{}&#8221; open=&#8221;off&#8221;]<\/p>\n<p><span style=\"font-weight: 400;\">Le co\u00fbt d&#8217;installation du gaz GPL en Espagne peut varier en fonction de plusieurs facteurs, tels que la situation g\u00e9ographique, la capacit\u00e9 du r\u00e9servoir, les autorisations n\u00e9cessaires et les prix des mat\u00e9riaux. En g\u00e9n\u00e9ral, les frais peuvent \u00eatre \u00e0 partir de 1 500 \u20ac, comprenant le prix de l&#8217;\u00e9quipement, des mat\u00e9riaux, de la main-d&#8217;\u0153uvre et des autorisations n\u00e9cessaires. Cependant, tout d\u00e9pendra de l&#8217;installation. Consultez notre \u00e9quipe d&#8217;experts pour installer du gaz GPL \u00e0 Girona.<\/span><\/p>\n<p>[\/et_pb_accordion_item][et_pb_accordion_item title=&#8221;Comment le gaz GPL est-il stock\u00e9 chez moi ou dans mon entreprise ?&#8221; _builder_version=&#8221;4.20.2&#8243; _module_preset=&#8221;default&#8221; global_colors_info=&#8221;{}&#8221; open=&#8221;off&#8221;]<\/p>\n<p><span style=\"font-weight: 400;\">Le gaz GPL est stock\u00e9 dans un r\u00e9servoir sp\u00e9cial situ\u00e9 \u00e0 l&#8217;ext\u00e9rieur de la maison ou de l&#8217;entreprise. Le r\u00e9servoir est con\u00e7u pour r\u00e9sister \u00e0 la pression du gaz et est reli\u00e9 \u00e0 l&#8217;installation de gaz au moyen d&#8217;un tuyau. Le lieu de stockage doit \u00eatre conforme aux r\u00e9glementations locales et \u00e9loign\u00e9 de sources de chaleur ou inflammables. Il est important de garder le d\u00e9p\u00f4t en bon \u00e9tat.<\/span><\/p>\n<p>[\/et_pb_accordion_item][\/et_pb_accordion][\/et_pb_column][\/et_pb_row][\/et_pb_section]<\/p>\n","protected":false},"excerpt":{"rendered":"<p>INSTALLATIONDE GAZ GLPAppelez-nous maintenant au621 14 60 03Ou remplissez le formulaire suivant\n<div class=\"wpcf7 no-js\" id=\"wpcf7-f2832-o2\" lang=\"fr-FR\" dir=\"ltr\" data-wpcf7-id=\"2832\">\n<div class=\"screen-reader-response\"><p role=\"status\" aria-live=\"polite\" aria-atomic=\"true\"><\/p> <ul><\/ul><\/div>\n<form action=\"\/fr\/wp-json\/wp\/v2\/pages\/2759#wpcf7-f2832-o2\" method=\"post\" class=\"wpcf7-form init\" aria-label=\"Formulaire de contact\" novalidate=\"novalidate\" data-status=\"init\">\n<fieldset class=\"hidden-fields-container\"><input type=\"hidden\" name=\"_wpcf7\" value=\"2832\" \/><input type=\"hidden\" name=\"_wpcf7_version\" value=\"6.1.5\" \/><input type=\"hidden\" name=\"_wpcf7_locale\" value=\"fr_FR\" \/><input type=\"hidden\" name=\"_wpcf7_unit_tag\" value=\"wpcf7-f2832-o2\" \/><input type=\"hidden\" name=\"_wpcf7_container_post\" value=\"0\" \/><input type=\"hidden\" name=\"_wpcf7_posted_data_hash\" value=\"\" \/><input type=\"hidden\" name=\"_wpcf7_recaptcha_response\" value=\"\" \/>\n<\/fieldset>\n<label> Ton nom\r\n    <span class=\"wpcf7-form-control-wrap\" data-name=\"your-name\"><input size=\"40\" maxlength=\"400\" class=\"wpcf7-form-control wpcf7-text wpcf7-validates-as-required\" autocomplete=\"name\" aria-required=\"true\" aria-invalid=\"false\" value=\"\" type=\"text\" name=\"your-name\" \/><\/span>\r\n<\/label>\r\n\r\n<label> Num\u00e9ro de t\u00e9l\u00e9phone\r\n    <span class=\"wpcf7-form-control-wrap\" data-name=\"tel-num\"><input size=\"40\" maxlength=\"400\" class=\"wpcf7-form-control wpcf7-tel wpcf7-validates-as-required wpcf7-text wpcf7-validates-as-tel\" aria-required=\"true\" aria-invalid=\"false\" value=\"\" type=\"tel\" name=\"tel-num\" \/><\/span>\r\n<\/label>\r\n\r\n<label> Ville\r\n    <span class=\"wpcf7-form-control-wrap\" data-name=\"pob\"><input size=\"40\" maxlength=\"400\" class=\"wpcf7-form-control wpcf7-text wpcf7-validates-as-required\" aria-required=\"true\" aria-invalid=\"false\" value=\"\" type=\"text\" name=\"pob\" \/><\/span>\r\n<\/label>\r\n\r\n<span class=\"wpcf7-form-control-wrap\" data-name=\"acceptance-432\"><span class=\"wpcf7-form-control wpcf7-acceptance\"><span class=\"wpcf7-list-item\"><label><input type=\"checkbox\" name=\"acceptance-432\" value=\"1\" aria-invalid=\"false\" \/><span class=\"wpcf7-list-item-label\">J'ai lu et j'accepte la <a href=\"\/politica-de-privacidad\">politique de confidentialit\u00e9<\/a><\/span><\/label><\/span><\/span><\/span>\r\n<input class=\"wpcf7-form-control wpcf7-hidden\" value=\"\" type=\"hidden\" name=\"utm_source\" \/>\r\n<input class=\"wpcf7-form-control wpcf7-hidden\" value=\"\" type=\"hidden\" name=\"utm_medium\" \/>\r\n<input class=\"wpcf7-form-control wpcf7-hidden\" value=\"\" type=\"hidden\" name=\"utm_campaign\" \/>\r\n<input class=\"wpcf7-form-control wpcf7-hidden\" value=\"\" type=\"hidden\" name=\"gclid\" \/>\r\n<input class=\"wpcf7-form-control wpcf7-hidden\" value=\"\" type=\"hidden\" name=\"utm_id\" \/>\r\n\r\n<input class=\"wpcf7-form-control wpcf7-submit has-spinner\" type=\"submit\" value=\"Contactez-moi\" \/><div class=\"wpcf7-response-output\" aria-hidden=\"true\"><\/div>\n<\/form>\n<\/div>\n\u00c9CONOMISEZ SUR VOTRE CONSOMMATION DE CARBURANT AVEC LE GAZ GPLAvec Energirona, vous pouvez r\u00e9aliser l\u2019installation de gaz GPL \u00e0 votre domicile ou dans votre entreprise, avec un devis et une visite technique gratuits pour d\u00e9couvrir de premi\u00e8re main [&hellip;]<\/p>\n","protected":false},"author":1,"featured_media":4517,"parent":0,"menu_order":0,"comment_status":"closed","ping_status":"closed","template":"","meta":{"_acf_changed":false,"_et_pb_use_builder":"on","_et_pb_old_content":"","_et_gb_content_width":"","footnotes":""},"class_list":["post-2759","page","type-page","status-publish","has-post-thumbnail","hentry"],"acf":[],"yoast_head":"<!-- This site is optimized with the Yoast SEO plugin v27.4 - https:\/\/yoast.com\/product\/yoast-seo-wordpress\/ -->\n<title>Installation de gaz GPL \u00e0 Girona | Energirona<\/title>\n<meta name=\"description\" content=\"Installation de gaz GPL dans la province de Girona. Devis gratuit et visite technique. Rapidit\u00e9 d&#039;installation.\" \/>\n<meta name=\"robots\" content=\"index, follow, max-snippet:-1, max-image-preview:large, max-video-preview:-1\" \/>\n<link rel=\"canonical\" href=\"https:\/\/energirona.com\/fr\/gaz-gpl\/\" \/>\n<meta property=\"og:locale\" content=\"fr_FR\" \/>\n<meta property=\"og:type\" content=\"article\" \/>\n<meta property=\"og:title\" content=\"Installation de gaz GPL \u00e0 Girona | Energirona\" \/>\n<meta property=\"og:description\" content=\"Installation de gaz GPL dans la province de Girona. Devis gratuit et visite technique. Rapidit\u00e9 d&#039;installation.\" \/>\n<meta property=\"og:url\" content=\"https:\/\/energirona.com\/fr\/gaz-gpl\/\" \/>\n<meta property=\"og:site_name\" content=\"Energirona\" \/>\n<meta property=\"article:modified_time\" content=\"2025-10-15T09:50:26+00:00\" \/>\n<meta property=\"og:image\" content=\"https:\/\/energirona.com\/wp-content\/uploads\/2024\/08\/galeria-energirona-apartat-diposits-glp-2.jpg\" \/>\n\t<meta property=\"og:image:width\" content=\"900\" \/>\n\t<meta property=\"og:image:height\" content=\"600\" \/>\n\t<meta property=\"og:image:type\" content=\"image\/jpeg\" \/>\n<meta name=\"twitter:card\" content=\"summary_large_image\" \/>\n<meta name=\"twitter:label1\" content=\"Dur\u00e9e de lecture estim\u00e9e\" \/>\n\t<meta name=\"twitter:data1\" content=\"3 minutes\" \/>\n<!-- \/ Yoast SEO plugin. -->","yoast_head_json":{"title":"Installation de gaz GPL \u00e0 Girona | Energirona","description":"Installation de gaz GPL dans la province de Girona. Devis gratuit et visite technique. Rapidit\u00e9 d'installation.","robots":{"index":"index","follow":"follow","max-snippet":"max-snippet:-1","max-image-preview":"max-image-preview:large","max-video-preview":"max-video-preview:-1"},"canonical":"https:\/\/energirona.com\/fr\/gaz-gpl\/","og_locale":"fr_FR","og_type":"article","og_title":"Installation de gaz GPL \u00e0 Girona | Energirona","og_description":"Installation de gaz GPL dans la province de Girona. Devis gratuit et visite technique. Rapidit\u00e9 d'installation.","og_url":"https:\/\/energirona.com\/fr\/gaz-gpl\/","og_site_name":"Energirona","article_modified_time":"2025-10-15T09:50:26+00:00","og_image":[{"width":900,"height":600,"url":"https:\/\/energirona.com\/wp-content\/uploads\/2024\/08\/galeria-energirona-apartat-diposits-glp-2.jpg","type":"image\/jpeg"}],"twitter_card":"summary_large_image","twitter_misc":{"Dur\u00e9e de lecture estim\u00e9e":"3 minutes"},"schema":{"@context":"https:\/\/schema.org","@graph":[{"@type":"WebPage","@id":"https:\/\/energirona.com\/fr\/gaz-gpl\/","url":"https:\/\/energirona.com\/fr\/gaz-gpl\/","name":"Installation de gaz GPL \u00e0 Girona | Energirona","isPartOf":{"@id":"https:\/\/energirona.com\/fr\/#website"},"primaryImageOfPage":{"@id":"https:\/\/energirona.com\/fr\/gaz-gpl\/#primaryimage"},"image":{"@id":"https:\/\/energirona.com\/fr\/gaz-gpl\/#primaryimage"},"thumbnailUrl":"https:\/\/energirona.com\/wp-content\/uploads\/2024\/08\/galeria-energirona-apartat-diposits-glp-2.jpg","datePublished":"2023-02-06T11:15:02+00:00","dateModified":"2025-10-15T09:50:26+00:00","description":"Installation de gaz GPL dans la province de Girona. Devis gratuit et visite technique. Rapidit\u00e9 d'installation.","breadcrumb":{"@id":"https:\/\/energirona.com\/fr\/gaz-gpl\/#breadcrumb"},"inLanguage":"fr-FR","potentialAction":[{"@type":"ReadAction","target":["https:\/\/energirona.com\/fr\/gaz-gpl\/"]}]},{"@type":"ImageObject","inLanguage":"fr-FR","@id":"https:\/\/energirona.com\/fr\/gaz-gpl\/#primaryimage","url":"https:\/\/energirona.com\/wp-content\/uploads\/2024\/08\/galeria-energirona-apartat-diposits-glp-2.jpg","contentUrl":"https:\/\/energirona.com\/wp-content\/uploads\/2024\/08\/galeria-energirona-apartat-diposits-glp-2.jpg","width":900,"height":600,"caption":"galeria-energirona-apartat-diposits-glp-2"},{"@type":"BreadcrumbList","@id":"https:\/\/energirona.com\/fr\/gaz-gpl\/#breadcrumb","itemListElement":[{"@type":"ListItem","position":1,"name":"Portada","item":"https:\/\/energirona.com\/fr\/accueil\/"},{"@type":"ListItem","position":2,"name":"Gaz GPL"}]},{"@type":"WebSite","@id":"https:\/\/energirona.com\/fr\/#website","url":"https:\/\/energirona.com\/fr\/","name":"Energirona","description":"","publisher":{"@id":"https:\/\/energirona.com\/fr\/#organization"},"potentialAction":[{"@type":"SearchAction","target":{"@type":"EntryPoint","urlTemplate":"https:\/\/energirona.com\/fr\/?s={search_term_string}"},"query-input":{"@type":"PropertyValueSpecification","valueRequired":true,"valueName":"search_term_string"}}],"inLanguage":"fr-FR"},{"@type":"Organization","@id":"https:\/\/energirona.com\/fr\/#organization","name":"Energirona","url":"https:\/\/energirona.com\/fr\/","logo":{"@type":"ImageObject","inLanguage":"fr-FR","@id":"https:\/\/energirona.com\/fr\/#\/schema\/logo\/image\/","url":"https:\/\/energirona.com\/wp-content\/uploads\/2023\/02\/logo-energirona.png","contentUrl":"https:\/\/energirona.com\/wp-content\/uploads\/2023\/02\/logo-energirona.png","width":313,"height":57,"caption":"Energirona"},"image":{"@id":"https:\/\/energirona.com\/fr\/#\/schema\/logo\/image\/"}}]}},"_links":{"self":[{"href":"https:\/\/energirona.com\/fr\/wp-json\/wp\/v2\/pages\/2759","targetHints":{"allow":["GET"]}}],"collection":[{"href":"https:\/\/energirona.com\/fr\/wp-json\/wp\/v2\/pages"}],"about":[{"href":"https:\/\/energirona.com\/fr\/wp-json\/wp\/v2\/types\/page"}],"author":[{"embeddable":true,"href":"https:\/\/energirona.com\/fr\/wp-json\/wp\/v2\/users\/1"}],"replies":[{"embeddable":true,"href":"https:\/\/energirona.com\/fr\/wp-json\/wp\/v2\/comments?post=2759"}],"version-history":[{"count":9,"href":"https:\/\/energirona.com\/fr\/wp-json\/wp\/v2\/pages\/2759\/revisions"}],"predecessor-version":[{"id":7534,"href":"https:\/\/energirona.com\/fr\/wp-json\/wp\/v2\/pages\/2759\/revisions\/7534"}],"wp:featuredmedia":[{"embeddable":true,"href":"https:\/\/energirona.com\/fr\/wp-json\/wp\/v2\/media\/4517"}],"wp:attachment":[{"href":"https:\/\/energirona.com\/fr\/wp-json\/wp\/v2\/media?parent=2759"}],"curies":[{"name":"wp","href":"https:\/\/api.w.org\/{rel}","templated":true}]}}