{"id":8861,"date":"2026-04-09T11:56:06","date_gmt":"2026-04-09T09:56:06","guid":{"rendered":"https:\/\/energirona.com\/toshiba-air-conditioning\/"},"modified":"2026-04-09T12:00:32","modified_gmt":"2026-04-09T10:00:32","slug":"toshiba-air-conditioning","status":"publish","type":"page","link":"https:\/\/energirona.com\/en\/toshiba-air-conditioning\/","title":{"rendered":"Toshiba Air Conditioning"},"content":{"rendered":"<p>[et_pb_section fb_built=&#8221;1&#8243; _builder_version=&#8221;4.20.0&#8243; _module_preset=&#8221;default&#8221; background_color=&#8221;#368a82&#8243; custom_padding=&#8221;32px||32px||true|false&#8221; global_colors_info=&#8221;{}&#8221;][et_pb_row column_structure=&#8221;1_2,1_2&#8243; _builder_version=&#8221;4.20.0&#8243; _module_preset=&#8221;default&#8221; custom_padding=&#8221;0px||0px||true|false&#8221; hover_enabled=&#8221;0&#8243; custom_css_main_element=&#8221;display: flex;||align-items: center;&#8221; global_colors_info=&#8221;{}&#8221; custom_css_main_element_last_edited=&#8221;on|tablet&#8221; custom_css_main_element_tablet=&#8221;display: block;&#8221; custom_css_main_element_phone=&#8221;display: block;&#8221; sticky_enabled=&#8221;0&#8243;][et_pb_column type=&#8221;1_2&#8243; _builder_version=&#8221;4.20.0&#8243; _module_preset=&#8221;default&#8221; global_colors_info=&#8221;{}&#8221;][et_pb_text _builder_version=&#8221;4.20.0&#8243; _module_preset=&#8221;default&#8221; header_font=&#8221;|700|||||||&#8221; header_text_color=&#8221;#FFFFFF&#8221; global_colors_info=&#8221;{}&#8221;]<\/p>\n<h1>Toshiba Air Conditioning<\/h1>\n<p>[\/et_pb_text][\/et_pb_column][et_pb_column type=&#8221;1_2&#8243; _builder_version=&#8221;4.20.0&#8243; _module_preset=&#8221;default&#8221; global_colors_info=&#8221;{}&#8221;][et_pb_image src=&#8221;https:\/\/energirona.com\/wp-content\/uploads\/2026\/04\/Vector-2.png&#8221; title_text=&#8221;Vector (2)&#8221; align=&#8221;right&#8221; _builder_version=&#8221;4.27.6&#8243; _module_preset=&#8221;default&#8221; width=&#8221;240px&#8221; hover_enabled=&#8221;0&#8243; border_radii=&#8221;on|6px|6px|6px|6px&#8221; global_colors_info=&#8221;{}&#8221; sticky_enabled=&#8221;0&#8243;][\/et_pb_image][\/et_pb_column][\/et_pb_row][\/et_pb_section][et_pb_section fb_built=&#8221;1&#8243; _builder_version=&#8221;4.20.0&#8243; _module_preset=&#8221;default&#8221; global_colors_info=&#8221;{}&#8221;][et_pb_row _builder_version=&#8221;4.20.0&#8243; _module_preset=&#8221;default&#8221; global_colors_info=&#8221;{}&#8221;][et_pb_column type=&#8221;4_4&#8243; _builder_version=&#8221;4.20.0&#8243; _module_preset=&#8221;default&#8221; global_colors_info=&#8221;{}&#8221;][et_pb_text _builder_version=&#8221;4.27.6&#8243; _module_preset=&#8221;default&#8221; hover_enabled=&#8221;0&#8243; global_colors_info=&#8221;{}&#8221; sticky_enabled=&#8221;0&#8243;]<\/p>\n<p>&nbsp;<\/p>\n<p>Japanese innovation and energy efficiency come together in Toshiba to deliver reliable, quiet, and high-performance air conditioning solutions. With a long track record in the development of advanced technology, Toshiba positions itself as one of the leading brands in the sector, consistently committed to quality, sustainability, and continuous improvement.<\/p>\n<p>Their air conditioning systems are designed to ensure maximum comfort in any type of space, whether in homes, offices, or commercial environments. Destacan por su funcionamiento ultra silencioso, su alta eficiencia energ\u00e9tica y su capacidad para mantener una temperatura estable y agradable durante todo el a\u00f1o, optimizando al mismo tiempo el consumo energ\u00e9tico.<\/p>\n<p>In addition, Toshiba incorporates technological innovations such as advanced filtration systems, intelligent control and environmentally friendly solutions, helping to improve indoor air quality and reduce environmental impact. All this without sacrificing an elegant and compact design that adapts perfectly to any environment.<\/p>\n<p>Choosing Toshiba is betting on a durable, efficient and reliable air conditioning, backed by a brand with international recognition and decades of experience in the industry.[\/et_pb_text][et_pb_custblog post_type=&#8221;productos&#8221; include_categories_marcas=&#8221;128,184&#8243; fullwidth=&#8221;off&#8221; use_manual_excerpt=&#8221;off&#8221; show_author=&#8221;off&#8221; show_date=&#8221;off&#8221; show_categories=&#8221;off&#8221; show_excerpt=&#8221;off&#8221; _builder_version=&#8221;4.27.6&#8243; _module_preset=&#8221;default&#8221; header_level=&#8221;h3&#8243; header_font=&#8221;|700|||||||&#8221; child_mix_blend_mode=&#8221;multiply&#8221; hover_enabled=&#8221;0&#8243; border_width_all=&#8221;0px&#8221; global_colors_info=&#8221;{}&#8221; sticky_enabled=&#8221;0&#8243;][\/et_pb_custblog][\/et_pb_column][\/et_pb_row][\/et_pb_section]<\/p>\n","protected":false},"excerpt":{"rendered":"<p>Toshiba Air Conditioning&nbsp; Japanese innovation and energy efficiency come together in Toshiba to deliver reliable, quiet, and high-performance air conditioning solutions. With a long track record in the development of advanced technology, Toshiba positions itself as one of the leading brands in the sector, consistently committed to quality, sustainability, and continuous improvement. Their air conditioning [&hellip;]<\/p>\n","protected":false},"author":1,"featured_media":0,"parent":0,"menu_order":0,"comment_status":"closed","ping_status":"closed","template":"","meta":{"_acf_changed":false,"_et_pb_use_builder":"on","_et_pb_old_content":"","_et_gb_content_width":"","footnotes":""},"class_list":["post-8861","page","type-page","status-publish","hentry"],"acf":[],"yoast_head":"<!-- This site is optimized with the Yoast SEO plugin v27.3 - https:\/\/yoast.com\/product\/yoast-seo-wordpress\/ -->\n<title>Toshiba Air Conditioning - Energirona<\/title>\n<meta name=\"robots\" content=\"index, follow, max-snippet:-1, max-image-preview:large, max-video-preview:-1\" \/>\n<link rel=\"canonical\" href=\"https:\/\/energirona.com\/en\/toshiba-air-conditioning\/\" \/>\n<meta property=\"og:locale\" content=\"en_US\" \/>\n<meta property=\"og:type\" content=\"article\" \/>\n<meta property=\"og:title\" content=\"Toshiba Air Conditioning - Energirona\" \/>\n<meta property=\"og:description\" content=\"Toshiba Air Conditioning&nbsp; Japanese innovation and energy efficiency come together in Toshiba to deliver reliable, quiet, and high-performance air conditioning solutions. With a long track record in the development of advanced technology, Toshiba positions itself as one of the leading brands in the sector, consistently committed to quality, sustainability, and continuous improvement. Their air conditioning [&hellip;]\" \/>\n<meta property=\"og:url\" content=\"https:\/\/energirona.com\/en\/toshiba-air-conditioning\/\" \/>\n<meta property=\"og:site_name\" content=\"Energirona\" \/>\n<meta property=\"article:modified_time\" content=\"2026-04-09T10:00:32+00:00\" \/>\n<meta name=\"twitter:card\" content=\"summary_large_image\" \/>\n<meta name=\"twitter:label1\" content=\"Est. reading time\" \/>\n\t<meta name=\"twitter:data1\" content=\"2 minutes\" \/>\n<!-- \/ Yoast SEO plugin. -->","yoast_head_json":{"title":"Toshiba Air Conditioning - Energirona","robots":{"index":"index","follow":"follow","max-snippet":"max-snippet:-1","max-image-preview":"max-image-preview:large","max-video-preview":"max-video-preview:-1"},"canonical":"https:\/\/energirona.com\/en\/toshiba-air-conditioning\/","og_locale":"en_US","og_type":"article","og_title":"Toshiba Air Conditioning - Energirona","og_description":"Toshiba Air Conditioning&nbsp; Japanese innovation and energy efficiency come together in Toshiba to deliver reliable, quiet, and high-performance air conditioning solutions. With a long track record in the development of advanced technology, Toshiba positions itself as one of the leading brands in the sector, consistently committed to quality, sustainability, and continuous improvement. Their air conditioning [&hellip;]","og_url":"https:\/\/energirona.com\/en\/toshiba-air-conditioning\/","og_site_name":"Energirona","article_modified_time":"2026-04-09T10:00:32+00:00","twitter_card":"summary_large_image","twitter_misc":{"Est. reading time":"2 minutes"},"schema":{"@context":"https:\/\/schema.org","@graph":[{"@type":"WebPage","@id":"https:\/\/energirona.com\/en\/toshiba-air-conditioning\/","url":"https:\/\/energirona.com\/en\/toshiba-air-conditioning\/","name":"Toshiba Air Conditioning - Energirona","isPartOf":{"@id":"https:\/\/energirona.com\/en\/#website"},"datePublished":"2026-04-09T09:56:06+00:00","dateModified":"2026-04-09T10:00:32+00:00","breadcrumb":{"@id":"https:\/\/energirona.com\/en\/toshiba-air-conditioning\/#breadcrumb"},"inLanguage":"en-US","potentialAction":[{"@type":"ReadAction","target":["https:\/\/energirona.com\/en\/toshiba-air-conditioning\/"]}]},{"@type":"BreadcrumbList","@id":"https:\/\/energirona.com\/en\/toshiba-air-conditioning\/#breadcrumb","itemListElement":[{"@type":"ListItem","position":1,"name":"Portada","item":"https:\/\/energirona.com\/en\/home\/"},{"@type":"ListItem","position":2,"name":"Toshiba Air Conditioning"}]},{"@type":"WebSite","@id":"https:\/\/energirona.com\/en\/#website","url":"https:\/\/energirona.com\/en\/","name":"Energirona","description":"","publisher":{"@id":"https:\/\/energirona.com\/en\/#organization"},"potentialAction":[{"@type":"SearchAction","target":{"@type":"EntryPoint","urlTemplate":"https:\/\/energirona.com\/en\/?s={search_term_string}"},"query-input":{"@type":"PropertyValueSpecification","valueRequired":true,"valueName":"search_term_string"}}],"inLanguage":"en-US"},{"@type":"Organization","@id":"https:\/\/energirona.com\/en\/#organization","name":"Energirona","url":"https:\/\/energirona.com\/en\/","logo":{"@type":"ImageObject","inLanguage":"en-US","@id":"https:\/\/energirona.com\/en\/#\/schema\/logo\/image\/","url":"https:\/\/energirona.com\/wp-content\/uploads\/2023\/02\/logo-energirona.png","contentUrl":"https:\/\/energirona.com\/wp-content\/uploads\/2023\/02\/logo-energirona.png","width":313,"height":57,"caption":"Energirona"},"image":{"@id":"https:\/\/energirona.com\/en\/#\/schema\/logo\/image\/"}}]}},"_links":{"self":[{"href":"https:\/\/energirona.com\/en\/wp-json\/wp\/v2\/pages\/8861","targetHints":{"allow":["GET"]}}],"collection":[{"href":"https:\/\/energirona.com\/en\/wp-json\/wp\/v2\/pages"}],"about":[{"href":"https:\/\/energirona.com\/en\/wp-json\/wp\/v2\/types\/page"}],"author":[{"embeddable":true,"href":"https:\/\/energirona.com\/en\/wp-json\/wp\/v2\/users\/1"}],"replies":[{"embeddable":true,"href":"https:\/\/energirona.com\/en\/wp-json\/wp\/v2\/comments?post=8861"}],"version-history":[{"count":2,"href":"https:\/\/energirona.com\/en\/wp-json\/wp\/v2\/pages\/8861\/revisions"}],"predecessor-version":[{"id":8863,"href":"https:\/\/energirona.com\/en\/wp-json\/wp\/v2\/pages\/8861\/revisions\/8863"}],"wp:attachment":[{"href":"https:\/\/energirona.com\/en\/wp-json\/wp\/v2\/media?parent=8861"}],"curies":[{"name":"wp","href":"https:\/\/api.w.org\/{rel}","templated":true}]}}