{"id":8906,"date":"2026-04-09T12:25:33","date_gmt":"2026-04-09T10:25:33","guid":{"rendered":"https:\/\/energirona.com\/aire-condicionat-saunier-duval\/"},"modified":"2026-04-09T12:29:02","modified_gmt":"2026-04-09T10:29:02","slug":"aire-condicionat-saunier-duval","status":"publish","type":"page","link":"https:\/\/energirona.com\/ca\/aire-condicionat-saunier-duval\/","title":{"rendered":"Aire condicionat Saunier Duval"},"content":{"rendered":"<p>[et_pb_section fb_built=&#8221;1&#8243; _builder_version=&#8221;4.20.0&#8243; _module_preset=&#8221;default&#8221; background_color=&#8221;#368a82&#8243; custom_padding=&#8221;32px||32px||true|false&#8221; global_colors_info=&#8221;{}&#8221;][et_pb_row column_structure=&#8221;1_2,1_2&#8243; _builder_version=&#8221;4.20.0&#8243; _module_preset=&#8221;default&#8221; custom_padding=&#8221;0px||0px||true|false&#8221; custom_css_main_element=&#8221;display: flex;||align-items: center;&#8221; global_colors_info=&#8221;{}&#8221; custom_css_main_element_last_edited=&#8221;on|tablet&#8221; custom_css_main_element_tablet=&#8221;display: block;&#8221; custom_css_main_element_phone=&#8221;display: block;&#8221;][et_pb_column type=&#8221;1_2&#8243; _builder_version=&#8221;4.20.0&#8243; _module_preset=&#8221;default&#8221; global_colors_info=&#8221;{}&#8221;][et_pb_text _builder_version=&#8221;4.20.0&#8243; _module_preset=&#8221;default&#8221; header_font=&#8221;|700|||||||&#8221; header_text_color=&#8221;#FFFFFF&#8221; global_colors_info=&#8221;{}&#8221;]<\/p>\n<h1>Aire condicionat Saunier Duval<\/h1>\n<p>[\/et_pb_text][\/et_pb_column][et_pb_column type=&#8221;1_2&#8243; _builder_version=&#8221;4.20.0&#8243; _module_preset=&#8221;default&#8221; global_colors_info=&#8221;{}&#8221;][et_pb_image src=&#8221;https:\/\/energirona.com\/wp-content\/uploads\/2023\/03\/energirona-marcas-logo-saunier-duval.jpg&#8221; title_text=&#8221;energirona-marcas-logo-saunier-duval&#8221; align=&#8221;right&#8221; _builder_version=&#8221;4.27.6&#8243; _module_preset=&#8221;default&#8221; width=&#8221;182px&#8221; hover_enabled=&#8221;0&#8243; border_radii=&#8221;on|6px|6px|6px|6px&#8221; global_colors_info=&#8221;{}&#8221; alt=&#8221;energirona-marcas-logo-saunier-duval&#8221; sticky_enabled=&#8221;0&#8243;][\/et_pb_image][\/et_pb_column][\/et_pb_row][\/et_pb_section][et_pb_section fb_built=&#8221;1&#8243; _builder_version=&#8221;4.20.0&#8243; _module_preset=&#8221;default&#8221; global_colors_info=&#8221;{}&#8221;][et_pb_row _builder_version=&#8221;4.20.0&#8243; _module_preset=&#8221;default&#8221; global_colors_info=&#8221;{}&#8221;][et_pb_column type=&#8221;4_4&#8243; _builder_version=&#8221;4.20.0&#8243; _module_preset=&#8221;default&#8221; global_colors_info=&#8221;{}&#8221;][et_pb_text _builder_version=&#8221;4.27.6&#8243; _module_preset=&#8221;default&#8221; hover_enabled=&#8221;0&#8243; global_colors_info=&#8221;{}&#8221; sticky_enabled=&#8221;0&#8243;]Saunier Duval \u00e9s una marca de refer\u00e8ncia en el sector de la climatitzaci\u00f3, reconeguda per la seva fiabilitat, innovaci\u00f3 i comprom\u00eds amb l\u2019efici\u00e8ncia energ\u00e8tica. Amb una s\u00f2lida traject\u00f2ria a Europa, destaca per oferir solucions dissenyades per garantir el m\u00e0xim confort en habitatges i negocis.<\/p>\n<p>Els seus equips d\u2019aire condicionat combinen tecnologia avan\u00e7ada, funcionament silenci\u00f3s i un alt rendiment energ\u00e8tic, permetent mantenir una temperatura \u00f2ptima durant tot l\u2019any amb un consum eficient. A m\u00e9s, estan pensats per oferir una experi\u00e8ncia d\u2019\u00fas senzilla i intu\u00eftiva.<\/p>\n<p>La marca aposta per solucions sostenibles, incorporant refrigerants m\u00e9s respectuosos amb el medi ambient i sistemes que optimitzen el consum energ\u00e8tic sense comprometre el rendiment. Tot aix\u00f2 acompanyat d\u2019un disseny modern i funcional que s\u2019adapta a qualsevol espai.<\/p>\n<p>Escollir Saunier Duval \u00e9s confiar en una climatitzaci\u00f3 eficient, duradora i avalada per una marca amb una \u00e0mplia experi\u00e8ncia i reconeixement en el sector.[\/et_pb_text][et_pb_custblog post_type=&#8221;productos&#8221; include_categories_marcas=&#8221;128,187&#8243; fullwidth=&#8221;off&#8221; use_manual_excerpt=&#8221;off&#8221; show_author=&#8221;off&#8221; show_date=&#8221;off&#8221; show_categories=&#8221;off&#8221; show_excerpt=&#8221;off&#8221; _builder_version=&#8221;4.27.6&#8243; _module_preset=&#8221;default&#8221; header_level=&#8221;h3&#8243; header_font=&#8221;|700|||||||&#8221; child_mix_blend_mode=&#8221;multiply&#8221; hover_enabled=&#8221;0&#8243; border_width_all=&#8221;0px&#8221; global_colors_info=&#8221;{}&#8221; sticky_enabled=&#8221;0&#8243;][\/et_pb_custblog][\/et_pb_column][\/et_pb_row][\/et_pb_section]<\/p>\n","protected":false},"excerpt":{"rendered":"<p>Aire condicionat Saunier DuvalSaunier Duval \u00e9s una marca de refer\u00e8ncia en el sector de la climatitzaci\u00f3, reconeguda per la seva fiabilitat, innovaci\u00f3 i comprom\u00eds amb l\u2019efici\u00e8ncia energ\u00e8tica. Amb una s\u00f2lida traject\u00f2ria a Europa, destaca per oferir solucions dissenyades per garantir el m\u00e0xim confort en habitatges i negocis. Els seus equips d\u2019aire condicionat combinen tecnologia avan\u00e7ada, [&hellip;]<\/p>\n","protected":false},"author":1,"featured_media":0,"parent":0,"menu_order":0,"comment_status":"closed","ping_status":"closed","template":"","meta":{"_acf_changed":false,"_et_pb_use_builder":"on","_et_pb_old_content":"","_et_gb_content_width":"","footnotes":""},"class_list":["post-8906","page","type-page","status-publish","hentry"],"acf":[],"yoast_head":"<!-- This site is optimized with the Yoast SEO plugin v27.4 - https:\/\/yoast.com\/product\/yoast-seo-wordpress\/ -->\n<title>Aire condicionat Saunier Duval - Energirona<\/title>\n<meta name=\"robots\" content=\"index, follow, max-snippet:-1, max-image-preview:large, max-video-preview:-1\" \/>\n<link rel=\"canonical\" href=\"https:\/\/energirona.com\/ca\/aire-condicionat-saunier-duval\/\" \/>\n<meta property=\"og:locale\" content=\"ca_ES\" \/>\n<meta property=\"og:type\" content=\"article\" \/>\n<meta property=\"og:title\" content=\"Aire condicionat Saunier Duval - Energirona\" \/>\n<meta property=\"og:description\" content=\"Aire condicionat Saunier DuvalSaunier Duval \u00e9s una marca de refer\u00e8ncia en el sector de la climatitzaci\u00f3, reconeguda per la seva fiabilitat, innovaci\u00f3 i comprom\u00eds amb l\u2019efici\u00e8ncia energ\u00e8tica. Amb una s\u00f2lida traject\u00f2ria a Europa, destaca per oferir solucions dissenyades per garantir el m\u00e0xim confort en habitatges i negocis. Els seus equips d\u2019aire condicionat combinen tecnologia avan\u00e7ada, [&hellip;]\" \/>\n<meta property=\"og:url\" content=\"https:\/\/energirona.com\/ca\/aire-condicionat-saunier-duval\/\" \/>\n<meta property=\"og:site_name\" content=\"Energirona\" \/>\n<meta property=\"article:modified_time\" content=\"2026-04-09T10:29:02+00:00\" \/>\n<meta name=\"twitter:card\" content=\"summary_large_image\" \/>\n<meta name=\"twitter:label1\" content=\"Temps estimat de lectura\" \/>\n\t<meta name=\"twitter:data1\" content=\"2 minuts\" \/>\n<!-- \/ Yoast SEO plugin. -->","yoast_head_json":{"title":"Aire condicionat Saunier Duval - Energirona","robots":{"index":"index","follow":"follow","max-snippet":"max-snippet:-1","max-image-preview":"max-image-preview:large","max-video-preview":"max-video-preview:-1"},"canonical":"https:\/\/energirona.com\/ca\/aire-condicionat-saunier-duval\/","og_locale":"ca_ES","og_type":"article","og_title":"Aire condicionat Saunier Duval - Energirona","og_description":"Aire condicionat Saunier DuvalSaunier Duval \u00e9s una marca de refer\u00e8ncia en el sector de la climatitzaci\u00f3, reconeguda per la seva fiabilitat, innovaci\u00f3 i comprom\u00eds amb l\u2019efici\u00e8ncia energ\u00e8tica. Amb una s\u00f2lida traject\u00f2ria a Europa, destaca per oferir solucions dissenyades per garantir el m\u00e0xim confort en habitatges i negocis. Els seus equips d\u2019aire condicionat combinen tecnologia avan\u00e7ada, [&hellip;]","og_url":"https:\/\/energirona.com\/ca\/aire-condicionat-saunier-duval\/","og_site_name":"Energirona","article_modified_time":"2026-04-09T10:29:02+00:00","twitter_card":"summary_large_image","twitter_misc":{"Temps estimat de lectura":"2 minuts"},"schema":{"@context":"https:\/\/schema.org","@graph":[{"@type":"WebPage","@id":"https:\/\/energirona.com\/ca\/aire-condicionat-saunier-duval\/","url":"https:\/\/energirona.com\/ca\/aire-condicionat-saunier-duval\/","name":"Aire condicionat Saunier Duval - Energirona","isPartOf":{"@id":"https:\/\/energirona.com\/ca\/#website"},"datePublished":"2026-04-09T10:25:33+00:00","dateModified":"2026-04-09T10:29:02+00:00","breadcrumb":{"@id":"https:\/\/energirona.com\/ca\/aire-condicionat-saunier-duval\/#breadcrumb"},"inLanguage":"ca","potentialAction":[{"@type":"ReadAction","target":["https:\/\/energirona.com\/ca\/aire-condicionat-saunier-duval\/"]}]},{"@type":"BreadcrumbList","@id":"https:\/\/energirona.com\/ca\/aire-condicionat-saunier-duval\/#breadcrumb","itemListElement":[{"@type":"ListItem","position":1,"name":"Portada","item":"https:\/\/energirona.com\/ca\/inici\/"},{"@type":"ListItem","position":2,"name":"Aire condicionat Saunier Duval"}]},{"@type":"WebSite","@id":"https:\/\/energirona.com\/ca\/#website","url":"https:\/\/energirona.com\/ca\/","name":"Energirona","description":"","publisher":{"@id":"https:\/\/energirona.com\/ca\/#organization"},"potentialAction":[{"@type":"SearchAction","target":{"@type":"EntryPoint","urlTemplate":"https:\/\/energirona.com\/ca\/?s={search_term_string}"},"query-input":{"@type":"PropertyValueSpecification","valueRequired":true,"valueName":"search_term_string"}}],"inLanguage":"ca"},{"@type":"Organization","@id":"https:\/\/energirona.com\/ca\/#organization","name":"Energirona","url":"https:\/\/energirona.com\/ca\/","logo":{"@type":"ImageObject","inLanguage":"ca","@id":"https:\/\/energirona.com\/ca\/#\/schema\/logo\/image\/","url":"https:\/\/energirona.com\/wp-content\/uploads\/2023\/02\/logo-energirona.png","contentUrl":"https:\/\/energirona.com\/wp-content\/uploads\/2023\/02\/logo-energirona.png","width":313,"height":57,"caption":"Energirona"},"image":{"@id":"https:\/\/energirona.com\/ca\/#\/schema\/logo\/image\/"}}]}},"_links":{"self":[{"href":"https:\/\/energirona.com\/ca\/wp-json\/wp\/v2\/pages\/8906","targetHints":{"allow":["GET"]}}],"collection":[{"href":"https:\/\/energirona.com\/ca\/wp-json\/wp\/v2\/pages"}],"about":[{"href":"https:\/\/energirona.com\/ca\/wp-json\/wp\/v2\/types\/page"}],"author":[{"embeddable":true,"href":"https:\/\/energirona.com\/ca\/wp-json\/wp\/v2\/users\/1"}],"replies":[{"embeddable":true,"href":"https:\/\/energirona.com\/ca\/wp-json\/wp\/v2\/comments?post=8906"}],"version-history":[{"count":2,"href":"https:\/\/energirona.com\/ca\/wp-json\/wp\/v2\/pages\/8906\/revisions"}],"predecessor-version":[{"id":8908,"href":"https:\/\/energirona.com\/ca\/wp-json\/wp\/v2\/pages\/8906\/revisions\/8908"}],"wp:attachment":[{"href":"https:\/\/energirona.com\/ca\/wp-json\/wp\/v2\/media?parent=8906"}],"curies":[{"name":"wp","href":"https:\/\/api.w.org\/{rel}","templated":true}]}}