{"id":3495,"date":"2023-03-29T12:27:28","date_gmt":"2023-03-29T10:27:28","guid":{"rendered":"https:\/\/energirona.entornodesarrollo.com\/calderes-manaut\/"},"modified":"2025-05-27T18:19:48","modified_gmt":"2025-05-27T16:19:48","slug":"calderes-manaut","status":"publish","type":"page","link":"https:\/\/energirona.com\/ca\/calderes-manaut\/","title":{"rendered":"Calderes Manaut"},"content":{"rendered":"","protected":false},"excerpt":{"rendered":"","protected":false},"author":2,"featured_media":0,"parent":0,"menu_order":0,"comment_status":"closed","ping_status":"closed","template":"","meta":{"_acf_changed":false,"_et_pb_use_builder":"","_et_pb_old_content":"","_et_gb_content_width":"","footnotes":""},"class_list":["post-3495","page","type-page","status-publish","hentry"],"acf":[],"yoast_head":"<!-- This site is optimized with the Yoast SEO plugin v27.3 - https:\/\/yoast.com\/product\/yoast-seo-wordpress\/ -->\n<title>Instal\u00b7laci\u00f3 Calderes Manaut Girona - Energirona<\/title>\n<meta name=\"description\" content=\"Realitzem instal\u00b7laci\u00f3 de calderes Manaut i altres marques a Girona. Professionals amb anys d&#039;experi\u00e8ncia en sistemes de calefacci\u00f3 a casa teva o empresa.\" \/>\n<meta name=\"robots\" content=\"index, follow, max-snippet:-1, max-image-preview:large, max-video-preview:-1\" \/>\n<link rel=\"canonical\" href=\"https:\/\/energirona.com\/ca\/calderes-manaut\/\" \/>\n<meta property=\"og:locale\" content=\"ca_ES\" \/>\n<meta property=\"og:type\" content=\"article\" \/>\n<meta property=\"og:title\" content=\"Instal\u00b7laci\u00f3 Calderes Manaut Girona - Energirona\" \/>\n<meta property=\"og:description\" content=\"Realitzem instal\u00b7laci\u00f3 de calderes Manaut i altres marques a Girona. Professionals amb anys d&#039;experi\u00e8ncia en sistemes de calefacci\u00f3 a casa teva o empresa.\" \/>\n<meta property=\"og:url\" content=\"https:\/\/energirona.com\/ca\/calderes-manaut\/\" \/>\n<meta property=\"og:site_name\" content=\"Energirona\" \/>\n<meta property=\"article:modified_time\" content=\"2025-05-27T16:19:48+00:00\" \/>\n<meta name=\"twitter:card\" content=\"summary_large_image\" \/>\n<!-- \/ Yoast SEO plugin. -->","yoast_head_json":{"title":"Instal\u00b7laci\u00f3 Calderes Manaut Girona - Energirona","description":"Realitzem instal\u00b7laci\u00f3 de calderes Manaut i altres marques a Girona. Professionals amb anys d'experi\u00e8ncia en sistemes de calefacci\u00f3 a casa teva o empresa.","robots":{"index":"index","follow":"follow","max-snippet":"max-snippet:-1","max-image-preview":"max-image-preview:large","max-video-preview":"max-video-preview:-1"},"canonical":"https:\/\/energirona.com\/ca\/calderes-manaut\/","og_locale":"ca_ES","og_type":"article","og_title":"Instal\u00b7laci\u00f3 Calderes Manaut Girona - Energirona","og_description":"Realitzem instal\u00b7laci\u00f3 de calderes Manaut i altres marques a Girona. Professionals amb anys d'experi\u00e8ncia en sistemes de calefacci\u00f3 a casa teva o empresa.","og_url":"https:\/\/energirona.com\/ca\/calderes-manaut\/","og_site_name":"Energirona","article_modified_time":"2025-05-27T16:19:48+00:00","twitter_card":"summary_large_image","schema":{"@context":"https:\/\/schema.org","@graph":[{"@type":"WebPage","@id":"https:\/\/energirona.com\/ca\/calderes-manaut\/","url":"https:\/\/energirona.com\/ca\/calderes-manaut\/","name":"Instal\u00b7laci\u00f3 Calderes Manaut Girona - Energirona","isPartOf":{"@id":"https:\/\/energirona.com\/ca\/#website"},"datePublished":"2023-03-29T10:27:28+00:00","dateModified":"2025-05-27T16:19:48+00:00","description":"Realitzem instal\u00b7laci\u00f3 de calderes Manaut i altres marques a Girona. Professionals amb anys d'experi\u00e8ncia en sistemes de calefacci\u00f3 a casa teva o empresa.","breadcrumb":{"@id":"https:\/\/energirona.com\/ca\/calderes-manaut\/#breadcrumb"},"inLanguage":"ca","potentialAction":[{"@type":"ReadAction","target":["https:\/\/energirona.com\/ca\/calderes-manaut\/"]}]},{"@type":"BreadcrumbList","@id":"https:\/\/energirona.com\/ca\/calderes-manaut\/#breadcrumb","itemListElement":[{"@type":"ListItem","position":1,"name":"Portada","item":"https:\/\/energirona.com\/ca\/inici\/"},{"@type":"ListItem","position":2,"name":"Calderes Manaut"}]},{"@type":"WebSite","@id":"https:\/\/energirona.com\/ca\/#website","url":"https:\/\/energirona.com\/ca\/","name":"Energirona","description":"","publisher":{"@id":"https:\/\/energirona.com\/ca\/#organization"},"potentialAction":[{"@type":"SearchAction","target":{"@type":"EntryPoint","urlTemplate":"https:\/\/energirona.com\/ca\/?s={search_term_string}"},"query-input":{"@type":"PropertyValueSpecification","valueRequired":true,"valueName":"search_term_string"}}],"inLanguage":"ca"},{"@type":"Organization","@id":"https:\/\/energirona.com\/ca\/#organization","name":"Energirona","url":"https:\/\/energirona.com\/ca\/","logo":{"@type":"ImageObject","inLanguage":"ca","@id":"https:\/\/energirona.com\/ca\/#\/schema\/logo\/image\/","url":"https:\/\/energirona.com\/wp-content\/uploads\/2023\/02\/logo-energirona.png","contentUrl":"https:\/\/energirona.com\/wp-content\/uploads\/2023\/02\/logo-energirona.png","width":313,"height":57,"caption":"Energirona"},"image":{"@id":"https:\/\/energirona.com\/ca\/#\/schema\/logo\/image\/"}}]}},"_links":{"self":[{"href":"https:\/\/energirona.com\/ca\/wp-json\/wp\/v2\/pages\/3495","targetHints":{"allow":["GET"]}}],"collection":[{"href":"https:\/\/energirona.com\/ca\/wp-json\/wp\/v2\/pages"}],"about":[{"href":"https:\/\/energirona.com\/ca\/wp-json\/wp\/v2\/types\/page"}],"author":[{"embeddable":true,"href":"https:\/\/energirona.com\/ca\/wp-json\/wp\/v2\/users\/2"}],"replies":[{"embeddable":true,"href":"https:\/\/energirona.com\/ca\/wp-json\/wp\/v2\/comments?post=3495"}],"version-history":[{"count":2,"href":"https:\/\/energirona.com\/ca\/wp-json\/wp\/v2\/pages\/3495\/revisions"}],"predecessor-version":[{"id":5150,"href":"https:\/\/energirona.com\/ca\/wp-json\/wp\/v2\/pages\/3495\/revisions\/5150"}],"wp:attachment":[{"href":"https:\/\/energirona.com\/ca\/wp-json\/wp\/v2\/media?parent=3495"}],"curies":[{"name":"wp","href":"https:\/\/api.w.org\/{rel}","templated":true}]}}