{"id":1926,"date":"2023-02-03T13:22:51","date_gmt":"2023-02-03T12:22:51","guid":{"rendered":"https:\/\/energirona.entornodesarrollo.com\/gas-natural\/"},"modified":"2025-10-15T11:53:16","modified_gmt":"2025-10-15T09:53:16","slug":"gas-natural","status":"publish","type":"page","link":"https:\/\/energirona.com\/ca\/gas-natural\/","title":{"rendered":"Gas natural"},"content":{"rendered":"<p>[et_pb_section fb_built=&#8221;1&#8243; _builder_version=&#8221;4.22.2&#8243; _module_preset=&#8221;default&#8221; background_image=&#8221;https:\/\/energirona.com\/wp-content\/uploads\/2024\/08\/banner-energirona-apartat-gas-natural.jpg&#8221; custom_margin=&#8221;||||false&#8221; custom_padding=&#8221;44px||44px||true|false&#8221; global_colors_info=&#8221;{}&#8221;][et_pb_row column_structure=&#8221;3_5,2_5&#8243; _builder_version=&#8221;4.19.5&#8243; _module_preset=&#8221;default&#8221; global_colors_info=&#8221;{}&#8221;][et_pb_column type=&#8221;3_5&#8243; _builder_version=&#8221;4.19.5&#8243; _module_preset=&#8221;default&#8221; global_colors_info=&#8221;{}&#8221;][et_pb_text content_tablet=&#8221;<\/p>\n<h1 style=%22text-align: center;%22>INSTAL\u00b7LACI\u00d3 DE<\/h1>\n<h1 style=%22text-align: center;%22>GAS NATURAL<\/h1>\n<p>&#8221; content_phone=&#8221;<\/p>\n<h1 style=%22text-align: center;%22>INSTAL\u00b7LACI\u00d3 DE<\/h1>\n<h1 style=%22text-align: center;%22>GAS NATURAL<\/h1>\n<p>&#8221; content_last_edited=&#8221;on|phone&#8221; _builder_version=&#8221;4.22.2&#8243; _module_preset=&#8221;default&#8221; header_font=&#8221;|700|||||||&#8221; header_text_color=&#8221;#FFFFFF&#8221; header_font_size=&#8221;48px&#8221; header_line_height=&#8221;1.4em&#8221; custom_margin=&#8221;5vw|||-24px|false|false&#8221; header_font_size_tablet=&#8221;48px&#8221; header_font_size_phone=&#8221;35px&#8221; header_font_size_last_edited=&#8221;on|phone&#8221; global_colors_info=&#8221;{}&#8221;]<\/p>\n<h1 style=\"text-align: center;\">INSTAL\u00b7LACI\u00d3<br \/>DE GAS NATURAL<\/h1>\n<p>[\/et_pb_text][\/et_pb_column][et_pb_column type=&#8221;2_5&#8243; _builder_version=&#8221;4.27.4&#8243; _module_preset=&#8221;default&#8221; background_color=&#8221;#368a82&#8243; custom_padding=&#8221;20px|20px|0px|20px|false|true&#8221; border_radii=&#8221;on|8px|8px|8px|8px&#8221; box_shadow_style=&#8221;preset3&#8243; global_colors_info=&#8221;{}&#8221;][et_pb_text _builder_version=&#8221;4.19.5&#8243; _module_preset=&#8221;default&#8221; text_font=&#8221;|700|||||||&#8221; text_text_color=&#8221;#FFFFFF&#8221; text_font_size=&#8221;24px&#8221; text_orientation=&#8221;center&#8221; custom_margin=&#8221;||16px||false|false&#8221; global_colors_info=&#8221;{}&#8221;]<\/p>\n<p>Truca&#8217;ns ara al<\/p>\n<p>[\/et_pb_text][et_pb_text _builder_version=&#8221;4.27.4&#8243; _module_preset=&#8221;default&#8221; text_font=&#8221;|700|||||||&#8221; text_text_color=&#8221;#FFFFFF&#8221; text_font_size=&#8221;42px&#8221; text_orientation=&#8221;center&#8221; custom_margin=&#8221;||16px||false|false&#8221; hover_enabled=&#8221;0&#8243; global_colors_info=&#8221;{}&#8221; sticky_enabled=&#8221;0&#8243;]<\/p>\n<p><a href=\"tel:+34621146003\"><span>621 14 60 03<\/span><\/a><\/p>\n<p>[\/et_pb_text][et_pb_text _builder_version=&#8221;4.19.5&#8243; _module_preset=&#8221;default&#8221; text_text_color=&#8221;#FFFFFF&#8221; text_font_size=&#8221;20px&#8221; text_orientation=&#8221;center&#8221; custom_margin=&#8221;||8px||false|false&#8221; global_colors_info=&#8221;{}&#8221;]<\/p>\n<p>O b\u00e9 omple el seg\u00fcent formulari<\/p>\n<p>[\/et_pb_text][et_pb_text _builder_version=&#8221;4.20.2&#8243; _module_preset=&#8221;default&#8221; text_text_color=&#8221;#FFFFFF&#8221; global_colors_info=&#8221;{}&#8221;]<\/p>\n\n<div class=\"wpcf7 no-js\" id=\"wpcf7-f2003-o1\" lang=\"ca\" dir=\"ltr\" data-wpcf7-id=\"2003\">\n<div class=\"screen-reader-response\"><p role=\"status\" aria-live=\"polite\" aria-atomic=\"true\"><\/p> <ul><\/ul><\/div>\n<form action=\"\/ca\/wp-json\/wp\/v2\/pages\/1926#wpcf7-f2003-o1\" method=\"post\" class=\"wpcf7-form init\" aria-label=\"Formulari de contacte\" novalidate=\"novalidate\" data-status=\"init\">\n<fieldset class=\"hidden-fields-container\"><input type=\"hidden\" name=\"_wpcf7\" value=\"2003\" \/><input type=\"hidden\" name=\"_wpcf7_version\" value=\"6.1.5\" \/><input type=\"hidden\" name=\"_wpcf7_locale\" value=\"ca\" \/><input type=\"hidden\" name=\"_wpcf7_unit_tag\" value=\"wpcf7-f2003-o1\" \/><input type=\"hidden\" name=\"_wpcf7_container_post\" value=\"0\" \/><input type=\"hidden\" name=\"_wpcf7_posted_data_hash\" value=\"\" \/><input type=\"hidden\" name=\"_wpcf7_recaptcha_response\" value=\"\" \/>\n<\/fieldset>\n<label> El teu nom\r\n    <span class=\"wpcf7-form-control-wrap\" data-name=\"your-name\"><input size=\"40\" maxlength=\"400\" class=\"wpcf7-form-control wpcf7-text wpcf7-validates-as-required\" autocomplete=\"name\" aria-required=\"true\" aria-invalid=\"false\" value=\"\" type=\"text\" name=\"your-name\" \/><\/span>\r\n<\/label>\r\n\r\n<label> N\u00famero de tel\u00e8fon\r\n    <span class=\"wpcf7-form-control-wrap\" data-name=\"tel-num\"><input size=\"40\" maxlength=\"400\" class=\"wpcf7-form-control wpcf7-tel wpcf7-validates-as-required wpcf7-text wpcf7-validates-as-tel\" aria-required=\"true\" aria-invalid=\"false\" value=\"\" type=\"tel\" name=\"tel-num\" \/><\/span>\r\n<\/label>\r\n\r\n<label> Poblaci\u00f3\r\n    <span class=\"wpcf7-form-control-wrap\" data-name=\"pob\"><input size=\"40\" maxlength=\"400\" class=\"wpcf7-form-control wpcf7-text wpcf7-validates-as-required\" aria-required=\"true\" aria-invalid=\"false\" value=\"\" type=\"text\" name=\"pob\" \/><\/span>\r\n<\/label>\r\n\r\n<span class=\"wpcf7-form-control-wrap\" data-name=\"acceptance-432\"><span class=\"wpcf7-form-control wpcf7-acceptance\"><span class=\"wpcf7-list-item\"><label><input type=\"checkbox\" name=\"acceptance-432\" value=\"1\" aria-invalid=\"false\" \/><span class=\"wpcf7-list-item-label\">He llegit i accepto la <a href=\"\/politica-de-privacidad\">pol\u00edtica de privacitat<\/a><\/span><\/label><\/span><\/span><\/span>\r\n<input class=\"wpcf7-form-control wpcf7-hidden\" id=\"form-field-utm_source_field\" value=\"\" type=\"hidden\" name=\"utm_source\" \/>\r\n<input class=\"wpcf7-form-control wpcf7-hidden\" id=\"form-field-utm_medium_field\" value=\"\" type=\"hidden\" name=\"utm_medium\" \/>\r\n<input class=\"wpcf7-form-control wpcf7-hidden\" id=\"form-field-utm_campaign_field\" value=\"\" type=\"hidden\" name=\"utm_campaign\" \/>\r\n<input class=\"wpcf7-form-control wpcf7-hidden\" id=\"form-field-gclid_field\" value=\"\" type=\"hidden\" name=\"gclid\" \/>\r\n<input class=\"wpcf7-form-control wpcf7-hidden\" id=\"form-field-utm_id_field\" value=\"\" type=\"hidden\" name=\"utm_id\" \/>\r\n\r\n<input class=\"wpcf7-form-control wpcf7-submit has-spinner\" type=\"submit\" value=\"Contactan&#039;s\" \/><div class=\"wpcf7-response-output\" aria-hidden=\"true\"><\/div>\n<\/form>\n<\/div>\n\n<p>[\/et_pb_text][\/et_pb_column][\/et_pb_row][\/et_pb_section][et_pb_section fb_built=&#8221;1&#8243; _builder_version=&#8221;4.22.2&#8243; _module_preset=&#8221;default&#8221; background_color=&#8221;RGBA(255,255,255,0)&#8221; custom_padding=&#8221;32px||32px||false|false&#8221; locked=&#8221;off&#8221; global_colors_info=&#8221;{}&#8221;][et_pb_row _builder_version=&#8221;4.22.2&#8243; _module_preset=&#8221;default&#8221; custom_padding=&#8221;0px||0px||true|false&#8221; global_colors_info=&#8221;{}&#8221;][et_pb_column type=&#8221;4_4&#8243; _builder_version=&#8221;4.19.5&#8243; _module_preset=&#8221;default&#8221; global_colors_info=&#8221;{}&#8221;][et_pb_icon font_icon=&#8221;&#xf46a;||fa||900&#8243; _builder_version=&#8221;4.22.2&#8243; _module_preset=&#8221;default&#8221; global_colors_info=&#8221;{}&#8221;][\/et_pb_icon][et_pb_text _builder_version=&#8221;4.22.2&#8243; _module_preset=&#8221;default&#8221; header_2_font=&#8221;|700|||||||&#8221; global_colors_info=&#8221;{}&#8221;]<\/p>\n<h2 style=\"text-align: center;\">GAS NATURAL: EL COMBUSTIBLE<br \/>DEL FUTUR PER A CASA TEVA<\/h2>\n<p>[\/et_pb_text][\/et_pb_column][\/et_pb_row][\/et_pb_section][et_pb_section fb_built=&#8221;1&#8243; _builder_version=&#8221;4.22.2&#8243; _module_preset=&#8221;default&#8221; custom_margin=&#8221;||||false|false&#8221; custom_padding=&#8221;0px||0px||false|false&#8221; global_colors_info=&#8221;{}&#8221;][et_pb_row column_structure=&#8221;1_2,1_2&#8243; _builder_version=&#8221;4.20.0&#8243; _module_preset=&#8221;default&#8221; custom_padding=&#8221;0px||0px||true|false&#8221; custom_css_main_element=&#8221;display: flex;||align-items: center;&#8221; global_colors_info=&#8221;{}&#8221; custom_css_main_element_last_edited=&#8221;on|tablet&#8221; custom_css_main_element_tablet=&#8221;display: block;&#8221; custom_css_main_element_phone=&#8221;display: block;&#8221;][et_pb_column type=&#8221;1_2&#8243; _builder_version=&#8221;4.19.5&#8243; _module_preset=&#8221;default&#8221; global_colors_info=&#8221;{}&#8221;][et_pb_text _builder_version=&#8221;4.22.2&#8243; _module_preset=&#8221;default&#8221; global_colors_info=&#8221;{}&#8221;]<\/p>\n<p>Amb Energirona, amb la instal\u00b7laci\u00f3 de gas natural gaudir\u00e0s d\u2019una font d\u2019energia m\u00e9s neta, eficient i econ\u00f2mica: <strong>des de 12 \u20ac\/mes<\/strong>.<\/p>\n<p>El gas natural emet menys CO<sub>2<\/sub> i altres gasos d\u2019efecte hivernacle que altres combustibles f\u00f2ssils, cosa que el converteix en una opci\u00f3 m\u00e9s sostenible per al medi ambient.<\/p>\n<p>A m\u00e9s, <strong>el gas natural \u00e9s m\u00e9s econ\u00f2mic<\/strong> que molts altres combustibles gr\u00e0cies a la seva abund\u00e0ncia i al menor cost de transport. Aix\u00f2 es tradueix en una factura energ\u00e8tica m\u00e9s baixa i en un estalvi a llarg termini per a casa teva.<\/p>\n<p>&nbsp;<\/p>\n<h3><strong>Per qu\u00e8 triar Energirona per instal\u00b7lar gas natural?<\/strong><\/h3>\n<p><\/p>\n<ul>\n<li>Oferim un <strong>servei complet i personalitzat d\u2019instal\u00b7laci\u00f3 de gas<\/strong> <strong>natural<\/strong> que et proporcionar\u00e0 comoditat i tranquil\u00b7litat.<\/li>\n<li>Ens encarreguem de tot el proc\u00e9s, des del pressupost i la visita<br \/>\nt\u00e8cnica fins a la <strong>tramitaci\u00f3 del butllet\u00ed i l\u2019alta<\/strong> amb la companyia de gas. D\u2019aquesta manera, t\u2019assegurem una instal\u00b7laci\u00f3 sense preocupacions ni entrebancs, i t\u2019estalviem haver-ho de fer tu mateix.<\/li>\n<li><strong>Preu assequible<\/strong>: La nostra instal\u00b7laci\u00f3 de gas natural \u00e9s una opci\u00f3 a l\u2019abast de qualsevol llar. Des de 12 euros al mes pots gaudir d\u2019una font d\u2019energia m\u00e9s neta, eficient i econ\u00f2mica.<\/li>\n<\/ul>\n<p><\/p>\n<p>No ho dubtis m\u00e9s: <strong><a href=\"https:\/\/energirona.com\/ca\/contacte\/\">contacta\u2019ns<\/a><\/strong> i converteix casa teva en un espai m\u00e9s sostenible i confortable.<\/p>\n<p>&nbsp;<\/p>\n<h3>T\u2019hi esperem!<\/h3>\n<p>[\/et_pb_text][\/et_pb_column][et_pb_column type=&#8221;1_2&#8243; _builder_version=&#8221;4.19.5&#8243; _module_preset=&#8221;default&#8221; global_colors_info=&#8221;{}&#8221;][et_pb_gallery gallery_ids=&#8221;4529,4533&#8243; fullwidth=&#8221;on&#8221; _builder_version=&#8221;4.22.2&#8243; _module_preset=&#8221;default&#8221; title_font_size=&#8221;29px&#8221; background_layout=&#8221;dark&#8221; custom_margin=&#8221;||||false|false&#8221; auto=&#8221;on&#8221; auto_speed=&#8221;4800&#8243; border_radii=&#8221;on|19px|19px|19px|19px&#8221; locked=&#8221;off&#8221; global_colors_info=&#8221;{}&#8221;][\/et_pb_gallery][\/et_pb_column][\/et_pb_row][et_pb_row _builder_version=&#8221;4.22.2&#8243; _module_preset=&#8221;default&#8221; locked=&#8221;off&#8221; global_colors_info=&#8221;{}&#8221;][et_pb_column type=&#8221;4_4&#8243; _builder_version=&#8221;4.22.2&#8243; _module_preset=&#8221;default&#8221; global_colors_info=&#8221;{}&#8221;][et_pb_divider _builder_version=&#8221;4.22.2&#8243; _module_preset=&#8221;default&#8221; custom_margin=&#8221;10px||-30px||false|false&#8221; custom_padding=&#8221;||0px|||&#8221; global_colors_info=&#8221;{}&#8221;][\/et_pb_divider][\/et_pb_column][\/et_pb_row][\/et_pb_section][et_pb_section fb_built=&#8221;1&#8243; _builder_version=&#8221;4.22.2&#8243; _module_preset=&#8221;default&#8221; custom_margin=&#8221;||||false|false&#8221; custom_padding=&#8221;0px||||false|false&#8221; global_colors_info=&#8221;{}&#8221;][et_pb_row _builder_version=&#8221;4.19.5&#8243; _module_preset=&#8221;default&#8221; global_colors_info=&#8221;{}&#8221;][et_pb_column type=&#8221;4_4&#8243; _builder_version=&#8221;4.19.5&#8243; _module_preset=&#8221;default&#8221; global_colors_info=&#8221;{}&#8221;][et_pb_text _builder_version=&#8221;4.20.2&#8243; _module_preset=&#8221;default&#8221; global_colors_info=&#8221;{}&#8221;]<\/p>\n<h2 style=\"text-align: center;\"><strong>PREGUNTAS FRECUENTES SOBRE GAS NATURAL<\/strong><\/h2>\n<p>[\/et_pb_text][et_pb_text _builder_version=&#8221;4.22.2&#8243; _module_preset=&#8221;default&#8221; global_colors_info=&#8221;{}&#8221;]<\/p>\n<p style=\"text-align: left;\">Si necessites m\u00e9s informaci\u00f3, consulta el nostre apartat de preguntes m\u00e9s habituals dels usuaris o, si ho prefereixes, contacta\u2019ns directament per obtenir m\u00e9s informaci\u00f3 sobre el <strong>gas GLP<\/strong> i els beneficis de disposar d\u2019una instal\u00b7laci\u00f3 d\u2019aquest tipus a casa teva o al teu negoci.<\/p>\n<p><\/p>\n<h3 style=\"text-align: left;\"><\/h3>\n<p><\/p>\n<h3 style=\"text-align: left;\"><\/h3>\n<p><\/p>\n<h3 style=\"text-align: left;\">T\u2019atendrem encantats!<\/h3>\n<p>[\/et_pb_text][et_pb_accordion open_toggle_text_color=&#8221;#368a82&#8243; closed_toggle_background_color=&#8221;rgba(54,138,130,0.1)&#8221; icon_color=&#8221;#368a82&#8243; _builder_version=&#8221;4.20.2&#8243; _module_preset=&#8221;default&#8221; toggle_text_color=&#8221;#368a82&#8243; toggle_font=&#8221;|700|||||||&#8221; toggle_font_size=&#8221;18px&#8221; body_text_color=&#8221;#000000&#8243; global_colors_info=&#8221;{}&#8221;][et_pb_accordion_item title=&#8221;Qu\u00e8 \u00e9s el gas natural i com es fa servir?&#8221; open=&#8221;on&#8221; _builder_version=&#8221;4.20.2&#8243; _module_preset=&#8221;default&#8221; global_colors_info=&#8221;{}&#8221;]<\/p>\n<p><span style=\"font-weight: 400;\">El gas natural \u00e9s un combustible f\u00f2ssil compost principalment de met\u00e0. S&#8217;utilitza com a font d&#8217;energia a la ind\u00fastria, el transport, la generaci\u00f3 d&#8217;electricitat i com a combustible per a calefacci\u00f3 i cuina a les llars. El gas natural s&#8217;extreu de formacions subterr\u00e0nies i es transporta a trav\u00e9s de canonades a llars i empreses. \u00c9s una font denergia m\u00e9s neta en comparaci\u00f3 amb altres combustibles f\u00f2ssils i el seu \u00fas contribueix a reduir les emissions de gasos defecte hivernacle.<\/span><\/p>\n<p>[\/et_pb_accordion_item][et_pb_accordion_item title=&#8221;Quant costa la instal\u00b7laci\u00f3 de gas natural?&#8221; _builder_version=&#8221;4.20.2&#8243; _module_preset=&#8221;default&#8221; global_colors_info=&#8221;{}&#8221; open=&#8221;off&#8221;]<\/p>\n<p><span style=\"font-weight: 400;\">El cost de la instal\u00b7laci\u00f3 de gas natural varia segons la ubicaci\u00f3, la dist\u00e0ncia des de la l\u00ednia principal de gas natural i les necessitats espec\u00edfiques de la propietat. En general, els costos oscil\u00b7len entre diversos centenars a diversos milers d&#8217;euros. \u00c9s important consultar amb un professional per obtenir un pressupost detallat i prec\u00eds.<\/span><\/p>\n<p>[\/et_pb_accordion_item][et_pb_accordion_item title=&#8221;Com s&apos;instal\u00b7la el gas natural?&#8221; _builder_version=&#8221;4.20.2&#8243; _module_preset=&#8221;default&#8221; global_colors_info=&#8221;{}&#8221; open=&#8221;off&#8221;]<\/p>\n<p><span style=\"font-weight: 400;\">La instal\u00b7laci\u00f3 del gas natural implica la connexi\u00f3 d&#8217;una canonada des de la l\u00ednia principal de gas natural fins a la propietat i la instal\u00b7laci\u00f3 d&#8217;un mesurador de gas. Cal obtenir un perm\u00eds d&#8217;instal\u00b7laci\u00f3 i complir les regulacions locals. \u00c9s important contractar un professional per a una instal\u00b7laci\u00f3 segura i eficient.<\/span><\/p>\n<p>[\/et_pb_accordion_item][et_pb_accordion_item title=&#8221;Quina \u00e9s la vida \u00fatil d&apos;una instal\u00b7laci\u00f3 de gas natural?&#8221; _builder_version=&#8221;4.20.2&#8243; _module_preset=&#8221;default&#8221; global_colors_info=&#8221;{}&#8221; open=&#8221;off&#8221;]<\/p>\n<p><span style=\"font-weight: 400;\">La vida \u00fatil d&#8217;una instal\u00b7laci\u00f3 de gas natural dep\u00e8n de diversos factors, com ara la qualitat dels materials utilitzats, la freq\u00fc\u00e8ncia d&#8217;\u00fas i el manteniment regular. Una instal\u00b7laci\u00f3 ben mantinguda pot durar m\u00e9s de 20 anys. \u00c9s important programar revisions i manteniment regular per part d&#8217;un professional per garantir la seguretat i l&#8217;efici\u00e8ncia de la instal\u00b7laci\u00f3.<\/span><\/p>\n<p>[\/et_pb_accordion_item][\/et_pb_accordion][\/et_pb_column][\/et_pb_row][\/et_pb_section]<\/p>\n","protected":false},"excerpt":{"rendered":"<p>INSTAL\u00b7LACI\u00d3DE GAS NATURALTruca&#8217;ns ara al621 14 60 03O b\u00e9 omple el seg\u00fcent formulari\n<div class=\"wpcf7 no-js\" id=\"wpcf7-f2003-o2\" lang=\"ca\" dir=\"ltr\" data-wpcf7-id=\"2003\">\n<div class=\"screen-reader-response\"><p role=\"status\" aria-live=\"polite\" aria-atomic=\"true\"><\/p> <ul><\/ul><\/div>\n<form action=\"\/ca\/wp-json\/wp\/v2\/pages\/1926#wpcf7-f2003-o2\" method=\"post\" class=\"wpcf7-form init\" aria-label=\"Formulari de contacte\" novalidate=\"novalidate\" data-status=\"init\">\n<fieldset class=\"hidden-fields-container\"><input type=\"hidden\" name=\"_wpcf7\" value=\"2003\" \/><input type=\"hidden\" name=\"_wpcf7_version\" value=\"6.1.5\" \/><input type=\"hidden\" name=\"_wpcf7_locale\" value=\"ca\" \/><input type=\"hidden\" name=\"_wpcf7_unit_tag\" value=\"wpcf7-f2003-o2\" \/><input type=\"hidden\" name=\"_wpcf7_container_post\" value=\"0\" \/><input type=\"hidden\" name=\"_wpcf7_posted_data_hash\" value=\"\" \/><input type=\"hidden\" name=\"_wpcf7_recaptcha_response\" value=\"\" \/>\n<\/fieldset>\n<label> El teu nom\r\n    <span class=\"wpcf7-form-control-wrap\" data-name=\"your-name\"><input size=\"40\" maxlength=\"400\" class=\"wpcf7-form-control wpcf7-text wpcf7-validates-as-required\" autocomplete=\"name\" aria-required=\"true\" aria-invalid=\"false\" value=\"\" type=\"text\" name=\"your-name\" \/><\/span>\r\n<\/label>\r\n\r\n<label> N\u00famero de tel\u00e8fon\r\n    <span class=\"wpcf7-form-control-wrap\" data-name=\"tel-num\"><input size=\"40\" maxlength=\"400\" class=\"wpcf7-form-control wpcf7-tel wpcf7-validates-as-required wpcf7-text wpcf7-validates-as-tel\" aria-required=\"true\" aria-invalid=\"false\" value=\"\" type=\"tel\" name=\"tel-num\" \/><\/span>\r\n<\/label>\r\n\r\n<label> Poblaci\u00f3\r\n    <span class=\"wpcf7-form-control-wrap\" data-name=\"pob\"><input size=\"40\" maxlength=\"400\" class=\"wpcf7-form-control wpcf7-text wpcf7-validates-as-required\" aria-required=\"true\" aria-invalid=\"false\" value=\"\" type=\"text\" name=\"pob\" \/><\/span>\r\n<\/label>\r\n\r\n<span class=\"wpcf7-form-control-wrap\" data-name=\"acceptance-432\"><span class=\"wpcf7-form-control wpcf7-acceptance\"><span class=\"wpcf7-list-item\"><label><input type=\"checkbox\" name=\"acceptance-432\" value=\"1\" aria-invalid=\"false\" \/><span class=\"wpcf7-list-item-label\">He llegit i accepto la <a href=\"\/politica-de-privacidad\">pol\u00edtica de privacitat<\/a><\/span><\/label><\/span><\/span><\/span>\r\n<input class=\"wpcf7-form-control wpcf7-hidden\" value=\"\" type=\"hidden\" name=\"utm_source\" \/>\r\n<input class=\"wpcf7-form-control wpcf7-hidden\" value=\"\" type=\"hidden\" name=\"utm_medium\" \/>\r\n<input class=\"wpcf7-form-control wpcf7-hidden\" value=\"\" type=\"hidden\" name=\"utm_campaign\" \/>\r\n<input class=\"wpcf7-form-control wpcf7-hidden\" value=\"\" type=\"hidden\" name=\"gclid\" \/>\r\n<input class=\"wpcf7-form-control wpcf7-hidden\" value=\"\" type=\"hidden\" name=\"utm_id\" \/>\r\n\r\n<input class=\"wpcf7-form-control wpcf7-submit has-spinner\" type=\"submit\" value=\"Contactan&#039;s\" \/><div class=\"wpcf7-response-output\" aria-hidden=\"true\"><\/div>\n<\/form>\n<\/div>\nGAS NATURAL: EL COMBUSTIBLEDEL FUTUR PER A CASA TEVAAmb Energirona, amb la instal\u00b7laci\u00f3 de gas natural gaudir\u00e0s d\u2019una font d\u2019energia m\u00e9s neta, eficient i econ\u00f2mica: des de 12 \u20ac\/mes.El gas natural emet menys CO2 i altres gasos d\u2019efecte [&hellip;]<\/p>\n","protected":false},"author":1,"featured_media":4534,"parent":0,"menu_order":0,"comment_status":"closed","ping_status":"closed","template":"","meta":{"_acf_changed":false,"_et_pb_use_builder":"on","_et_pb_old_content":"","_et_gb_content_width":"","footnotes":""},"class_list":["post-1926","page","type-page","status-publish","has-post-thumbnail","hentry"],"acf":[],"yoast_head":"<!-- This site is optimized with the Yoast SEO plugin v27.4 - https:\/\/yoast.com\/product\/yoast-seo-wordpress\/ -->\n<title>Instal\u00b7laci\u00f3 de Gas Natural a Girona | Energirona<\/title>\n<meta name=\"description\" content=\"Instal\u00b7laci\u00f3 de Gas Natural a la prov\u00edncia de Girona. Pressupost i visita t\u00e8cnica gratu\u00efts. Rapidesa d&#039;instal\u00b7laci\u00f3.\" \/>\n<meta name=\"robots\" content=\"index, follow, max-snippet:-1, max-image-preview:large, max-video-preview:-1\" \/>\n<link rel=\"canonical\" href=\"https:\/\/energirona.com\/ca\/gas-natural\/\" \/>\n<meta property=\"og:locale\" content=\"ca_ES\" \/>\n<meta property=\"og:type\" content=\"article\" \/>\n<meta property=\"og:title\" content=\"Instal\u00b7laci\u00f3 de Gas Natural a Girona | Energirona\" \/>\n<meta property=\"og:description\" content=\"Instal\u00b7laci\u00f3 de Gas Natural a la prov\u00edncia de Girona. Pressupost i visita t\u00e8cnica gratu\u00efts. Rapidesa d&#039;instal\u00b7laci\u00f3.\" \/>\n<meta property=\"og:url\" content=\"https:\/\/energirona.com\/ca\/gas-natural\/\" \/>\n<meta property=\"og:site_name\" content=\"Energirona\" \/>\n<meta property=\"article:modified_time\" content=\"2025-10-15T09:53:16+00:00\" \/>\n<meta property=\"og:image\" content=\"https:\/\/energirona.com\/wp-content\/uploads\/2024\/08\/galeria-energirona-apartat-gas-natural-2.jpg\" \/>\n\t<meta property=\"og:image:width\" content=\"900\" \/>\n\t<meta property=\"og:image:height\" content=\"600\" \/>\n\t<meta property=\"og:image:type\" content=\"image\/jpeg\" \/>\n<meta name=\"twitter:card\" content=\"summary_large_image\" \/>\n<meta name=\"twitter:label1\" content=\"Temps estimat de lectura\" \/>\n\t<meta name=\"twitter:data1\" content=\"4 minuts\" \/>\n<!-- \/ Yoast SEO plugin. -->","yoast_head_json":{"title":"Instal\u00b7laci\u00f3 de Gas Natural a Girona | Energirona","description":"Instal\u00b7laci\u00f3 de Gas Natural a la prov\u00edncia de Girona. Pressupost i visita t\u00e8cnica gratu\u00efts. Rapidesa d'instal\u00b7laci\u00f3.","robots":{"index":"index","follow":"follow","max-snippet":"max-snippet:-1","max-image-preview":"max-image-preview:large","max-video-preview":"max-video-preview:-1"},"canonical":"https:\/\/energirona.com\/ca\/gas-natural\/","og_locale":"ca_ES","og_type":"article","og_title":"Instal\u00b7laci\u00f3 de Gas Natural a Girona | Energirona","og_description":"Instal\u00b7laci\u00f3 de Gas Natural a la prov\u00edncia de Girona. Pressupost i visita t\u00e8cnica gratu\u00efts. Rapidesa d'instal\u00b7laci\u00f3.","og_url":"https:\/\/energirona.com\/ca\/gas-natural\/","og_site_name":"Energirona","article_modified_time":"2025-10-15T09:53:16+00:00","og_image":[{"width":900,"height":600,"url":"https:\/\/energirona.com\/wp-content\/uploads\/2024\/08\/galeria-energirona-apartat-gas-natural-2.jpg","type":"image\/jpeg"}],"twitter_card":"summary_large_image","twitter_misc":{"Temps estimat de lectura":"4 minuts"},"schema":{"@context":"https:\/\/schema.org","@graph":[{"@type":"WebPage","@id":"https:\/\/energirona.com\/ca\/gas-natural\/","url":"https:\/\/energirona.com\/ca\/gas-natural\/","name":"Instal\u00b7laci\u00f3 de Gas Natural a Girona | Energirona","isPartOf":{"@id":"https:\/\/energirona.com\/ca\/#website"},"primaryImageOfPage":{"@id":"https:\/\/energirona.com\/ca\/gas-natural\/#primaryimage"},"image":{"@id":"https:\/\/energirona.com\/ca\/gas-natural\/#primaryimage"},"thumbnailUrl":"https:\/\/energirona.com\/wp-content\/uploads\/2024\/08\/galeria-energirona-apartat-gas-natural-2.jpg","datePublished":"2023-02-03T12:22:51+00:00","dateModified":"2025-10-15T09:53:16+00:00","description":"Instal\u00b7laci\u00f3 de Gas Natural a la prov\u00edncia de Girona. Pressupost i visita t\u00e8cnica gratu\u00efts. Rapidesa d'instal\u00b7laci\u00f3.","breadcrumb":{"@id":"https:\/\/energirona.com\/ca\/gas-natural\/#breadcrumb"},"inLanguage":"ca","potentialAction":[{"@type":"ReadAction","target":["https:\/\/energirona.com\/ca\/gas-natural\/"]}]},{"@type":"ImageObject","inLanguage":"ca","@id":"https:\/\/energirona.com\/ca\/gas-natural\/#primaryimage","url":"https:\/\/energirona.com\/wp-content\/uploads\/2024\/08\/galeria-energirona-apartat-gas-natural-2.jpg","contentUrl":"https:\/\/energirona.com\/wp-content\/uploads\/2024\/08\/galeria-energirona-apartat-gas-natural-2.jpg","width":900,"height":600,"caption":"galeria-energirona-apartat-gas-natural-2"},{"@type":"BreadcrumbList","@id":"https:\/\/energirona.com\/ca\/gas-natural\/#breadcrumb","itemListElement":[{"@type":"ListItem","position":1,"name":"Portada","item":"https:\/\/energirona.com\/ca\/inici\/"},{"@type":"ListItem","position":2,"name":"Gas natural"}]},{"@type":"WebSite","@id":"https:\/\/energirona.com\/ca\/#website","url":"https:\/\/energirona.com\/ca\/","name":"Energirona","description":"","publisher":{"@id":"https:\/\/energirona.com\/ca\/#organization"},"potentialAction":[{"@type":"SearchAction","target":{"@type":"EntryPoint","urlTemplate":"https:\/\/energirona.com\/ca\/?s={search_term_string}"},"query-input":{"@type":"PropertyValueSpecification","valueRequired":true,"valueName":"search_term_string"}}],"inLanguage":"ca"},{"@type":"Organization","@id":"https:\/\/energirona.com\/ca\/#organization","name":"Energirona","url":"https:\/\/energirona.com\/ca\/","logo":{"@type":"ImageObject","inLanguage":"ca","@id":"https:\/\/energirona.com\/ca\/#\/schema\/logo\/image\/","url":"https:\/\/energirona.com\/wp-content\/uploads\/2023\/02\/logo-energirona.png","contentUrl":"https:\/\/energirona.com\/wp-content\/uploads\/2023\/02\/logo-energirona.png","width":313,"height":57,"caption":"Energirona"},"image":{"@id":"https:\/\/energirona.com\/ca\/#\/schema\/logo\/image\/"}}]}},"_links":{"self":[{"href":"https:\/\/energirona.com\/ca\/wp-json\/wp\/v2\/pages\/1926","targetHints":{"allow":["GET"]}}],"collection":[{"href":"https:\/\/energirona.com\/ca\/wp-json\/wp\/v2\/pages"}],"about":[{"href":"https:\/\/energirona.com\/ca\/wp-json\/wp\/v2\/types\/page"}],"author":[{"embeddable":true,"href":"https:\/\/energirona.com\/ca\/wp-json\/wp\/v2\/users\/1"}],"replies":[{"embeddable":true,"href":"https:\/\/energirona.com\/ca\/wp-json\/wp\/v2\/comments?post=1926"}],"version-history":[{"count":16,"href":"https:\/\/energirona.com\/ca\/wp-json\/wp\/v2\/pages\/1926\/revisions"}],"predecessor-version":[{"id":7538,"href":"https:\/\/energirona.com\/ca\/wp-json\/wp\/v2\/pages\/1926\/revisions\/7538"}],"wp:featuredmedia":[{"embeddable":true,"href":"https:\/\/energirona.com\/ca\/wp-json\/wp\/v2\/media\/4534"}],"wp:attachment":[{"href":"https:\/\/energirona.com\/ca\/wp-json\/wp\/v2\/media?parent=1926"}],"curies":[{"name":"wp","href":"https:\/\/api.w.org\/{rel}","templated":true}]}}