{"id":1920,"date":"2023-02-06T12:15:02","date_gmt":"2023-02-06T11:15:02","guid":{"rendered":"https:\/\/energirona.entornodesarrollo.com\/gas-glp\/"},"modified":"2025-10-15T11:46:05","modified_gmt":"2025-10-15T09:46:05","slug":"gas-glp","status":"publish","type":"page","link":"https:\/\/energirona.com\/ca\/gas-glp\/","title":{"rendered":"Gas GLP"},"content":{"rendered":"<p>[et_pb_section fb_built=&#8221;1&#8243; _builder_version=&#8221;4.22.2&#8243; _module_preset=&#8221;default&#8221; background_image=&#8221;https:\/\/energirona.com\/wp-content\/uploads\/2024\/08\/banner-energirona-apartat-diposits-gas-glp.jpg&#8221; custom_margin=&#8221;||||false&#8221; custom_padding=&#8221;44px||44px||true|false&#8221; global_colors_info=&#8221;{}&#8221;][et_pb_row column_structure=&#8221;3_5,2_5&#8243; _builder_version=&#8221;4.19.5&#8243; _module_preset=&#8221;default&#8221; global_colors_info=&#8221;{}&#8221;][et_pb_column type=&#8221;3_5&#8243; _builder_version=&#8221;4.19.5&#8243; _module_preset=&#8221;default&#8221; global_colors_info=&#8221;{}&#8221;][et_pb_text content_tablet=&#8221;<\/p>\n<h1>INSTAL\u00b7LACI\u00d3 DE GAS GLP<\/h1>\n<p>&#8221; content_phone=&#8221;<\/p>\n<h1>INSTAL\u00b7LACI\u00d3<\/h1>\n<h1 style=%22text-align: left;%22>DE GAS GLP<\/h1>\n<p>&#8221; content_last_edited=&#8221;on|phone&#8221; _builder_version=&#8221;4.22.2&#8243; _module_preset=&#8221;default&#8221; header_font=&#8221;|700|||||||&#8221; header_text_color=&#8221;#FFFFFF&#8221; header_font_size=&#8221;48px&#8221; header_line_height=&#8221;1.4em&#8221; custom_margin=&#8221;5vw||||false|false&#8221; header_font_size_tablet=&#8221;48px&#8221; header_font_size_phone=&#8221;35px&#8221; header_font_size_last_edited=&#8221;on|phone&#8221; global_colors_info=&#8221;{}&#8221;]<\/p>\n<h1 style=\"text-align: center;\">INSTAL\u00b7LACI\u00d3<br \/>DE GAS GLP<\/h1>\n<p>[\/et_pb_text][\/et_pb_column][et_pb_column type=&#8221;2_5&#8243; _builder_version=&#8221;4.27.4&#8243; _module_preset=&#8221;default&#8221; background_color=&#8221;#368a82&#8243; custom_padding=&#8221;20px|20px|0px|20px|false|true&#8221; border_radii=&#8221;on|8px|8px|8px|8px&#8221; box_shadow_style=&#8221;preset3&#8243; global_colors_info=&#8221;{}&#8221;][et_pb_text _builder_version=&#8221;4.19.5&#8243; _module_preset=&#8221;default&#8221; text_font=&#8221;|700|||||||&#8221; text_text_color=&#8221;#FFFFFF&#8221; text_font_size=&#8221;24px&#8221; text_orientation=&#8221;center&#8221; custom_margin=&#8221;||16px||false|false&#8221; global_colors_info=&#8221;{}&#8221;]<\/p>\n<p>Truca&#8217;ns ara al<\/p>\n<p>[\/et_pb_text][et_pb_text _builder_version=&#8221;4.27.4&#8243; _module_preset=&#8221;default&#8221; text_font=&#8221;|700|||||||&#8221; text_text_color=&#8221;#FFFFFF&#8221; text_font_size=&#8221;42px&#8221; text_orientation=&#8221;center&#8221; custom_margin=&#8221;||16px||false|false&#8221; hover_enabled=&#8221;0&#8243; global_colors_info=&#8221;{}&#8221; sticky_enabled=&#8221;0&#8243;]<\/p>\n<p><a href=\"tel:+34621146003\"><span>621 14 60 03<\/span><\/a><\/p>\n<p>[\/et_pb_text][et_pb_text _builder_version=&#8221;4.19.5&#8243; _module_preset=&#8221;default&#8221; text_text_color=&#8221;#FFFFFF&#8221; text_font_size=&#8221;20px&#8221; text_orientation=&#8221;center&#8221; custom_margin=&#8221;||8px||false|false&#8221; global_colors_info=&#8221;{}&#8221;]<\/p>\n<p>O b\u00e9 omple el seg\u00fcent formulari<\/p>\n<p>[\/et_pb_text][et_pb_text _builder_version=&#8221;4.20.2&#8243; _module_preset=&#8221;default&#8221; text_text_color=&#8221;#FFFFFF&#8221; global_colors_info=&#8221;{}&#8221;]<\/p>\n\n<div class=\"wpcf7 no-js\" id=\"wpcf7-f2002-o1\" lang=\"ca\" dir=\"ltr\" data-wpcf7-id=\"2002\">\n<div class=\"screen-reader-response\"><p role=\"status\" aria-live=\"polite\" aria-atomic=\"true\"><\/p> <ul><\/ul><\/div>\n<form action=\"\/ca\/wp-json\/wp\/v2\/pages\/1920#wpcf7-f2002-o1\" method=\"post\" class=\"wpcf7-form init\" aria-label=\"Formulari de contacte\" novalidate=\"novalidate\" data-status=\"init\">\n<fieldset class=\"hidden-fields-container\"><input type=\"hidden\" name=\"_wpcf7\" value=\"2002\" \/><input type=\"hidden\" name=\"_wpcf7_version\" value=\"6.1.5\" \/><input type=\"hidden\" name=\"_wpcf7_locale\" value=\"ca\" \/><input type=\"hidden\" name=\"_wpcf7_unit_tag\" value=\"wpcf7-f2002-o1\" \/><input type=\"hidden\" name=\"_wpcf7_container_post\" value=\"0\" \/><input type=\"hidden\" name=\"_wpcf7_posted_data_hash\" value=\"\" \/><input type=\"hidden\" name=\"_wpcf7_recaptcha_response\" value=\"\" \/>\n<\/fieldset>\n<label> El teu nom\r\n    <span class=\"wpcf7-form-control-wrap\" data-name=\"your-name\"><input size=\"40\" maxlength=\"400\" class=\"wpcf7-form-control wpcf7-text wpcf7-validates-as-required\" autocomplete=\"name\" aria-required=\"true\" aria-invalid=\"false\" value=\"\" type=\"text\" name=\"your-name\" \/><\/span>\r\n<\/label>\r\n\r\n<label> N\u00famero de tel\u00e8fon\r\n    <span class=\"wpcf7-form-control-wrap\" data-name=\"tel-num\"><input size=\"40\" maxlength=\"400\" class=\"wpcf7-form-control wpcf7-tel wpcf7-validates-as-required wpcf7-text wpcf7-validates-as-tel\" aria-required=\"true\" aria-invalid=\"false\" value=\"\" type=\"tel\" name=\"tel-num\" \/><\/span>\r\n<\/label>\r\n\r\n<label> Poblaci\u00f3\r\n    <span class=\"wpcf7-form-control-wrap\" data-name=\"pob\"><input size=\"40\" maxlength=\"400\" class=\"wpcf7-form-control wpcf7-text wpcf7-validates-as-required\" aria-required=\"true\" aria-invalid=\"false\" value=\"\" type=\"text\" name=\"pob\" \/><\/span>\r\n<\/label>\r\n\r\n<span class=\"wpcf7-form-control-wrap\" data-name=\"acceptance-432\"><span class=\"wpcf7-form-control wpcf7-acceptance\"><span class=\"wpcf7-list-item\"><label><input type=\"checkbox\" name=\"acceptance-432\" value=\"1\" aria-invalid=\"false\" \/><span class=\"wpcf7-list-item-label\">He llegit i accepto la <a href=\"\/politica-de-privacidad\">pol\u00edtica de privacitat<\/a><\/span><\/label><\/span><\/span><\/span>\r\n<input class=\"wpcf7-form-control wpcf7-hidden\" id=\"form-field-utm_source_field\" value=\"\" type=\"hidden\" name=\"utm_source\" \/>\r\n<input class=\"wpcf7-form-control wpcf7-hidden\" id=\"form-field-utm_medium_field\" value=\"\" type=\"hidden\" name=\"utm_medium\" \/>\r\n<input class=\"wpcf7-form-control wpcf7-hidden\" id=\"form-field-utm_campaign_field\" value=\"\" type=\"hidden\" name=\"utm_campaign\" \/>\r\n<input class=\"wpcf7-form-control wpcf7-hidden\" id=\"form-field-gclid_field\" value=\"\" type=\"hidden\" name=\"gclid\" \/>\r\n<input class=\"wpcf7-form-control wpcf7-hidden\" id=\"form-field-utm_id_field\" value=\"\" type=\"hidden\" name=\"utm_id\" \/>\r\n\r\n<input class=\"wpcf7-form-control wpcf7-submit has-spinner\" type=\"submit\" value=\"Contactan&#039;s\" \/><div class=\"wpcf7-response-output\" aria-hidden=\"true\"><\/div>\n<\/form>\n<\/div>\n\n<p>[\/et_pb_text][\/et_pb_column][\/et_pb_row][\/et_pb_section][et_pb_section fb_built=&#8221;1&#8243; _builder_version=&#8221;4.22.2&#8243; _module_preset=&#8221;default&#8221; background_color=&#8221;RGBA(255,255,255,0)&#8221; custom_padding=&#8221;32px||32px||false|false&#8221; locked=&#8221;off&#8221; global_colors_info=&#8221;{}&#8221;][et_pb_row _builder_version=&#8221;4.22.2&#8243; _module_preset=&#8221;default&#8221; custom_margin=&#8221;||||false|false&#8221; custom_padding=&#8221;0px||0px||true|false&#8221; global_colors_info=&#8221;{}&#8221;][et_pb_column type=&#8221;4_4&#8243; _builder_version=&#8221;4.19.5&#8243; _module_preset=&#8221;default&#8221; global_colors_info=&#8221;{}&#8221;][et_pb_icon font_icon=&#8221;&#xf46a;||fa||900&#8243; _builder_version=&#8221;4.22.2&#8243; _module_preset=&#8221;default&#8221; global_colors_info=&#8221;{}&#8221;][\/et_pb_icon][et_pb_text _builder_version=&#8221;4.22.2&#8243; _module_preset=&#8221;default&#8221; header_2_font=&#8221;|700|||||||&#8221; global_colors_info=&#8221;{}&#8221;]<\/p>\n<h2>ESTALVIA EN EL TEU CONSUM DE COMBUSTIBLE AMB EL GAS GLP<\/h2>\n<p>[\/et_pb_text][\/et_pb_column][\/et_pb_row][\/et_pb_section][et_pb_section fb_built=&#8221;1&#8243; _builder_version=&#8221;4.22.2&#8243; _module_preset=&#8221;default&#8221; custom_margin=&#8221;||||false|false&#8221; custom_padding=&#8221;0px||0px||false|false&#8221; global_colors_info=&#8221;{}&#8221;][et_pb_row column_structure=&#8221;1_2,1_2&#8243; _builder_version=&#8221;4.20.0&#8243; _module_preset=&#8221;default&#8221; custom_padding=&#8221;0px||0px||true|false&#8221; custom_css_main_element=&#8221;display: flex;||align-items: center;&#8221; global_colors_info=&#8221;{}&#8221; custom_css_main_element_last_edited=&#8221;on|tablet&#8221; custom_css_main_element_tablet=&#8221;display: block;&#8221; custom_css_main_element_phone=&#8221;display: block;&#8221;][et_pb_column type=&#8221;1_2&#8243; _builder_version=&#8221;4.19.5&#8243; _module_preset=&#8221;default&#8221; global_colors_info=&#8221;{}&#8221;][et_pb_text _builder_version=&#8221;4.22.2&#8243; _module_preset=&#8221;default&#8221; global_colors_info=&#8221;{}&#8221;]<\/p>\n<p>Amb Energirona pots efectuar a casa teva o al teu negoci la instal\u00b7laci\u00f3 de gas<br \/>\nGLP, amb <strong>pressupost i visita t\u00e8cnica gratu\u00efts<\/strong> perqu\u00e8 puguis con\u00e8ixer<br \/>\nde primera m\u00e0 els nostres serveis i com podem ajudar-te a estalviar<br \/>\ndiners a casa teva o al teu negoci.<\/p>\n<p><\/p>\n<p>Amb un preu <strong>des de 12 \u20ac al mes<\/strong>, pots tenir la tranquil\u00b7litat de saber que<br \/>\nreps una excel\u00b7lent relaci\u00f3 qualitat-preu. A m\u00e9s, ens<br \/>\nencarreguem de gestionar el butllet\u00ed i la <strong>tramitaci\u00f3 d\u2019alta amb la companyia<\/strong>,<br \/>\nperqu\u00e8 t\u2019oblidis de tota la paperassa que aix\u00f2 comporta.<\/p>\n<p><\/p>\n<h3><strong><br \/>Per qu\u00e8 contractar-nos?<\/strong><\/h3>\n<p><\/p>\n<ul>\n<li>Els nostres t\u00e8cnics altament qualificats s\u2019asseguraran que la teva<br \/>\ninstal\u00b7laci\u00f3 de gas GLP sigui eficient i segura, perqu\u00e8 puguis estalviar<br \/>\ndiners i reduir la teva petjada de carboni.<\/li>\n<li>Oferim <strong>pressupost i visita t\u00e8cnica gratu\u00efts<\/strong> perqu\u00e8 puguis<br \/>\ncon\u00e8ixer de primera m\u00e0 els nostres serveis i com podem ajudar-te<br \/>\na millorar l\u2019efici\u00e8ncia energ\u00e8tica de casa teva.<\/li>\n<li>A Energirona, ens preocupem per fer que el proc\u00e9s d\u2019instal\u00b7laci\u00f3<br \/>\nde gas GLP sigui el m\u00e9s f\u00e0cil i sense complicacions possible per als<br \/>\nnostres clients. Per aix\u00f2, ens encarreguem de gestionar el butllet\u00ed i la<br \/>\n<strong>tramitaci\u00f3 d\u2019alta amb la companyia<\/strong>, perqu\u00e8 no t\u2019hagis de<br \/>\npreocupar de res. Amb nosaltres, pots estar segur que tot el<br \/>\nproc\u00e9s es dur\u00e0 a terme de manera eficient i sense problemes, estalviant-te<br \/>\ntemps i esfor\u00e7.<\/li>\n<li>Sabem que cada llar i cada negoci tenen necessitats i<br \/>\npressupostos diferents; per aix\u00f2 t\u2019oferim una instal\u00b7laci\u00f3 de gas GLP<br \/>\nsegura, eficient i assequible.<\/li>\n<\/ul>\n<p>[\/et_pb_text][\/et_pb_column][et_pb_column type=&#8221;1_2&#8243; _builder_version=&#8221;4.19.5&#8243; _module_preset=&#8221;default&#8221; global_colors_info=&#8221;{}&#8221;][et_pb_gallery gallery_ids=&#8221;4509,4514&#8243; fullwidth=&#8221;on&#8221; _builder_version=&#8221;4.22.2&#8243; _module_preset=&#8221;default&#8221; title_font_size=&#8221;29px&#8221; background_layout=&#8221;dark&#8221; custom_margin=&#8221;||||false|false&#8221; auto=&#8221;on&#8221; auto_speed=&#8221;4800&#8243; border_radii=&#8221;on|19px|19px|19px|19px&#8221; locked=&#8221;off&#8221; global_colors_info=&#8221;{}&#8221;][\/et_pb_gallery][\/et_pb_column][\/et_pb_row][\/et_pb_section][et_pb_section fb_built=&#8221;1&#8243; _builder_version=&#8221;4.22.2&#8243; _module_preset=&#8221;default&#8221; custom_margin=&#8221;||||false|false&#8221; custom_padding=&#8221;0px||||false|false&#8221; global_colors_info=&#8221;{}&#8221;][et_pb_row _builder_version=&#8221;4.22.2&#8243; _module_preset=&#8221;default&#8221; locked=&#8221;off&#8221; global_colors_info=&#8221;{}&#8221;][et_pb_column type=&#8221;4_4&#8243; _builder_version=&#8221;4.22.2&#8243; _module_preset=&#8221;default&#8221; global_colors_info=&#8221;{}&#8221;][et_pb_divider _builder_version=&#8221;4.22.2&#8243; _module_preset=&#8221;default&#8221; custom_margin=&#8221;10px||-30px||false|false&#8221; custom_padding=&#8221;||0px|||&#8221; global_colors_info=&#8221;{}&#8221;][\/et_pb_divider][\/et_pb_column][\/et_pb_row][et_pb_row _builder_version=&#8221;4.19.5&#8243; _module_preset=&#8221;default&#8221; global_colors_info=&#8221;{}&#8221;][et_pb_column type=&#8221;4_4&#8243; _builder_version=&#8221;4.19.5&#8243; _module_preset=&#8221;default&#8221; global_colors_info=&#8221;{}&#8221;][et_pb_text _builder_version=&#8221;4.22.2&#8243; _module_preset=&#8221;default&#8221; global_colors_info=&#8221;{}&#8221;]<\/p>\n<h2 style=\"text-align: center;\"><strong>PREGUNTES FREQ\u00dcENTS SOBRE EL GAS GLP<\/strong><\/h2>\n<p><\/p>\n<p><strong><\/strong><\/p>\n<p><\/p>\n<p>Tens dubtes? Consulta el nostre apartat de preguntes m\u00e9s habituals dels usuaris o, si ho prefereixes, <strong><a href=\"https:\/\/energirona.com\/ca\/contacte\/\">contacta\u2019ns directament<\/a><\/strong> per obtenir m\u00e9s informaci\u00f3 sobre el gas GLP i els beneficis de comptar amb una instal\u00b7laci\u00f3 d\u2019aquest tipus a casa teva o al teu negoci.<\/p>\n<p><\/p>\n<h3><\/h3>\n<p><\/p>\n<h3><\/h3>\n<p><\/p>\n<h3>T\u2019atendrem encantats!<\/h3>\n<p>[\/et_pb_text][et_pb_accordion open_toggle_text_color=&#8221;#368a82&#8243; closed_toggle_background_color=&#8221;rgba(54,138,130,0.1)&#8221; icon_color=&#8221;#368a82&#8243; _builder_version=&#8221;4.20.2&#8243; _module_preset=&#8221;default&#8221; toggle_text_color=&#8221;#368a82&#8243; toggle_font=&#8221;|700|||||||&#8221; toggle_font_size=&#8221;18px&#8221; body_text_color=&#8221;#000000&#8243; global_colors_info=&#8221;{}&#8221;][et_pb_accordion_item title=&#8221;Qu\u00e8 \u00e9s el gas GLP i com es fa servir?&#8221; open=&#8221;on&#8221; _builder_version=&#8221;4.20.2&#8243; _module_preset=&#8221;default&#8221; global_colors_info=&#8221;{}&#8221;]<\/p>\n<p><span style=\"font-weight: 400;\">El gas GLP (Gas Liquat de Petroli) \u00e9s una barreja de gasos composta principalment per prop\u00e0 i but\u00e0. S&#8217;utilitza com a combustible per a escalfadors d&#8217;aigua, cuines, calefacci\u00f3 i equips industrials. El gas GLP s&#8217;emmagatzema en dip\u00f2sits i es distribueix envasat en ampolles o mitjan\u00e7ant una xarxa de canonades. \u00c9s una font denergia vers\u00e0til i neta, que produeix menys emissions i residus que altres combustibles f\u00f2ssils.<\/span><\/p>\n<p>[\/et_pb_accordion_item][et_pb_accordion_item title=&#8221;Quant costa la instal\u00b7laci\u00f3 de gas GLP?&#8221; _builder_version=&#8221;4.20.2&#8243; _module_preset=&#8221;default&#8221; global_colors_info=&#8221;{}&#8221; open=&#8221;off&#8221;]<\/p>\n<p><span style=\"font-weight: 400;\">El cost de la instal\u00b7laci\u00f3 de gas GLP a Espanya pot variar segons diversos factors, com ara la ubicaci\u00f3 geogr\u00e0fica, la capacitat del dip\u00f2sit, els permisos necessaris i els preus dels materials. En general, els costos poden ser des dels 1.500\u20ac, incloent-hi el preu de l&#8217;equip, els materials, la m\u00e0 d&#8217;obra i els permisos necessaris. Tot i aix\u00f2, tot dependr\u00e0 de la instal\u00b7laci\u00f3. Consulta amb el nostre equip d\u00b4experts per instal\u00b7lar gas GLP a Girona.<\/span><\/p>\n<p>[\/et_pb_accordion_item][et_pb_accordion_item title=&#8221;Com s&apos;emmagatzema el gas GLP a casa meva o empresa?&#8221; _builder_version=&#8221;4.20.2&#8243; _module_preset=&#8221;default&#8221; global_colors_info=&#8221;{}&#8221; open=&#8221;off&#8221;]<\/p>\n<p><span style=\"font-weight: 400;\">El gas GLP s&#8217;emmagatzema en un dip\u00f2sit especial que es troba a l&#8217;exterior de l&#8217;habitatge o l&#8217;empresa. El dip\u00f2sit est\u00e0 dissenyat per suportar la pressi\u00f3 del gas i est\u00e0 connectat a la instal\u00b7laci\u00f3 de gas per mitj\u00e0 d&#8217;una canonada. La ubicaci\u00f3 del dip\u00f2sit ha de complir les regulacions locals i estar allunyada de fonts de calor o inflamables. \u00c9s important mantenir el dip\u00f2sit en bon estat.<\/span><\/p>\n<p>[\/et_pb_accordion_item][\/et_pb_accordion][\/et_pb_column][\/et_pb_row][\/et_pb_section]<\/p>\n","protected":false},"excerpt":{"rendered":"<p>INSTAL\u00b7LACI\u00d3DE GAS GLPTruca&#8217;ns ara al621 14 60 03O b\u00e9 omple el seg\u00fcent formulari\n<div class=\"wpcf7 no-js\" id=\"wpcf7-f2002-o2\" lang=\"ca\" dir=\"ltr\" data-wpcf7-id=\"2002\">\n<div class=\"screen-reader-response\"><p role=\"status\" aria-live=\"polite\" aria-atomic=\"true\"><\/p> <ul><\/ul><\/div>\n<form action=\"\/ca\/wp-json\/wp\/v2\/pages\/1920#wpcf7-f2002-o2\" method=\"post\" class=\"wpcf7-form init\" aria-label=\"Formulari de contacte\" novalidate=\"novalidate\" data-status=\"init\">\n<fieldset class=\"hidden-fields-container\"><input type=\"hidden\" name=\"_wpcf7\" value=\"2002\" \/><input type=\"hidden\" name=\"_wpcf7_version\" value=\"6.1.5\" \/><input type=\"hidden\" name=\"_wpcf7_locale\" value=\"ca\" \/><input type=\"hidden\" name=\"_wpcf7_unit_tag\" value=\"wpcf7-f2002-o2\" \/><input type=\"hidden\" name=\"_wpcf7_container_post\" value=\"0\" \/><input type=\"hidden\" name=\"_wpcf7_posted_data_hash\" value=\"\" \/><input type=\"hidden\" name=\"_wpcf7_recaptcha_response\" value=\"\" \/>\n<\/fieldset>\n<label> El teu nom\r\n    <span class=\"wpcf7-form-control-wrap\" data-name=\"your-name\"><input size=\"40\" maxlength=\"400\" class=\"wpcf7-form-control wpcf7-text wpcf7-validates-as-required\" autocomplete=\"name\" aria-required=\"true\" aria-invalid=\"false\" value=\"\" type=\"text\" name=\"your-name\" \/><\/span>\r\n<\/label>\r\n\r\n<label> N\u00famero de tel\u00e8fon\r\n    <span class=\"wpcf7-form-control-wrap\" data-name=\"tel-num\"><input size=\"40\" maxlength=\"400\" class=\"wpcf7-form-control wpcf7-tel wpcf7-validates-as-required wpcf7-text wpcf7-validates-as-tel\" aria-required=\"true\" aria-invalid=\"false\" value=\"\" type=\"tel\" name=\"tel-num\" \/><\/span>\r\n<\/label>\r\n\r\n<label> Poblaci\u00f3\r\n    <span class=\"wpcf7-form-control-wrap\" data-name=\"pob\"><input size=\"40\" maxlength=\"400\" class=\"wpcf7-form-control wpcf7-text wpcf7-validates-as-required\" aria-required=\"true\" aria-invalid=\"false\" value=\"\" type=\"text\" name=\"pob\" \/><\/span>\r\n<\/label>\r\n\r\n<span class=\"wpcf7-form-control-wrap\" data-name=\"acceptance-432\"><span class=\"wpcf7-form-control wpcf7-acceptance\"><span class=\"wpcf7-list-item\"><label><input type=\"checkbox\" name=\"acceptance-432\" value=\"1\" aria-invalid=\"false\" \/><span class=\"wpcf7-list-item-label\">He llegit i accepto la <a href=\"\/politica-de-privacidad\">pol\u00edtica de privacitat<\/a><\/span><\/label><\/span><\/span><\/span>\r\n<input class=\"wpcf7-form-control wpcf7-hidden\" value=\"\" type=\"hidden\" name=\"utm_source\" \/>\r\n<input class=\"wpcf7-form-control wpcf7-hidden\" value=\"\" type=\"hidden\" name=\"utm_medium\" \/>\r\n<input class=\"wpcf7-form-control wpcf7-hidden\" value=\"\" type=\"hidden\" name=\"utm_campaign\" \/>\r\n<input class=\"wpcf7-form-control wpcf7-hidden\" value=\"\" type=\"hidden\" name=\"gclid\" \/>\r\n<input class=\"wpcf7-form-control wpcf7-hidden\" value=\"\" type=\"hidden\" name=\"utm_id\" \/>\r\n\r\n<input class=\"wpcf7-form-control wpcf7-submit has-spinner\" type=\"submit\" value=\"Contactan&#039;s\" \/><div class=\"wpcf7-response-output\" aria-hidden=\"true\"><\/div>\n<\/form>\n<\/div>\nESTALVIA EN EL TEU CONSUM DE COMBUSTIBLE AMB EL GAS GLPAmb Energirona pots efectuar a casa teva o al teu negoci la instal\u00b7laci\u00f3 de gas GLP, amb pressupost i visita t\u00e8cnica gratu\u00efts perqu\u00e8 puguis con\u00e8ixer de primera m\u00e0 [&hellip;]<\/p>\n","protected":false},"author":1,"featured_media":4515,"parent":0,"menu_order":0,"comment_status":"closed","ping_status":"closed","template":"","meta":{"_acf_changed":false,"_et_pb_use_builder":"on","_et_pb_old_content":"","_et_gb_content_width":"","footnotes":""},"class_list":["post-1920","page","type-page","status-publish","has-post-thumbnail","hentry"],"acf":[],"yoast_head":"<!-- This site is optimized with the Yoast SEO plugin v27.6 - https:\/\/yoast.com\/product\/yoast-seo-wordpress\/ -->\n<title>Instal\u00b7laci\u00f3 de Gas GLP a Girona | Energirona<\/title>\n<meta name=\"description\" content=\"Instal\u00b7laci\u00f3 de Gas GLP a la prov\u00edncia de Girona. Pressupost i visita t\u00e8cnica gratu\u00efts. Rapidesa d&#039;instal\u00b7laci\u00f3.\" \/>\n<meta name=\"robots\" content=\"index, follow, max-snippet:-1, max-image-preview:large, max-video-preview:-1\" \/>\n<link rel=\"canonical\" href=\"https:\/\/energirona.com\/ca\/gas-glp\/\" \/>\n<meta property=\"og:locale\" content=\"ca_ES\" \/>\n<meta property=\"og:type\" content=\"article\" \/>\n<meta property=\"og:title\" content=\"Instal\u00b7laci\u00f3 de Gas GLP a Girona | Energirona\" \/>\n<meta property=\"og:description\" content=\"Instal\u00b7laci\u00f3 de Gas GLP a la prov\u00edncia de Girona. Pressupost i visita t\u00e8cnica gratu\u00efts. Rapidesa d&#039;instal\u00b7laci\u00f3.\" \/>\n<meta property=\"og:url\" content=\"https:\/\/energirona.com\/ca\/gas-glp\/\" \/>\n<meta property=\"og:site_name\" content=\"Energirona\" \/>\n<meta property=\"article:modified_time\" content=\"2025-10-15T09:46:05+00:00\" \/>\n<meta property=\"og:image\" content=\"https:\/\/energirona.com\/wp-content\/uploads\/2024\/08\/galeria-energirona-apartat-diposits-glp-2.jpg\" \/>\n\t<meta property=\"og:image:width\" content=\"900\" \/>\n\t<meta property=\"og:image:height\" content=\"600\" \/>\n\t<meta property=\"og:image:type\" content=\"image\/jpeg\" \/>\n<meta name=\"twitter:card\" content=\"summary_large_image\" \/>\n<meta name=\"twitter:label1\" content=\"Temps estimat de lectura\" \/>\n\t<meta name=\"twitter:data1\" content=\"4 minuts\" \/>\n<!-- \/ Yoast SEO plugin. -->","yoast_head_json":{"title":"Instal\u00b7laci\u00f3 de Gas GLP a Girona | Energirona","description":"Instal\u00b7laci\u00f3 de Gas GLP a la prov\u00edncia de Girona. Pressupost i visita t\u00e8cnica gratu\u00efts. Rapidesa d'instal\u00b7laci\u00f3.","robots":{"index":"index","follow":"follow","max-snippet":"max-snippet:-1","max-image-preview":"max-image-preview:large","max-video-preview":"max-video-preview:-1"},"canonical":"https:\/\/energirona.com\/ca\/gas-glp\/","og_locale":"ca_ES","og_type":"article","og_title":"Instal\u00b7laci\u00f3 de Gas GLP a Girona | Energirona","og_description":"Instal\u00b7laci\u00f3 de Gas GLP a la prov\u00edncia de Girona. Pressupost i visita t\u00e8cnica gratu\u00efts. Rapidesa d'instal\u00b7laci\u00f3.","og_url":"https:\/\/energirona.com\/ca\/gas-glp\/","og_site_name":"Energirona","article_modified_time":"2025-10-15T09:46:05+00:00","og_image":[{"width":900,"height":600,"url":"https:\/\/energirona.com\/wp-content\/uploads\/2024\/08\/galeria-energirona-apartat-diposits-glp-2.jpg","type":"image\/jpeg"}],"twitter_card":"summary_large_image","twitter_misc":{"Temps estimat de lectura":"4 minuts"},"schema":{"@context":"https:\/\/schema.org","@graph":[{"@type":"WebPage","@id":"https:\/\/energirona.com\/ca\/gas-glp\/","url":"https:\/\/energirona.com\/ca\/gas-glp\/","name":"Instal\u00b7laci\u00f3 de Gas GLP a Girona | Energirona","isPartOf":{"@id":"https:\/\/energirona.com\/ca\/#website"},"primaryImageOfPage":{"@id":"https:\/\/energirona.com\/ca\/gas-glp\/#primaryimage"},"image":{"@id":"https:\/\/energirona.com\/ca\/gas-glp\/#primaryimage"},"thumbnailUrl":"https:\/\/energirona.com\/wp-content\/uploads\/2024\/08\/galeria-energirona-apartat-diposits-glp-2.jpg","datePublished":"2023-02-06T11:15:02+00:00","dateModified":"2025-10-15T09:46:05+00:00","description":"Instal\u00b7laci\u00f3 de Gas GLP a la prov\u00edncia de Girona. Pressupost i visita t\u00e8cnica gratu\u00efts. Rapidesa d'instal\u00b7laci\u00f3.","breadcrumb":{"@id":"https:\/\/energirona.com\/ca\/gas-glp\/#breadcrumb"},"inLanguage":"ca","potentialAction":[{"@type":"ReadAction","target":["https:\/\/energirona.com\/ca\/gas-glp\/"]}]},{"@type":"ImageObject","inLanguage":"ca","@id":"https:\/\/energirona.com\/ca\/gas-glp\/#primaryimage","url":"https:\/\/energirona.com\/wp-content\/uploads\/2024\/08\/galeria-energirona-apartat-diposits-glp-2.jpg","contentUrl":"https:\/\/energirona.com\/wp-content\/uploads\/2024\/08\/galeria-energirona-apartat-diposits-glp-2.jpg","width":900,"height":600,"caption":"galeria-energirona-apartat-diposits-glp-2"},{"@type":"BreadcrumbList","@id":"https:\/\/energirona.com\/ca\/gas-glp\/#breadcrumb","itemListElement":[{"@type":"ListItem","position":1,"name":"Portada","item":"https:\/\/energirona.com\/ca\/"},{"@type":"ListItem","position":2,"name":"Gas GLP"}]},{"@type":"WebSite","@id":"https:\/\/energirona.com\/ca\/#website","url":"https:\/\/energirona.com\/ca\/","name":"Energirona","description":"","publisher":{"@id":"https:\/\/energirona.com\/ca\/#organization"},"potentialAction":[{"@type":"SearchAction","target":{"@type":"EntryPoint","urlTemplate":"https:\/\/energirona.com\/ca\/?s={search_term_string}"},"query-input":{"@type":"PropertyValueSpecification","valueRequired":true,"valueName":"search_term_string"}}],"inLanguage":"ca"},{"@type":"Organization","@id":"https:\/\/energirona.com\/ca\/#organization","name":"Energirona","url":"https:\/\/energirona.com\/ca\/","logo":{"@type":"ImageObject","inLanguage":"ca","@id":"https:\/\/energirona.com\/ca\/#\/schema\/logo\/image\/","url":"https:\/\/energirona.com\/wp-content\/uploads\/2023\/02\/logo-energirona.png","contentUrl":"https:\/\/energirona.com\/wp-content\/uploads\/2023\/02\/logo-energirona.png","width":313,"height":57,"caption":"Energirona"},"image":{"@id":"https:\/\/energirona.com\/ca\/#\/schema\/logo\/image\/"}}]}},"_links":{"self":[{"href":"https:\/\/energirona.com\/ca\/wp-json\/wp\/v2\/pages\/1920","targetHints":{"allow":["GET"]}}],"collection":[{"href":"https:\/\/energirona.com\/ca\/wp-json\/wp\/v2\/pages"}],"about":[{"href":"https:\/\/energirona.com\/ca\/wp-json\/wp\/v2\/types\/page"}],"author":[{"embeddable":true,"href":"https:\/\/energirona.com\/ca\/wp-json\/wp\/v2\/users\/1"}],"replies":[{"embeddable":true,"href":"https:\/\/energirona.com\/ca\/wp-json\/wp\/v2\/comments?post=1920"}],"version-history":[{"count":0,"href":"https:\/\/energirona.com\/ca\/wp-json\/wp\/v2\/pages\/1920\/revisions"}],"wp:featuredmedia":[{"embeddable":true,"href":"https:\/\/energirona.com\/ca\/wp-json\/wp\/v2\/media\/4515"}],"wp:attachment":[{"href":"https:\/\/energirona.com\/ca\/wp-json\/wp\/v2\/media?parent=1920"}],"curies":[{"name":"wp","href":"https:\/\/api.w.org\/{rel}","templated":true}]}}