{"id":1872,"date":"2023-03-03T11:02:25","date_gmt":"2023-03-03T10:02:25","guid":{"rendered":"https:\/\/energirona.entornodesarrollo.com\/calderes-saunier-duval\/"},"modified":"2025-05-27T18:24:56","modified_gmt":"2025-05-27T16:24:56","slug":"calderes-saunier-duval","status":"publish","type":"page","link":"https:\/\/energirona.com\/ca\/calderes-saunier-duval\/","title":{"rendered":"Calderes Saunier Duval"},"content":{"rendered":"<p>[et_pb_section fb_built=&#8221;1&#8243; _builder_version=&#8221;4.20.0&#8243; _module_preset=&#8221;default&#8221; background_color=&#8221;#368a82&#8243; custom_padding=&#8221;32px||32px||true|false&#8221; global_colors_info=&#8221;{}&#8221;][et_pb_row column_structure=&#8221;1_2,1_2&#8243; _builder_version=&#8221;4.20.0&#8243; _module_preset=&#8221;default&#8221; custom_padding=&#8221;0px||0px||true|false&#8221; custom_css_main_element=&#8221;display: flex;||align-items: center;&#8221; global_colors_info=&#8221;{}&#8221; custom_css_main_element_last_edited=&#8221;on|tablet&#8221; custom_css_main_element_tablet=&#8221;display: block;&#8221; custom_css_main_element_phone=&#8221;display: block;&#8221;][et_pb_column type=&#8221;1_2&#8243; _builder_version=&#8221;4.20.0&#8243; _module_preset=&#8221;default&#8221; global_colors_info=&#8221;{}&#8221;][et_pb_text _builder_version=&#8221;4.20.0&#8243; _module_preset=&#8221;default&#8221; header_font=&#8221;|700|||||||&#8221; header_text_color=&#8221;#FFFFFF&#8221; global_colors_info=&#8221;{}&#8221;]<\/p>\n<h1>Calderes Saunier Duval<\/h1>\n<p>[\/et_pb_text][\/et_pb_column][et_pb_column type=&#8221;1_2&#8243; _builder_version=&#8221;4.20.0&#8243; _module_preset=&#8221;default&#8221; global_colors_info=&#8221;{}&#8221;][et_pb_image src=&#8221;https:\/\/energirona.com\/wp-content\/uploads\/2023\/03\/energirona-marcas-logo-saunier-duval.jpg&#8221; title_text=&#8221;energirona-marcas-logo-saunier-duval&#8221; align=&#8221;right&#8221; _builder_version=&#8221;4.20.0&#8243; _module_preset=&#8221;default&#8221; width=&#8221;240px&#8221; border_radii=&#8221;on|6px|6px|6px|6px&#8221; global_colors_info=&#8221;{}&#8221;][\/et_pb_image][\/et_pb_column][\/et_pb_row][\/et_pb_section][et_pb_section fb_built=&#8221;1&#8243; _builder_version=&#8221;4.20.0&#8243; _module_preset=&#8221;default&#8221; global_colors_info=&#8221;{}&#8221;][et_pb_row _builder_version=&#8221;4.20.0&#8243; _module_preset=&#8221;default&#8221; global_colors_info=&#8221;{}&#8221;][et_pb_column type=&#8221;4_4&#8243; _builder_version=&#8221;4.20.0&#8243; _module_preset=&#8221;default&#8221; global_colors_info=&#8221;{}&#8221;][et_pb_custblog post_type=&#8221;productos&#8221; include_categories_marcas=&#8221;14&#8243; fullwidth=&#8221;off&#8221; use_manual_excerpt=&#8221;off&#8221; show_author=&#8221;off&#8221; show_date=&#8221;off&#8221; show_categories=&#8221;off&#8221; show_excerpt=&#8221;off&#8221; _builder_version=&#8221;4.20.0&#8243; _module_preset=&#8221;default&#8221; header_font=&#8221;|700|||||||&#8221; child_mix_blend_mode=&#8221;multiply&#8221; border_width_all=&#8221;0px&#8221; global_colors_info=&#8221;{}&#8221;][\/et_pb_custblog][\/et_pb_column][\/et_pb_row][\/et_pb_section]<\/p>\n","protected":false},"excerpt":{"rendered":"<p>Calderes Saunier Duval<\/p>\n","protected":false},"author":1,"featured_media":3389,"parent":0,"menu_order":0,"comment_status":"closed","ping_status":"closed","template":"","meta":{"_acf_changed":false,"_et_pb_use_builder":"on","_et_pb_old_content":"","_et_gb_content_width":"","footnotes":""},"class_list":["post-1872","page","type-page","status-publish","has-post-thumbnail","hentry"],"acf":[],"yoast_head":"<!-- This site is optimized with the Yoast SEO plugin v27.3 - https:\/\/yoast.com\/product\/yoast-seo-wordpress\/ -->\n<title>Instal\u00b7laci\u00f3 Calderes Saunier Duval Girona - Energirona<\/title>\n<meta name=\"description\" content=\"Realitzem instal\u00b7laci\u00f3 de calderes Saunier Duval i altres marques a Girona. Professionals amb anys d&#039;experi\u00e8ncia en sistemes de calefacci\u00f3 a casa teva o empresa.\" \/>\n<meta name=\"robots\" content=\"index, follow, max-snippet:-1, max-image-preview:large, max-video-preview:-1\" \/>\n<link rel=\"canonical\" href=\"https:\/\/energirona.com\/ca\/calderes-saunier-duval\/\" \/>\n<meta property=\"og:locale\" content=\"ca_ES\" \/>\n<meta property=\"og:type\" content=\"article\" \/>\n<meta property=\"og:title\" content=\"Instal\u00b7laci\u00f3 Calderes Saunier Duval Girona - Energirona\" \/>\n<meta property=\"og:description\" content=\"Realitzem instal\u00b7laci\u00f3 de calderes Saunier Duval i altres marques a Girona. Professionals amb anys d&#039;experi\u00e8ncia en sistemes de calefacci\u00f3 a casa teva o empresa.\" \/>\n<meta property=\"og:url\" content=\"https:\/\/energirona.com\/ca\/calderes-saunier-duval\/\" \/>\n<meta property=\"og:site_name\" content=\"Energirona\" \/>\n<meta property=\"article:modified_time\" content=\"2025-05-27T16:24:56+00:00\" \/>\n<meta property=\"og:image\" content=\"https:\/\/energirona.com\/wp-content\/uploads\/2023\/05\/THELIA.png\" \/>\n\t<meta property=\"og:image:width\" content=\"1080\" \/>\n\t<meta property=\"og:image:height\" content=\"1080\" \/>\n\t<meta property=\"og:image:type\" content=\"image\/png\" \/>\n<meta name=\"twitter:card\" content=\"summary_large_image\" \/>\n<meta name=\"twitter:label1\" content=\"Temps estimat de lectura\" \/>\n\t<meta name=\"twitter:data1\" content=\"1 minut\" \/>\n<!-- \/ Yoast SEO plugin. -->","yoast_head_json":{"title":"Instal\u00b7laci\u00f3 Calderes Saunier Duval Girona - Energirona","description":"Realitzem instal\u00b7laci\u00f3 de calderes Saunier Duval i altres marques a Girona. Professionals amb anys d'experi\u00e8ncia en sistemes de calefacci\u00f3 a casa teva o empresa.","robots":{"index":"index","follow":"follow","max-snippet":"max-snippet:-1","max-image-preview":"max-image-preview:large","max-video-preview":"max-video-preview:-1"},"canonical":"https:\/\/energirona.com\/ca\/calderes-saunier-duval\/","og_locale":"ca_ES","og_type":"article","og_title":"Instal\u00b7laci\u00f3 Calderes Saunier Duval Girona - Energirona","og_description":"Realitzem instal\u00b7laci\u00f3 de calderes Saunier Duval i altres marques a Girona. Professionals amb anys d'experi\u00e8ncia en sistemes de calefacci\u00f3 a casa teva o empresa.","og_url":"https:\/\/energirona.com\/ca\/calderes-saunier-duval\/","og_site_name":"Energirona","article_modified_time":"2025-05-27T16:24:56+00:00","og_image":[{"width":1080,"height":1080,"url":"https:\/\/energirona.com\/wp-content\/uploads\/2023\/05\/THELIA.png","type":"image\/png"}],"twitter_card":"summary_large_image","twitter_misc":{"Temps estimat de lectura":"1 minut"},"schema":{"@context":"https:\/\/schema.org","@graph":[{"@type":"WebPage","@id":"https:\/\/energirona.com\/ca\/calderes-saunier-duval\/","url":"https:\/\/energirona.com\/ca\/calderes-saunier-duval\/","name":"Instal\u00b7laci\u00f3 Calderes Saunier Duval Girona - Energirona","isPartOf":{"@id":"https:\/\/energirona.com\/ca\/#website"},"primaryImageOfPage":{"@id":"https:\/\/energirona.com\/ca\/calderes-saunier-duval\/#primaryimage"},"image":{"@id":"https:\/\/energirona.com\/ca\/calderes-saunier-duval\/#primaryimage"},"thumbnailUrl":"https:\/\/energirona.com\/wp-content\/uploads\/2023\/05\/THELIA.png","datePublished":"2023-03-03T10:02:25+00:00","dateModified":"2025-05-27T16:24:56+00:00","description":"Realitzem instal\u00b7laci\u00f3 de calderes Saunier Duval i altres marques a Girona. Professionals amb anys d'experi\u00e8ncia en sistemes de calefacci\u00f3 a casa teva o empresa.","breadcrumb":{"@id":"https:\/\/energirona.com\/ca\/calderes-saunier-duval\/#breadcrumb"},"inLanguage":"ca","potentialAction":[{"@type":"ReadAction","target":["https:\/\/energirona.com\/ca\/calderes-saunier-duval\/"]}]},{"@type":"ImageObject","inLanguage":"ca","@id":"https:\/\/energirona.com\/ca\/calderes-saunier-duval\/#primaryimage","url":"https:\/\/energirona.com\/wp-content\/uploads\/2023\/05\/THELIA.png","contentUrl":"https:\/\/energirona.com\/wp-content\/uploads\/2023\/05\/THELIA.png","width":1080,"height":1080,"caption":"THELIA"},{"@type":"BreadcrumbList","@id":"https:\/\/energirona.com\/ca\/calderes-saunier-duval\/#breadcrumb","itemListElement":[{"@type":"ListItem","position":1,"name":"Portada","item":"https:\/\/energirona.com\/ca\/inici\/"},{"@type":"ListItem","position":2,"name":"Calderes Saunier Duval"}]},{"@type":"WebSite","@id":"https:\/\/energirona.com\/ca\/#website","url":"https:\/\/energirona.com\/ca\/","name":"Energirona","description":"","publisher":{"@id":"https:\/\/energirona.com\/ca\/#organization"},"potentialAction":[{"@type":"SearchAction","target":{"@type":"EntryPoint","urlTemplate":"https:\/\/energirona.com\/ca\/?s={search_term_string}"},"query-input":{"@type":"PropertyValueSpecification","valueRequired":true,"valueName":"search_term_string"}}],"inLanguage":"ca"},{"@type":"Organization","@id":"https:\/\/energirona.com\/ca\/#organization","name":"Energirona","url":"https:\/\/energirona.com\/ca\/","logo":{"@type":"ImageObject","inLanguage":"ca","@id":"https:\/\/energirona.com\/ca\/#\/schema\/logo\/image\/","url":"https:\/\/energirona.com\/wp-content\/uploads\/2023\/02\/logo-energirona.png","contentUrl":"https:\/\/energirona.com\/wp-content\/uploads\/2023\/02\/logo-energirona.png","width":313,"height":57,"caption":"Energirona"},"image":{"@id":"https:\/\/energirona.com\/ca\/#\/schema\/logo\/image\/"}}]}},"_links":{"self":[{"href":"https:\/\/energirona.com\/ca\/wp-json\/wp\/v2\/pages\/1872","targetHints":{"allow":["GET"]}}],"collection":[{"href":"https:\/\/energirona.com\/ca\/wp-json\/wp\/v2\/pages"}],"about":[{"href":"https:\/\/energirona.com\/ca\/wp-json\/wp\/v2\/types\/page"}],"author":[{"embeddable":true,"href":"https:\/\/energirona.com\/ca\/wp-json\/wp\/v2\/users\/1"}],"replies":[{"embeddable":true,"href":"https:\/\/energirona.com\/ca\/wp-json\/wp\/v2\/comments?post=1872"}],"version-history":[{"count":3,"href":"https:\/\/energirona.com\/ca\/wp-json\/wp\/v2\/pages\/1872\/revisions"}],"predecessor-version":[{"id":5154,"href":"https:\/\/energirona.com\/ca\/wp-json\/wp\/v2\/pages\/1872\/revisions\/5154"}],"wp:featuredmedia":[{"embeddable":true,"href":"https:\/\/energirona.com\/ca\/wp-json\/wp\/v2\/media\/3389"}],"wp:attachment":[{"href":"https:\/\/energirona.com\/ca\/wp-json\/wp\/v2\/media?parent=1872"}],"curies":[{"name":"wp","href":"https:\/\/api.w.org\/{rel}","templated":true}]}}