{"id":1818,"date":"2023-03-03T11:10:01","date_gmt":"2023-03-03T10:10:01","guid":{"rendered":"https:\/\/energirona.entornodesarrollo.com\/aire-condicionat-daikin\/"},"modified":"2024-08-29T20:25:30","modified_gmt":"2024-08-29T18:25:30","slug":"aire-condicionat-daikin","status":"publish","type":"page","link":"https:\/\/energirona.com\/ca\/aire-condicionat-daikin\/","title":{"rendered":"Aire Condicionat Daikin"},"content":{"rendered":"<p>[et_pb_section fb_built=&#8221;1&#8243; _builder_version=&#8221;4.20.0&#8243; _module_preset=&#8221;default&#8221; background_color=&#8221;#368a82&#8243; custom_padding=&#8221;32px||32px||true|false&#8221; global_colors_info=&#8221;{}&#8221;][et_pb_row column_structure=&#8221;1_2,1_2&#8243; _builder_version=&#8221;4.20.0&#8243; _module_preset=&#8221;default&#8221; custom_padding=&#8221;0px||0px||true|false&#8221; custom_css_main_element=&#8221;display: flex;||align-items: center;&#8221; global_colors_info=&#8221;{}&#8221; custom_css_main_element_last_edited=&#8221;on|tablet&#8221; custom_css_main_element_tablet=&#8221;display: block;&#8221; custom_css_main_element_phone=&#8221;display: block;&#8221;][et_pb_column type=&#8221;1_2&#8243; _builder_version=&#8221;4.20.0&#8243; _module_preset=&#8221;default&#8221; global_colors_info=&#8221;{}&#8221;][et_pb_text _builder_version=&#8221;4.20.2&#8243; _module_preset=&#8221;default&#8221; header_font=&#8221;|700|||||||&#8221; header_text_color=&#8221;#FFFFFF&#8221; global_colors_info=&#8221;{}&#8221;]<\/p>\n<h1>Aire Condicionat Daikin<\/h1>\n<p>En Energirona realitzem<a href=\"https:\/\/energirona.com\/ca\/aire-condicionat\/\"> instal\u00b7laci\u00f3 d&#8217;aires condicionats<\/a> marca Daikin a Girona. Pots contactar amb nosaltres per a m\u00e9s informaci\u00f3 sobre el nostre servei.<\/p>\n<h2>Aires Daikin<\/h2>\n<p>Daikin \u00e9s una marca especialista en productes de calefacci\u00f3 i aires condicionats basats en una metodologia de bomba de calor. Aquesta consisteix en un <strong>sistema de transmissi\u00f3 t\u00e8rmica<\/strong> que trasllada la calor d&#8217;un punt a un altre.<\/p>\n<p>Contacta amb nosaltres per a m\u00e9s informaci\u00f3 sobre la instal\u00b7laci\u00f3 d&#8217;aires condicionats Daikin a Girona.<\/p>\n<p>[\/et_pb_text][\/et_pb_column][et_pb_column type=&#8221;1_2&#8243; _builder_version=&#8221;4.20.0&#8243; _module_preset=&#8221;default&#8221; global_colors_info=&#8221;{}&#8221;][et_pb_image src=&#8221;https:\/\/energirona.com\/wp-content\/uploads\/2023\/03\/energirona-marcas-logo-daikin.jpg&#8221; title_text=&#8221;energirona-marcas-logo-daikin&#8221; align=&#8221;right&#8221; _builder_version=&#8221;4.20.0&#8243; _module_preset=&#8221;default&#8221; width=&#8221;240px&#8221; border_radii=&#8221;on|6px|6px|6px|6px&#8221; global_colors_info=&#8221;{}&#8221;][\/et_pb_image][\/et_pb_column][\/et_pb_row][et_pb_row _builder_version=&#8221;4.20.2&#8243; _module_preset=&#8221;default&#8221; global_colors_info=&#8221;{}&#8221;][et_pb_column type=&#8221;4_4&#8243; _builder_version=&#8221;4.20.2&#8243; _module_preset=&#8221;default&#8221; global_colors_info=&#8221;{}&#8221;][\/et_pb_column][\/et_pb_row][\/et_pb_section][et_pb_section fb_built=&#8221;1&#8243; _builder_version=&#8221;4.20.0&#8243; _module_preset=&#8221;default&#8221; global_colors_info=&#8221;{}&#8221;][et_pb_row _builder_version=&#8221;4.20.0&#8243; _module_preset=&#8221;default&#8221; global_colors_info=&#8221;{}&#8221;][et_pb_column type=&#8221;4_4&#8243; _builder_version=&#8221;4.20.0&#8243; _module_preset=&#8221;default&#8221; global_colors_info=&#8221;{}&#8221;][et_pb_text _builder_version=&#8221;4.20.2&#8243; _module_preset=&#8221;default&#8221; global_colors_info=&#8221;{}&#8221;]<\/p>\n<p>Daikin \u00e9s una reconeguda marca global al sector dels aires condicionats i sistemes de climatitzaci\u00f3.<\/p>\n<p>La marca es destaca pel comprom\u00eds amb la qualitat, el rendiment i l&#8217;efici\u00e8ncia energ\u00e8tica. Aix\u00ed, els aires condicionats Daikin estan dissenyats per oferir un refredament r\u00e0pid i efectiu, cosa que garanteix un confort \u00f2ptim en qualsevol entorn: des d&#8217;aires condicionats residencials fins a sistemes comercials i industrials de gran escala.<\/p>\n<p>Una de les caracter\u00edstiques distintives de Daikin \u00e9s el seu enfocament a la tecnologia inverter. La tecnologia inverter de Daikin permet un control prec\u00eds de la temperatura i el flux d&#8217;aire, cosa que resulta en un estalvi d&#8217;energia m\u00e9s gran i un funcionament m\u00e9s silenci\u00f3s en comparaci\u00f3 amb els sistemes convencionals. Aix\u00f2 no nom\u00e9s redueix els costos energ\u00e8tics, sin\u00f3 que tamb\u00e9 contribueix a la protecci\u00f3 del medi ambient en minimitzar les emissions de carboni.<\/p>\n<p>A Energirona <a href=\"https:\/\/energirona.com\/ca\/aire-condicionat\/\">instal\u00b7lem aires condicionats Daikin a Girona <\/a> de la m\u00e0 de professionals. Explora la nostra secci\u00f3 ara i troba el sistema perfecte per a casa teva o negoci.<\/p>\n<p>[\/et_pb_text][et_pb_custblog post_type=&#8221;productos&#8221; include_categories_marcas=&#8221;125&#8243; fullwidth=&#8221;off&#8221; use_manual_excerpt=&#8221;off&#8221; show_author=&#8221;off&#8221; show_date=&#8221;off&#8221; show_categories=&#8221;off&#8221; show_excerpt=&#8221;off&#8221; _builder_version=&#8221;4.20.2&#8243; _module_preset=&#8221;default&#8221; header_level=&#8221;h3&#8243; header_font=&#8221;|700|||||||&#8221; child_mix_blend_mode=&#8221;multiply&#8221; border_width_all=&#8221;0px&#8221; global_colors_info=&#8221;{}&#8221;][\/et_pb_custblog][\/et_pb_column][\/et_pb_row][\/et_pb_section]<\/p>\n","protected":false},"excerpt":{"rendered":"<p>Aire Condicionat Daikin En Energirona realitzem instal\u00b7laci\u00f3 d&#8217;aires condicionats marca Daikin a Girona. Pots contactar amb nosaltres per a m\u00e9s informaci\u00f3 sobre el nostre servei. Aires Daikin Daikin \u00e9s una marca especialista en productes de calefacci\u00f3 i aires condicionats basats en una metodologia de bomba de calor. Aquesta consisteix en un sistema de transmissi\u00f3 t\u00e8rmica [&hellip;]<\/p>\n","protected":false},"author":1,"featured_media":3321,"parent":0,"menu_order":0,"comment_status":"closed","ping_status":"closed","template":"","meta":{"_acf_changed":false,"_et_pb_use_builder":"on","_et_pb_old_content":"","_et_gb_content_width":"","footnotes":""},"class_list":["post-1818","page","type-page","status-publish","has-post-thumbnail","hentry"],"acf":[],"yoast_head":"<!-- This site is optimized with the Yoast SEO plugin v27.4 - https:\/\/yoast.com\/product\/yoast-seo-wordpress\/ -->\n<title>Daikin | Instal\u00b7laci\u00f3 Aires condicionats Girona - Energirona<\/title>\n<meta name=\"description\" content=\"Si est\u00e0 interessat a realitzar una instal\u00b7laci\u00f3 d&#039;aire condicionat, en Energirona comptem amb les millors marques com Daikin.\" \/>\n<meta name=\"robots\" content=\"index, follow, max-snippet:-1, max-image-preview:large, max-video-preview:-1\" \/>\n<link rel=\"canonical\" href=\"https:\/\/energirona.com\/ca\/aire-condicionat-daikin\/\" \/>\n<meta property=\"og:locale\" content=\"ca_ES\" \/>\n<meta property=\"og:type\" content=\"article\" \/>\n<meta property=\"og:title\" content=\"Daikin | Instal\u00b7laci\u00f3 Aires condicionats Girona | Energirona\" \/>\n<meta property=\"og:description\" content=\"Si est\u00e0 interessat a realitzar una instal\u00b7laci\u00f3 d&#039;aire condicionat, en Energirona comptem amb les millors marques com Daikin.\" \/>\n<meta property=\"og:url\" content=\"https:\/\/energirona.com\/ca\/aire-condicionat-daikin\/\" \/>\n<meta property=\"og:site_name\" content=\"Energirona\" \/>\n<meta property=\"article:modified_time\" content=\"2024-08-29T18:25:30+00:00\" \/>\n<meta property=\"og:image\" content=\"https:\/\/energirona.com\/wp-content\/uploads\/2023\/05\/DAIKIN-2-300x300.png\" \/>\n<meta name=\"twitter:card\" content=\"summary_large_image\" \/>\n<meta name=\"twitter:label1\" content=\"Temps estimat de lectura\" \/>\n\t<meta name=\"twitter:data1\" content=\"2 minuts\" \/>\n<!-- \/ Yoast SEO plugin. -->","yoast_head_json":{"title":"Daikin | Instal\u00b7laci\u00f3 Aires condicionats Girona - Energirona","description":"Si est\u00e0 interessat a realitzar una instal\u00b7laci\u00f3 d'aire condicionat, en Energirona comptem amb les millors marques com Daikin.","robots":{"index":"index","follow":"follow","max-snippet":"max-snippet:-1","max-image-preview":"max-image-preview:large","max-video-preview":"max-video-preview:-1"},"canonical":"https:\/\/energirona.com\/ca\/aire-condicionat-daikin\/","og_locale":"ca_ES","og_type":"article","og_title":"Daikin | Instal\u00b7laci\u00f3 Aires condicionats Girona | Energirona","og_description":"Si est\u00e0 interessat a realitzar una instal\u00b7laci\u00f3 d'aire condicionat, en Energirona comptem amb les millors marques com Daikin.","og_url":"https:\/\/energirona.com\/ca\/aire-condicionat-daikin\/","og_site_name":"Energirona","article_modified_time":"2024-08-29T18:25:30+00:00","og_image":[{"url":"https:\/\/energirona.com\/wp-content\/uploads\/2023\/05\/DAIKIN-2-300x300.png","type":"","width":"","height":""}],"twitter_card":"summary_large_image","twitter_misc":{"Temps estimat de lectura":"2 minuts"},"schema":{"@context":"https:\/\/schema.org","@graph":[{"@type":"WebPage","@id":"https:\/\/energirona.com\/ca\/aire-condicionat-daikin\/","url":"https:\/\/energirona.com\/ca\/aire-condicionat-daikin\/","name":"Daikin | Instal\u00b7laci\u00f3 Aires condicionats Girona - Energirona","isPartOf":{"@id":"https:\/\/energirona.com\/ca\/#website"},"primaryImageOfPage":{"@id":"https:\/\/energirona.com\/ca\/aire-condicionat-daikin\/#primaryimage"},"image":{"@id":"https:\/\/energirona.com\/ca\/aire-condicionat-daikin\/#primaryimage"},"thumbnailUrl":"https:\/\/energirona.com\/wp-content\/uploads\/2023\/05\/DAIKIN-2.png","datePublished":"2023-03-03T10:10:01+00:00","dateModified":"2024-08-29T18:25:30+00:00","description":"Si est\u00e0 interessat a realitzar una instal\u00b7laci\u00f3 d'aire condicionat, en Energirona comptem amb les millors marques com Daikin.","breadcrumb":{"@id":"https:\/\/energirona.com\/ca\/aire-condicionat-daikin\/#breadcrumb"},"inLanguage":"ca","potentialAction":[{"@type":"ReadAction","target":["https:\/\/energirona.com\/ca\/aire-condicionat-daikin\/"]}]},{"@type":"ImageObject","inLanguage":"ca","@id":"https:\/\/energirona.com\/ca\/aire-condicionat-daikin\/#primaryimage","url":"https:\/\/energirona.com\/wp-content\/uploads\/2023\/05\/DAIKIN-2.png","contentUrl":"https:\/\/energirona.com\/wp-content\/uploads\/2023\/05\/DAIKIN-2.png","width":1080,"height":1080,"caption":"aire-condicionat-DAIKIN"},{"@type":"BreadcrumbList","@id":"https:\/\/energirona.com\/ca\/aire-condicionat-daikin\/#breadcrumb","itemListElement":[{"@type":"ListItem","position":1,"name":"Portada","item":"https:\/\/energirona.com\/ca\/inici\/"},{"@type":"ListItem","position":2,"name":"Aire Condicionat Daikin"}]},{"@type":"WebSite","@id":"https:\/\/energirona.com\/ca\/#website","url":"https:\/\/energirona.com\/ca\/","name":"Energirona","description":"","publisher":{"@id":"https:\/\/energirona.com\/ca\/#organization"},"potentialAction":[{"@type":"SearchAction","target":{"@type":"EntryPoint","urlTemplate":"https:\/\/energirona.com\/ca\/?s={search_term_string}"},"query-input":{"@type":"PropertyValueSpecification","valueRequired":true,"valueName":"search_term_string"}}],"inLanguage":"ca"},{"@type":"Organization","@id":"https:\/\/energirona.com\/ca\/#organization","name":"Energirona","url":"https:\/\/energirona.com\/ca\/","logo":{"@type":"ImageObject","inLanguage":"ca","@id":"https:\/\/energirona.com\/ca\/#\/schema\/logo\/image\/","url":"https:\/\/energirona.com\/wp-content\/uploads\/2023\/02\/logo-energirona.png","contentUrl":"https:\/\/energirona.com\/wp-content\/uploads\/2023\/02\/logo-energirona.png","width":313,"height":57,"caption":"Energirona"},"image":{"@id":"https:\/\/energirona.com\/ca\/#\/schema\/logo\/image\/"}}]}},"_links":{"self":[{"href":"https:\/\/energirona.com\/ca\/wp-json\/wp\/v2\/pages\/1818","targetHints":{"allow":["GET"]}}],"collection":[{"href":"https:\/\/energirona.com\/ca\/wp-json\/wp\/v2\/pages"}],"about":[{"href":"https:\/\/energirona.com\/ca\/wp-json\/wp\/v2\/types\/page"}],"author":[{"embeddable":true,"href":"https:\/\/energirona.com\/ca\/wp-json\/wp\/v2\/users\/1"}],"replies":[{"embeddable":true,"href":"https:\/\/energirona.com\/ca\/wp-json\/wp\/v2\/comments?post=1818"}],"version-history":[{"count":9,"href":"https:\/\/energirona.com\/ca\/wp-json\/wp\/v2\/pages\/1818\/revisions"}],"predecessor-version":[{"id":3853,"href":"https:\/\/energirona.com\/ca\/wp-json\/wp\/v2\/pages\/1818\/revisions\/3853"}],"wp:featuredmedia":[{"embeddable":true,"href":"https:\/\/energirona.com\/ca\/wp-json\/wp\/v2\/media\/3321"}],"wp:attachment":[{"href":"https:\/\/energirona.com\/ca\/wp-json\/wp\/v2\/media?parent=1818"}],"curies":[{"name":"wp","href":"https:\/\/api.w.org\/{rel}","templated":true}]}}